{"id":64329,"date":"2020-11-23T10:55:54","date_gmt":"2020-11-23T09:55:54","guid":{"rendered":"https:\/\/www.achseverlag.com\/?page_id=64329"},"modified":"2025-10-01T14:20:53","modified_gmt":"2025-10-01T12:20:53","slug":"achseverlag","status":"publish","type":"page","link":"https:\/\/www.achseverlag.com\/en\/achseverlag\/","title":{"rendered":"achse verlag"},"content":{"rendered":"<p class=\"qtranxs-available-languages-message qtranxs-available-languages-message-en\">Sorry, this entry is only available in <a href=\"https:\/\/www.achseverlag.com\/de\/wp-json\/wp\/v2\/pages\/64329\" class=\"qtranxs-available-language-link qtranxs-available-language-link-de\" title=\"Deutsch\">Deutsch<\/a>.<\/p><p><\/p>\n<div id=\"block-yui_3_17_2_1_1529389367310_4230\" class=\"sqs-block image-block sqs-block-image sqs-text-ready\" data-block-type=\"5\">\n<div id=\"yui_3_17_2_1_1606125333018_85\" class=\"sqs-block-content\">\n<div id=\"yui_3_17_2_1_1606125333018_84\" class=\" image-block-outer-wrapper layout-caption-below design-layout-inline combination-animation-none individual-animation-none individual-text-animation-none \" data-test=\"image-block-inline-outer-wrapper\">\n<figure id=\"yui_3_17_2_1_1606125333018_83\" class=\" sqs-block-image-figure intrinsic \">\n<div id=\"yui_3_17_2_1_1606125333018_82\" class=\" image-block-wrapper has-aspect-ratio \" data-animation-role=\"image\">\n<div class=\"elementor-element elementor-element-f6b29f8 elementor-repeater-item-none elementor-repeater-item-none_hover elementor-widget elementor-widget-dyncontel-content\" data-id=\"f6b29f8\" data-element_type=\"widget\" data-widget_type=\"dyncontel-content.default\">\n<div class=\"elementor-widget-container\">\n<div class=\"dce-content \">\n<div class=\"dce-content-wrapper\">\n<p>Der ACHSE Verlag ist ein Indie-Kinderbuchverlag in Wien und spezialisiert sich auf innovative Bilderb\u00fccher. Das Programm setzt auf vielf\u00e4ltige Botschaften und kreative Illustrationen, auch \u00dcbersetzungen werden verlegt. Im kleinen Team und mit viel Herzblut und Engagement realisiert der ACHSE Verlag sch\u00f6ne Bilderb\u00fccher f\u00fcr alle.<\/p>\n<\/div>\n<\/div>\n<\/div>\n<\/div>\n<\/div>\n<\/figure>\n<\/div>\n<\/div>\n<\/div>\n<div id=\"block-4a1deb02b1fb261416d3\" class=\"sqs-block html-block sqs-block-html\" data-block-type=\"2\">\n<div class=\"sqs-block-content\">\n<div class=\"page\" title=\"Page 2\">\n<div class=\"layoutArea\">\n<div class=\"column\">\n<div class=\"page\" title=\"Page 4\">\n<div class=\"layoutArea\">\n<p>ACHSE Verlag sind Teresa Mossbauer, Franziska L\u00f6ffler und Le\u00f3n Schellhaas.<\/p>\n<\/div>\n<div class=\"page\" title=\"Page 3\">\n<div class=\"layoutArea\">\n<div class=\"column\">\n<p>ACHSE Verlag wird im Rahmen der Kunstf\u00f6rderung des Bundesministeriums f\u00fcr Wohnen, Kunst, Kultur, Medien und Sport unterst\u00fctzt.<\/p>\n<\/div>\n<\/div>\n<\/div>\n<p>&nbsp;<\/p>\n<\/div>\n<\/div>\n<\/div>\n<\/div>\n<\/div>\n<\/div>\n<p>ACHSE Verlag ist Teil der \u00f6sterreichischen <a href=\"https:\/\/buecher.at\/mitglieder-arge-kinderbuch\/\"><strong>ARGE Kinder- und Jugendbuchverlage<\/strong><\/a>.<\/p>\n<div id=\"block-4a1deb02b1fb261416d3\" class=\"sqs-block html-block sqs-block-html\" data-block-type=\"2\">\n<div class=\"sqs-block-content\">\n<div class=\"page\" title=\"Page 2\">\n<div class=\"layoutArea\">\n<div class=\"column\">\n<div class=\"page\" title=\"Page 4\">\n<p>ACHSE Verlag wurde 2017 von Aram Haus, Hermann Herunter und Philip M\u00fcller gegr\u00fcndet.<\/p>\n<\/div>\n<\/div>\n<\/div>\n<\/div>\n<\/div>\n<\/div>\n<p><\/p>","protected":false},"excerpt":{"rendered":"<p>Sorry, this entry is only available in Deutsch. Der ACHSE Verlag ist ein Indie-Kinderbuchverlag in Wien und spezialisiert sich auf innovative Bilderb\u00fccher. Das Programm setzt auf vielf\u00e4ltige Botschaften und kreative Illustrationen, auch \u00dcbersetzungen werden verlegt. Im kleinen Team und mit viel Herzblut und Engagement realisiert der ACHSE Verlag sch\u00f6ne Bilderb\u00fccher f\u00fcr alle. ACHSE Verlag sind [&hellip;]<\/p>\n","protected":false},"author":3,"featured_media":0,"parent":0,"menu_order":11,"comment_status":"closed","ping_status":"closed","template":"","meta":{"_acf_changed":false,"footnotes":""},"class_list":["post-64329","page","type-page","status-publish","hentry"],"acf":[],"_links":{"self":[{"href":"https:\/\/www.achseverlag.com\/en\/wp-json\/wp\/v2\/pages\/64329","targetHints":{"allow":["GET"]}}],"collection":[{"href":"https:\/\/www.achseverlag.com\/en\/wp-json\/wp\/v2\/pages"}],"about":[{"href":"https:\/\/www.achseverlag.com\/en\/wp-json\/wp\/v2\/types\/page"}],"author":[{"embeddable":true,"href":"https:\/\/www.achseverlag.com\/en\/wp-json\/wp\/v2\/users\/3"}],"replies":[{"embeddable":true,"href":"https:\/\/www.achseverlag.com\/en\/wp-json\/wp\/v2\/comments?post=64329"}],"version-history":[{"count":15,"href":"https:\/\/www.achseverlag.com\/en\/wp-json\/wp\/v2\/pages\/64329\/revisions"}],"predecessor-version":[{"id":68210,"href":"https:\/\/www.achseverlag.com\/en\/wp-json\/wp\/v2\/pages\/64329\/revisions\/68210"}],"wp:attachment":[{"href":"https:\/\/www.achseverlag.com\/en\/wp-json\/wp\/v2\/media?parent=64329"}],"curies":[{"name":"wp","href":"https:\/\/api.w.org\/{rel}","templated":true}]}}