{"id":65118,"date":"2021-03-23T10:15:08","date_gmt":"2021-03-23T09:15:08","guid":{"rendered":"https:\/\/www.achseverlag.com\/?page_id=65118"},"modified":"2026-02-23T14:37:11","modified_gmt":"2026-02-23T13:37:11","slug":"handel","status":"publish","type":"page","link":"https:\/\/www.achseverlag.com\/en\/handel\/","title":{"rendered":"bookstores"},"content":{"rendered":"<p class=\"qtranxs-available-languages-message qtranxs-available-languages-message-en\">Sorry, this entry is only available in <a href=\"https:\/\/www.achseverlag.com\/de\/wp-json\/wp\/v2\/pages\/65118\" class=\"qtranxs-available-language-link qtranxs-available-language-link-de\" title=\"Deutsch\">Deutsch<\/a>.<\/p><p>&nbsp;<\/p>\n<p>Liebe Buchh\u00e4ndlerinnen und Buchh\u00e4ndler,<\/p>\n<p>B\u00fccher von ACHSE Verlag kann der \u00f6sterreichische Buchhandel \u00fcber die Auslieferung <strong>Mohr Morawa<\/strong> beziehen.<\/p>\n<p>In Deutschland wenden Sie sich bitte an <strong>Prolit<\/strong>, in der Schweiz an das <strong>BZ BuchZentrum.<\/strong><\/p>\n<p>Unten stehend finden Sie unsere aktuelle Vorschau, unsere Vertreter:innen und Vertriebskontakte.<\/p>\n<p>&nbsp;<\/p>\n<h3><a href=\"https:\/\/www.book2look.com\/book\/dOwi7bTdgq\">Hier klicken f\u00fcr die Vorschau Fr\u00fchjahr 2026<\/a>!<\/h3>\n<p>&nbsp;<\/p>\n<h3>Auslieferung \u00d6sterreich<\/h3>\n<p><strong>Mohr Morawa Buchvertrieb GmbH<\/strong><br \/>\nSulzengasse 2<br \/>\n1230 Wien, \u00d6sterreich<br \/>\nT: +43 1 680 14 0<br \/>\nE: bestellung@mohrmorawa.at<\/p>\n<div class=\"page\" title=\"Page 6\">\n<div class=\"layoutArea\">\n<div class=\"column\">\n<p><strong>Vertretung \u00d6sterreich<\/strong><\/p>\n<div class=\"page\" title=\"Page 11\">\n<div class=\"section\">\n<div class=\"layoutArea\">\n<div class=\"column\">\n<p><em>W, NO\u0308, OO\u0308, BGLD, Su\u0308dtirol<\/em><\/p>\n<p><em><strong>Alfred Trux<\/strong><\/em><br \/>\nT: +43 699 11 65 20 89<br \/>\nE: trux@kabeltvgmunden.at<\/p>\n<p><em>STMK, SBG, KTN, T, VBG<\/em><\/p>\n<p><em><strong>Christian Hirtzy<\/strong><\/em><br \/>\nT: +43 664 424 59 05<br \/>\nE: christian.hirtzy@aon.at<\/p>\n<\/div>\n<\/div>\n<\/div>\n<\/div>\n<\/div>\n<\/div>\n<\/div>\n<p>&nbsp;<\/p>\n<div class=\"page\" title=\"Page 6\">\n<div class=\"layoutArea\">\n<div class=\"column\">\n<h3>Auslieferung Deutschland<\/h3>\n<div><strong>Prolit Verlagsauslieferungs GmbH<\/strong><\/div>\n<div>Siemensstra\u00dfe 16<\/div>\n<div>DE-34564 Fernwald-Annerod<\/div>\n<div><em>Jeanette Kloft<\/em><\/div>\n<div>T: +49 641 94393 208<\/div>\n<div>E: j.kloft@prolit.de<\/div>\n<div><\/div>\n<p><strong>Vertretung Deutschland<\/strong><\/p>\n<div><em>Berlin, Brandenburg, Bremen, Hamburg, Mecklenburg-Vorpommern, Niedersachsen, Nordrhein-Westfalen, Schleswig-Holstein, Sachsen, Sachsen-Anhalt, Th\u00fcringen<\/em><\/div>\n<\/div>\n<div>\n<div><strong><em>David Schick | Vertrieb f\u00fcr Zwei<\/em><\/strong><\/div>\n<div>T: +49 173 5220328<\/div>\n<div>E: david.schick@vertriebfuerzwei.de<\/div>\n<div><\/div>\n<\/div>\n<div class=\"column\">\n<div><em>Baden-W\u00fcrttemberg, Bayern, Hessen, Rheinland-Pfalz, Saarland<\/em><\/div>\n<div><strong><em>Simon Lissner | Vertrieb f\u00fcr Zwei<\/em><\/strong><\/div>\n<div>T: +49 160 7768236<\/div>\n<div>E: simon.lissner@vertriebfuerzwei.de<\/div>\n<p style=\"font-weight: 400;\">Web: www.vertriebfuerzwei.de<\/p>\n<\/div>\n<div class=\"column\">\n<p>&nbsp;<\/p>\n<\/div>\n<h3>Auslieferung Schweiz<\/h3>\n<div><strong>Buchzentrum AG (BZ)<\/strong><\/div>\n<div>Industriestr. Ost 10<\/div>\n<div>CH-4614 H\u00e4gendorf<\/div>\n<div>T: +41 62 209 26 26<\/div>\n<div>E: kundendienst@buchzentrum.ch<\/div>\n<\/div>\n<p><strong>Vertretung Schweiz<\/strong><\/p>\n<div><em><strong>Scheidegger &amp; Co. AG<\/strong><\/em><\/div>\n<div>Franklinstrasse 23<\/div>\n<div>\n<p>CH-8050 Z\u00fcrich<\/p>\n<\/div>\n<div><strong><em>Sarah Bislin<\/em><\/strong><\/div>\n<div>T: +41 44 762 42 40<\/div>\n<div>E: s.bislin@scheidegger-buecher.ch<\/div>\n<div><\/div>\n<div><em><strong>Stephanie Brunner<\/strong><\/em><\/div>\n<div>T: +41 44 762 42 47<\/div>\n<div>E: s.brunner@scheidegger-buecher.ch<\/div>\n<div><\/div>\n<div><em><strong>Angela Kindlimann<\/strong><\/em><\/div>\n<div>T: +41 44 762 42 46<\/div>\n<div>E: a.kindlimann@scheidegger-buecher.ch<\/div>\n<\/div>\n<p><\/p>","protected":false},"excerpt":{"rendered":"<p>Sorry, this entry is only available in Deutsch.&nbsp; Liebe Buchh\u00e4ndlerinnen und Buchh\u00e4ndler, B\u00fccher von ACHSE Verlag kann der \u00f6sterreichische Buchhandel \u00fcber die Auslieferung Mohr Morawa beziehen. In Deutschland wenden Sie sich bitte an Prolit, in der Schweiz an das BZ BuchZentrum. Unten stehend finden Sie unsere aktuelle Vorschau, unsere Vertreter:innen und Vertriebskontakte. &nbsp; Hier klicken [&hellip;]<\/p>\n","protected":false},"author":115,"featured_media":0,"parent":0,"menu_order":6,"comment_status":"closed","ping_status":"closed","template":"","meta":{"_acf_changed":false,"footnotes":""},"class_list":["post-65118","page","type-page","status-publish","hentry"],"acf":[],"_links":{"self":[{"href":"https:\/\/www.achseverlag.com\/en\/wp-json\/wp\/v2\/pages\/65118","targetHints":{"allow":["GET"]}}],"collection":[{"href":"https:\/\/www.achseverlag.com\/en\/wp-json\/wp\/v2\/pages"}],"about":[{"href":"https:\/\/www.achseverlag.com\/en\/wp-json\/wp\/v2\/types\/page"}],"author":[{"embeddable":true,"href":"https:\/\/www.achseverlag.com\/en\/wp-json\/wp\/v2\/users\/115"}],"replies":[{"embeddable":true,"href":"https:\/\/www.achseverlag.com\/en\/wp-json\/wp\/v2\/comments?post=65118"}],"version-history":[{"count":36,"href":"https:\/\/www.achseverlag.com\/en\/wp-json\/wp\/v2\/pages\/65118\/revisions"}],"predecessor-version":[{"id":68316,"href":"https:\/\/www.achseverlag.com\/en\/wp-json\/wp\/v2\/pages\/65118\/revisions\/68316"}],"wp:attachment":[{"href":"https:\/\/www.achseverlag.com\/en\/wp-json\/wp\/v2\/media?parent=65118"}],"curies":[{"name":"wp","href":"https:\/\/api.w.org\/{rel}","templated":true}]}}