{"id":62876,"date":"2023-12-19T13:05:52","date_gmt":"2023-12-19T13:05:52","guid":{"rendered":"https:\/\/www.achseverlag.com\/bucher-e-books\/titel\/the-joy-of-waterboiling\/"},"modified":"2023-12-19T16:06:52","modified_gmt":"2023-12-19T15:06:52","slug":"the-joy-of-waterboiling","status":"publish","type":"product","link":"https:\/\/www.achseverlag.com\/en\/the-joy-of-waterboiling\/","title":{"rendered":"(Deutsch) The Joy of Waterboiling"},"content":{"rendered":"<p class=\"qtranxs-available-languages-message qtranxs-available-languages-message-en\">Sorry, this entry is only available in <a href=\"https:\/\/www.achseverlag.com\/de\/wp-json\/wp\/v2\/product\/62876\" class=\"qtranxs-available-language-link qtranxs-available-language-link-de\" title=\"Deutsch\">Deutsch<\/a>.<\/p><p><\/p>\n<p>THE JOY OF WATERBOILING (JOW) &#8211; eine Anleitung f\u00fcr die Zubereitung von klassischen, modernen und zeitgen\u00f6ssischen Gerichten im Wasserkocher. Das Hybridprojekt aus Kunst- und Kochbuch beweist, dass der Wasserkocher nicht nur Zeit, Geld und Platz spart, sondern auch als mobile K\u00fcche dient.<\/p>\n<p>Das Buch pr\u00e4sentiert eine vollkommen neue Art des Kochens ohne K\u00fcche. K\u00fcnstlerinnen und K\u00fcnstler des Berliner und Wiener Milieus arbeiteten in einem gemeinschaftlichen, interdisziplin\u00e4ren, europ\u00e4ischen Projekt an der visuellen Realisierung und unkonventionellen Verbreitung dieser neuartigen Rezeptesammlung.<\/p>\n<p>Die im Buch pr\u00e4sentierten Rezepte entstammen der aufstrebenden Salzburger K\u00f6chin Christina Scheffenacker. Als Creative Director zeichnet sich die K\u00fcnstlerin Soso Phist verantwortlich. Fotografie von Lisa Edi. Nach einer Idee des Berliner Schriftstellers Thomas G\u00f6tz von Aust. <\/p>\n<p><\/p>","protected":false},"excerpt":{"rendered":"<p class=\"qtranxs-available-languages-message qtranxs-available-languages-message-en\">Sorry, this entry is only available in <a href=\"https:\/\/www.achseverlag.com\/de\/wp-json\/wp\/v2\/product\/62876\" class=\"qtranxs-available-language-link qtranxs-available-language-link-de\" title=\"Deutsch\">Deutsch<\/a>.<\/p>\n<p>THE JOY OF WATERBOILING (JOW) &#8211; eine Anleitung f\u00fcr die Zubereitung von klassischen, modernen und zeitgen\u00f6ssischen Gerichten im Wasserkocher. Das Hybridprojekt aus Kunst- und Kochbuch beweist, dass der Wasserkocher nicht nur Zeit, Geld und Platz spart, sondern auch als mobile K\u00fcche dient.<\/p>\n<p>Das Buch pr\u00e4sentiert eine vollkommen neue Art des Kochens ohne K\u00fcche. K\u00fcnstlerinnen und K\u00fcnstler des Berliner und Wiener Milieus arbeiteten in einem gemeinschaftlichen, interdisziplin\u00e4ren, europ\u00e4ischen Projekt an der visuellen Realisierung und unkonventionellen Verbreitung dieser neuartigen Rezeptesammlung.<\/p>\n<p>Die im Buch pr\u00e4sentierten Rezepte entstammen der aufstrebenden Salzburger K\u00f6chin Christina Scheffenacker. Als Creative Director zeichnet sich die K\u00fcnstlerin Soso Phist verantwortlich. Fotografie von Lisa Edi. Nach einer Idee des Berliner Schriftstellers Thomas G\u00f6tz von Aust. <\/p>\n","protected":false},"featured_media":67559,"template":"","meta":{"_acf_changed":false},"product_brand":[],"product_cat":[2769,2755],"product_tag":[2828],"class_list":{"0":"post-62876","1":"product","2":"type-product","3":"status-publish","4":"has-post-thumbnail","6":"product_cat-backlist","7":"product_cat-special-book","8":"product_tag-innovation-kochen-wasserkocher","9":"autor-thomas-goetz-von-aust","10":"edition-orac","12":"first","13":"instock","14":"taxable","15":"shipping-taxable","16":"purchasable","17":"product-type-simple"},"acf":[],"_links":{"self":[{"href":"https:\/\/www.achseverlag.com\/en\/wp-json\/wp\/v2\/product\/62876","targetHints":{"allow":["GET"]}}],"collection":[{"href":"https:\/\/www.achseverlag.com\/en\/wp-json\/wp\/v2\/product"}],"about":[{"href":"https:\/\/www.achseverlag.com\/en\/wp-json\/wp\/v2\/types\/product"}],"wp:featuredmedia":[{"embeddable":true,"href":"https:\/\/www.achseverlag.com\/en\/wp-json\/wp\/v2\/media\/67559"}],"wp:attachment":[{"href":"https:\/\/www.achseverlag.com\/en\/wp-json\/wp\/v2\/media?parent=62876"}],"wp:term":[{"taxonomy":"product_brand","embeddable":true,"href":"https:\/\/www.achseverlag.com\/en\/wp-json\/wp\/v2\/product_brand?post=62876"},{"taxonomy":"product_cat","embeddable":true,"href":"https:\/\/www.achseverlag.com\/en\/wp-json\/wp\/v2\/product_cat?post=62876"},{"taxonomy":"product_tag","embeddable":true,"href":"https:\/\/www.achseverlag.com\/en\/wp-json\/wp\/v2\/product_tag?post=62876"}],"curies":[{"name":"wp","href":"https:\/\/api.w.org\/{rel}","templated":true}]}}