{"id":64276,"date":"2026-01-08T07:25:19","date_gmt":"2026-01-08T07:25:19","guid":{"rendered":"https:\/\/www.achseverlag.com\/produkt\/lina-die-entdeckerin\/"},"modified":"2026-01-08T10:26:20","modified_gmt":"2026-01-08T09:26:20","slug":"lina-die-entdeckerin","status":"publish","type":"product","link":"https:\/\/www.achseverlag.com\/en\/lina-die-entdeckerin\/","title":{"rendered":"(Deutsch) Lina, die Entdeckerin"},"content":{"rendered":"<p class=\"qtranxs-available-languages-message qtranxs-available-languages-message-en\">Sorry, this entry is only available in <a href=\"https:\/\/www.achseverlag.com\/de\/wp-json\/wp\/v2\/product\/64276\" class=\"qtranxs-available-language-link qtranxs-available-language-link-de\" title=\"Deutsch\">Deutsch<\/a>.<\/p><p><\/p>\n<div><b><a href=\"https:\/\/schoenstebuecher.at\/buch\/lina-die-entdeckerin\/\">Ausgezeichnet mit dem Staatspreis und als eines der 15 sch\u00f6nsten B\u00fccher \u00d6sterreichs 2020.<\/a><\/b><\/div>\n<div><\/div>\n<div>\n<div>&nbsp;<\/div>\n<p>Das Bilderbuch <i>Lina, die Entdeckerin<\/i> erz\u00e4hlt die Forschungsreise der neugierigen Lina, die ihren eigenen K\u00f6rper entdeckt und bereist. Dabei wird die Vulva ins Rampenlicht ger\u00fcckt \u2013 abseits von Unsicherheiten und Tabus. Lina wei\u00df, dass ihr Geschlechtsorgan Vulva hei\u00dft \u2013 und nicht &#8220;dort unten&#8221; oder &#8220;zwischen den Beinen&#8221;.<\/div>\n<div><\/div>\n<div>Linas unterhaltsame Reise wird erg\u00e4nzt durch informatives Wissen rund um K\u00f6rperbehaarung und -hygiene, Nacktheit und Erwachsenwerden. Mit dem Buch m\u00f6chten die Autor*innen einen Beitrag leisten, um einen selbstverst\u00e4ndlichen Umgang mit den Geschlechtsorganen bei heranwachsenden Menschen zu f\u00f6rdern. Der achtsame und pr\u00e4zise Umgang mit Sprache schafft eine Basis f\u00fcr ein positives K\u00f6rpergef\u00fchl, das wertfreie Benennen aller K\u00f6rperteile ist von gro\u00dfer Bedeutung f\u00fcr die Selbstwahrnehmung und Selbstbestimmung der Kinder.<\/div>\n<div><\/div>\n<h3>Stimmen zum Buch<\/h3>\n<blockquote><p><\/p>\n<p><i>Lina, die Entdeckerin <\/i>\u00fcberzeugt einerseits durch die kreative Herangehensweise an Vulva und Co und haucht der Geschichte mithilfe von farbenfrohen Illustrationen und didaktisch wertvoll aufbereiteten Informationen Leben ein.<\/p>\n<p style=\"text-align: right;\">\u2013 (Sophie Zanelli, <a href=\"http:\/\/www.vivalavulva.at\/2021\/03\/15\/lina-die-entdeckerin\/\">Viva la Vulva<\/a>, M\u00e4rz 2021)<\/p>\n<\/blockquote>\n<div>\n<\/div>\n<p><\/p>","protected":false},"excerpt":{"rendered":"<p class=\"qtranxs-available-languages-message qtranxs-available-languages-message-en\">Sorry, this entry is only available in <a href=\"https:\/\/www.achseverlag.com\/de\/wp-json\/wp\/v2\/product\/64276\" class=\"qtranxs-available-language-link qtranxs-available-language-link-de\" title=\"Deutsch\">Deutsch<\/a>.<\/p>\n<\/p>\n<div><b><a href=\"https:\/\/schoenstebuecher.at\/buch\/lina-die-entdeckerin\/\">Ausgezeichnet mit dem Staatspreis und als eines der 15 sch\u00f6nsten B\u00fccher \u00d6sterreichs 2020.<\/a><\/b><\/div>\n<div><\/div>\n<div>\n<div>&nbsp;<\/div>\n<p>Das Bilderbuch <i>Lina, die Entdeckerin<\/i> erz\u00e4hlt die Forschungsreise der neugierigen Lina, die ihren eigenen K\u00f6rper entdeckt und bereist. Dabei wird die Vulva ins Rampenlicht ger\u00fcckt \u2013 abseits von Unsicherheiten und Tabus. Lina wei\u00df, dass ihr Geschlechtsorgan Vulva hei\u00dft \u2013 und nicht &#8220;dort unten&#8221; oder &#8220;zwischen den Beinen&#8221;.<\/div>\n<div><\/div>\n<div>Linas unterhaltsame Reise wird erg\u00e4nzt durch informatives Wissen rund um K\u00f6rperbehaarung und -hygiene, Nacktheit und Erwachsenwerden. Mit dem Buch m\u00f6chten die Autor*innen einen Beitrag leisten, um einen selbstverst\u00e4ndlichen Umgang mit den Geschlechtsorganen bei heranwachsenden Menschen zu f\u00f6rdern. Der achtsame und pr\u00e4zise Umgang mit Sprache schafft eine Basis f\u00fcr ein positives K\u00f6rpergef\u00fchl, das wertfreie Benennen aller K\u00f6rperteile ist von gro\u00dfer Bedeutung f\u00fcr die Selbstwahrnehmung und Selbstbestimmung der Kinder.<\/div>\n<div><\/div>\n<h3>Stimmen zum Buch<\/h3>\n<blockquote><p><\/p>\n<p><i>Lina, die Entdeckerin <\/i>\u00fcberzeugt einerseits durch die kreative Herangehensweise an Vulva und Co und haucht der Geschichte mithilfe von farbenfrohen Illustrationen und didaktisch wertvoll aufbereiteten Informationen Leben ein.<\/p>\n<p style=\"text-align: right;\">\u2013 (Sophie Zanelli, <a href=\"http:\/\/www.vivalavulva.at\/2021\/03\/15\/lina-die-entdeckerin\/\">Viva la Vulva<\/a>, M\u00e4rz 2021)<\/p>\n<\/blockquote>\n<div>\n<\/div>\n","protected":false},"featured_media":67561,"template":"","meta":{"_acf_changed":false},"product_brand":[],"product_cat":[2753,2770],"product_tag":[2836],"class_list":{"0":"post-64276","1":"product","2":"type-product","3":"status-publish","4":"has-post-thumbnail","6":"product_cat-kinderbuch","7":"product_cat-koerper-aufklaerung","8":"product_tag-aufklaerung-koerper-vulva","9":"autor-hotter-sonnberger-staffelmayr","10":"edition-orac","12":"first","13":"instock","14":"taxable","15":"shipping-taxable","16":"purchasable","17":"product-type-simple"},"acf":[],"_links":{"self":[{"href":"https:\/\/www.achseverlag.com\/en\/wp-json\/wp\/v2\/product\/64276","targetHints":{"allow":["GET"]}}],"collection":[{"href":"https:\/\/www.achseverlag.com\/en\/wp-json\/wp\/v2\/product"}],"about":[{"href":"https:\/\/www.achseverlag.com\/en\/wp-json\/wp\/v2\/types\/product"}],"wp:featuredmedia":[{"embeddable":true,"href":"https:\/\/www.achseverlag.com\/en\/wp-json\/wp\/v2\/media\/67561"}],"wp:attachment":[{"href":"https:\/\/www.achseverlag.com\/en\/wp-json\/wp\/v2\/media?parent=64276"}],"wp:term":[{"taxonomy":"product_brand","embeddable":true,"href":"https:\/\/www.achseverlag.com\/en\/wp-json\/wp\/v2\/product_brand?post=64276"},{"taxonomy":"product_cat","embeddable":true,"href":"https:\/\/www.achseverlag.com\/en\/wp-json\/wp\/v2\/product_cat?post=64276"},{"taxonomy":"product_tag","embeddable":true,"href":"https:\/\/www.achseverlag.com\/en\/wp-json\/wp\/v2\/product_tag?post=64276"}],"curies":[{"name":"wp","href":"https:\/\/api.w.org\/{rel}","templated":true}]}}