{"id":65684,"date":"2023-12-19T13:05:53","date_gmt":"2023-12-19T13:05:53","guid":{"rendered":"https:\/\/www.achseverlag.com\/produkt\/erbsenklein-melonengross\/"},"modified":"2023-12-19T16:06:53","modified_gmt":"2023-12-19T15:06:53","slug":"erbsenklein-melonengross","status":"publish","type":"product","link":"https:\/\/www.achseverlag.com\/en\/erbsenklein-melonengross\/","title":{"rendered":"(Deutsch) Erbsenklein Melonengro\u00df"},"content":{"rendered":"<p class=\"qtranxs-available-languages-message qtranxs-available-languages-message-en\">Sorry, this entry is only available in <a href=\"https:\/\/www.achseverlag.com\/de\/wp-json\/wp\/v2\/product\/65684\" class=\"qtranxs-available-language-link qtranxs-available-language-link-de\" title=\"Deutsch\">Deutsch<\/a>.<\/p><p><\/p>\n<h4><b>&#8220;Wie kommt eigentlich das Baby in den Bauch?&#8221;<\/b><\/h4>\n<div><\/div>\n<div>Kaum eine Kinderfrage verunsichert Erwachsene mehr als diese. In <i>Erbsenklein Melonengro\u00df<\/i> begleiten kleine und gro\u00dfe Leser:innen ab vier Jahren das Kind Toni dabei, der Frage auf den Grund zu gehen. Geschlechtssensibel und unaufgeregt erz\u00e4hlt das Kinderbuch die Geschichte von Empf\u00e4ngnis, Schwangerschaft und Geburt so, dass sich alle Familien darin wiederfinden.<\/p>\n<\/div>\n<div><\/div>\n<div>Tonis Eltern erwarten Nachwuchs. Grund genug f\u00fcr das aufgeweckte Kind, alles ganz genau wissen zu wollen: Wie gro\u00df ist das Baby? Wie kommt das Baby in den Bauch? Was machen Menschen, wenn sie biologisch keine Kinder bekommen k\u00f6nnen? Wie ist Tonis Freund in seine Familie gekommen? Und wie kann Toni schon jetzt mit dem Geschwisterchen spielen?<\/p>\n<\/div>\n<div><\/div>\n<div>Das gendersensible Vorlesebuch rund um Familie und Geburt \u2013 Nach dem Bestseller <i>Lina, die Entdeckerin<\/i> das neue Aufkl\u00e4rungsbuch im ACHSE Verlag.<\/div>\n<div><\/div>\n<h3>Stimmen zum Buch<\/h3>\n<div><\/div>\n<blockquote><p>Ein wirklich wertvolles Kinderbuch, bei dem so mancher Erwachsener noch was lernen kann und in dem sich Kinder wiederfinden.<\/p><\/blockquote>\n<div style=\"text-align: right;\">\u2013 (Denise K\u00f6rner, <a href=\"https:\/\/wasliestdu.de\/rezension\/zeitgemaesse-aufklaerung\">wasliestdu.de<\/a>, Mai 2022)<\/div>\n<p><\/p>","protected":false},"excerpt":{"rendered":"<p class=\"qtranxs-available-languages-message qtranxs-available-languages-message-en\">Sorry, this entry is only available in <a href=\"https:\/\/www.achseverlag.com\/de\/wp-json\/wp\/v2\/product\/65684\" class=\"qtranxs-available-language-link qtranxs-available-language-link-de\" title=\"Deutsch\">Deutsch<\/a>.<\/p>\n<h4><b>&#8220;Wie kommt eigentlich das Baby in den Bauch?&#8221;<\/b><\/h4>\n<div><\/div>\n<div>Kaum eine Kinderfrage verunsichert Erwachsene mehr als diese. In <i>Erbsenklein Melonengro\u00df<\/i> begleiten kleine und gro\u00dfe Leser:innen ab vier Jahren das Kind Toni dabei, der Frage auf den Grund zu gehen. Geschlechtssensibel und unaufgeregt erz\u00e4hlt das Kinderbuch die Geschichte von Empf\u00e4ngnis, Schwangerschaft und Geburt so, dass sich alle Familien darin wiederfinden.<\/p>\n<\/div>\n<div><\/div>\n<div>Tonis Eltern erwarten Nachwuchs. Grund genug f\u00fcr das aufgeweckte Kind, alles ganz genau wissen zu wollen: Wie gro\u00df ist das Baby? Wie kommt das Baby in den Bauch? Was machen Menschen, wenn sie biologisch keine Kinder bekommen k\u00f6nnen? Wie ist Tonis Freund in seine Familie gekommen? Und wie kann Toni schon jetzt mit dem Geschwisterchen spielen?<\/p>\n<\/div>\n<div><\/div>\n<div>Das gendersensible Vorlesebuch rund um Familie und Geburt \u2013 Nach dem Bestseller <i>Lina, die Entdeckerin<\/i> das neue Aufkl\u00e4rungsbuch im ACHSE Verlag.<\/div>\n<div><\/div>\n<h3>Stimmen zum Buch<\/h3>\n<div><\/div>\n<blockquote><p>Ein wirklich wertvolles Kinderbuch, bei dem so mancher Erwachsener noch was lernen kann und in dem sich Kinder wiederfinden.<\/p><\/blockquote>\n<div style=\"text-align: right;\">\u2013 (Denise K\u00f6rner, <a href=\"https:\/\/wasliestdu.de\/rezension\/zeitgemaesse-aufklaerung\">wasliestdu.de<\/a>, Mai 2022)<\/div>\n","protected":false},"featured_media":67556,"template":"","meta":{"_acf_changed":false},"product_brand":[],"product_cat":[2753,2770],"product_tag":[2819],"class_list":{"0":"post-65684","1":"product","2":"type-product","3":"status-publish","4":"has-post-thumbnail","6":"product_cat-kinderbuch","7":"product_cat-koerper-aufklaerung","8":"product_tag-aufklaerung-gender-familie-geburt","9":"autor-cornelia-lindner-verena-tschemernjak","10":"edition-orac","12":"first","13":"instock","14":"taxable","15":"shipping-taxable","16":"purchasable","17":"product-type-simple"},"acf":[],"_links":{"self":[{"href":"https:\/\/www.achseverlag.com\/en\/wp-json\/wp\/v2\/product\/65684","targetHints":{"allow":["GET"]}}],"collection":[{"href":"https:\/\/www.achseverlag.com\/en\/wp-json\/wp\/v2\/product"}],"about":[{"href":"https:\/\/www.achseverlag.com\/en\/wp-json\/wp\/v2\/types\/product"}],"wp:featuredmedia":[{"embeddable":true,"href":"https:\/\/www.achseverlag.com\/en\/wp-json\/wp\/v2\/media\/67556"}],"wp:attachment":[{"href":"https:\/\/www.achseverlag.com\/en\/wp-json\/wp\/v2\/media?parent=65684"}],"wp:term":[{"taxonomy":"product_brand","embeddable":true,"href":"https:\/\/www.achseverlag.com\/en\/wp-json\/wp\/v2\/product_brand?post=65684"},{"taxonomy":"product_cat","embeddable":true,"href":"https:\/\/www.achseverlag.com\/en\/wp-json\/wp\/v2\/product_cat?post=65684"},{"taxonomy":"product_tag","embeddable":true,"href":"https:\/\/www.achseverlag.com\/en\/wp-json\/wp\/v2\/product_tag?post=65684"}],"curies":[{"name":"wp","href":"https:\/\/api.w.org\/{rel}","templated":true}]}}