{"id":66154,"date":"2023-12-19T13:05:56","date_gmt":"2023-12-19T13:05:56","guid":{"rendered":"https:\/\/www.achseverlag.com\/produkt\/die-wundersame-gasse\/"},"modified":"2023-12-19T16:06:56","modified_gmt":"2023-12-19T15:06:56","slug":"die-wundersame-gasse","status":"publish","type":"product","link":"https:\/\/www.achseverlag.com\/en\/die-wundersame-gasse\/","title":{"rendered":"(Deutsch) Die wundersame Gasse"},"content":{"rendered":"<p class=\"qtranxs-available-languages-message qtranxs-available-languages-message-en\">Sorry, this entry is only available in <a href=\"https:\/\/www.achseverlag.com\/de\/wp-json\/wp\/v2\/product\/66154\" class=\"qtranxs-available-language-link qtranxs-available-language-link-de\" title=\"Deutsch\">Deutsch<\/a>.<\/p><p><\/p>\n<div>In der wundersamen Gasse wohnen sehr besondere Menschen. Sie sind alle nicht mehr ganz jung. Und alles, was sie machen, dauert ein bisschen.<\/div>\n<div>In ihren K\u00f6pfen stecken bunte Ideen und zartrosa Tr\u00e4ume.<\/div>\n<div>Nie im Leben w\u00fcrden die BewohnerInnen der Gasse woanders leben wollen.<\/div>\n<div>Liegt es daran, dass in der Gasse ein so besonderer Duft liegt?<\/div>\n<div>An manchen Tagen riecht es nach Zimt. An anderen nach Zitronengras.<\/div>\n<div>Wieder an anderen nach honigs\u00fc\u00dfem Sommerflieder.<\/div>\n<div>Die meiste Zeit aber duftet es nach warmem Apfelmus.<\/div>\n<div>Mit einem Hauch von Rosen\u00f6l.<\/div>\n<div><\/div>\n<div><i><br \/><\/i><\/div>\n<div><i>Die wundersame Gasse<\/i> ist ein Buch f\u00fcr Gro\u00df und Klein. Ein Kinderbuch, das das Alt-Sein, die Verg\u00e4nglichkeit und die Liebensw\u00fcrdigkeit, die im Verschrobenen steckt zum Thema macht.<\/div>\n<div><\/div>\n<p><\/p>","protected":false},"excerpt":{"rendered":"<p class=\"qtranxs-available-languages-message qtranxs-available-languages-message-en\">Sorry, this entry is only available in <a href=\"https:\/\/www.achseverlag.com\/de\/wp-json\/wp\/v2\/product\/66154\" class=\"qtranxs-available-language-link qtranxs-available-language-link-de\" title=\"Deutsch\">Deutsch<\/a>.<\/p>\n<div>In der wundersamen Gasse wohnen sehr besondere Menschen. Sie sind alle nicht mehr ganz jung. Und alles, was sie machen, dauert ein bisschen.<\/div>\n<div>In ihren K\u00f6pfen stecken bunte Ideen und zartrosa Tr\u00e4ume.<\/div>\n<div>Nie im Leben w\u00fcrden die BewohnerInnen der Gasse woanders leben wollen.<\/div>\n<div>Liegt es daran, dass in der Gasse ein so besonderer Duft liegt?<\/div>\n<div>An manchen Tagen riecht es nach Zimt. An anderen nach Zitronengras.<\/div>\n<div>Wieder an anderen nach honigs\u00fc\u00dfem Sommerflieder.<\/div>\n<div>Die meiste Zeit aber duftet es nach warmem Apfelmus.<\/div>\n<div>Mit einem Hauch von Rosen\u00f6l.<\/div>\n<div><\/div>\n<div><i><br \/><\/i><\/div>\n<div><i>Die wundersame Gasse<\/i> ist ein Buch f\u00fcr Gro\u00df und Klein. Ein Kinderbuch, das das Alt-Sein, die Verg\u00e4nglichkeit und die Liebensw\u00fcrdigkeit, die im Verschrobenen steckt zum Thema macht.<\/div>\n<div><\/div>\n","protected":false},"featured_media":67555,"template":"","meta":{"_acf_changed":false},"product_brand":[],"product_cat":[2753,2772],"product_tag":[2816],"class_list":{"0":"post-66154","1":"product","2":"type-product","3":"status-publish","4":"has-post-thumbnail","6":"product_cat-kinderbuch","7":"product_cat-vorlesegeschichten","8":"product_tag-menschen-traeume-wunder-poesie","9":"autor-andrea-krakora-stefanie-pichler","10":"edition-orac","12":"first","13":"instock","14":"taxable","15":"shipping-taxable","16":"purchasable","17":"product-type-simple"},"acf":[],"_links":{"self":[{"href":"https:\/\/www.achseverlag.com\/en\/wp-json\/wp\/v2\/product\/66154","targetHints":{"allow":["GET"]}}],"collection":[{"href":"https:\/\/www.achseverlag.com\/en\/wp-json\/wp\/v2\/product"}],"about":[{"href":"https:\/\/www.achseverlag.com\/en\/wp-json\/wp\/v2\/types\/product"}],"wp:featuredmedia":[{"embeddable":true,"href":"https:\/\/www.achseverlag.com\/en\/wp-json\/wp\/v2\/media\/67555"}],"wp:attachment":[{"href":"https:\/\/www.achseverlag.com\/en\/wp-json\/wp\/v2\/media?parent=66154"}],"wp:term":[{"taxonomy":"product_brand","embeddable":true,"href":"https:\/\/www.achseverlag.com\/en\/wp-json\/wp\/v2\/product_brand?post=66154"},{"taxonomy":"product_cat","embeddable":true,"href":"https:\/\/www.achseverlag.com\/en\/wp-json\/wp\/v2\/product_cat?post=66154"},{"taxonomy":"product_tag","embeddable":true,"href":"https:\/\/www.achseverlag.com\/en\/wp-json\/wp\/v2\/product_tag?post=66154"}],"curies":[{"name":"wp","href":"https:\/\/api.w.org\/{rel}","templated":true}]}}