{"id":66318,"date":"2023-12-19T13:05:56","date_gmt":"2023-12-19T13:05:56","guid":{"rendered":"https:\/\/www.achseverlag.com\/produkt\/keke\/"},"modified":"2023-12-19T16:06:56","modified_gmt":"2023-12-19T15:06:56","slug":"keke","status":"publish","type":"product","link":"https:\/\/www.achseverlag.com\/en\/keke\/","title":{"rendered":"(Deutsch) Keke"},"content":{"rendered":"<p class=\"qtranxs-available-languages-message qtranxs-available-languages-message-en\">Sorry, this entry is only available in <a href=\"https:\/\/www.achseverlag.com\/de\/wp-json\/wp\/v2\/product\/66318\" class=\"qtranxs-available-language-link qtranxs-available-language-link-de\" title=\"Deutsch\">Deutsch<\/a>.<\/p><p><\/p>\n<p><\/p>\n<blockquote><p>\u201eDenkst du, wenn wir keine Menschen, sondern Zauberkraniche w\u00e4ren, dann w\u00e4re es ganz egal, ob man ein Junge, ein M\u00e4dchen oder ein Junge UND ein M\u00e4dchen ist? Also immer und \u00fcberall?\u201c<\/p><\/blockquote>\n<div><\/div>\n<div>\n<div>Stell dir vor, du liegst in deinem weichen, kuscheligen Bett. Du tr\u00e4umst davon, mit einem U-Boot in die Tiefsee zu fahren \u2013 ganz unten im Meer, wo alles schwarz ist und man rein gar nichts mehr sieht. Fische mit leuchtenden Laternen ziehen an dir vorbei. Pl\u00f6tzlich weckt dich ein lautes PLATSCH aus dem Zimmer gegen\u00fcber &#8230;<\/div>\n<div><\/div>\n<div><b><br \/><\/b><\/div>\n<div><b>Keke schreckt hoch, flitzt blitzschnell in Papas Zimmer und weiter zum Aquarium. Und da liegt es, Papas Handy, auf dem sandigen Aquariumboden.<\/b><\/div>\n<div><b><br \/><\/b><\/div>\n<div><\/div>\n<div><i>KEKE<\/i> erz\u00e4hlt vom Tag: leicht, ehrlich und durch die neugierigen Augen eines genderneutralen Kindes. Begegnungen und Erinnerungen ergeben ein diverses Puzzle, er\u00f6ffnen Raum f\u00fcr Fragen und machen Mut zum Tr\u00e4umen und Spielen.<\/div>\n<\/div>\n<p><\/p>","protected":false},"excerpt":{"rendered":"<p class=\"qtranxs-available-languages-message qtranxs-available-languages-message-en\">Sorry, this entry is only available in <a href=\"https:\/\/www.achseverlag.com\/de\/wp-json\/wp\/v2\/product\/66318\" class=\"qtranxs-available-language-link qtranxs-available-language-link-de\" title=\"Deutsch\">Deutsch<\/a>.<\/p>\n<p><\/p>\n<blockquote><p>\u201eDenkst du, wenn wir keine Menschen, sondern Zauberkraniche w\u00e4ren, dann w\u00e4re es ganz egal, ob man ein Junge, ein M\u00e4dchen oder ein Junge UND ein M\u00e4dchen ist? Also immer und \u00fcberall?\u201c<\/p><\/blockquote>\n<div><\/div>\n<div>\n<div>Stell dir vor, du liegst in deinem weichen, kuscheligen Bett. Du tr\u00e4umst davon, mit einem U-Boot in die Tiefsee zu fahren \u2013 ganz unten im Meer, wo alles schwarz ist und man rein gar nichts mehr sieht. Fische mit leuchtenden Laternen ziehen an dir vorbei. Pl\u00f6tzlich weckt dich ein lautes PLATSCH aus dem Zimmer gegen\u00fcber &#8230;<\/div>\n<div><\/div>\n<div><b><br \/><\/b><\/div>\n<div><b>Keke schreckt hoch, flitzt blitzschnell in Papas Zimmer und weiter zum Aquarium. Und da liegt es, Papas Handy, auf dem sandigen Aquariumboden.<\/b><\/div>\n<div><b><br \/><\/b><\/div>\n<div><\/div>\n<div><i>KEKE<\/i> erz\u00e4hlt vom Tag: leicht, ehrlich und durch die neugierigen Augen eines genderneutralen Kindes. Begegnungen und Erinnerungen ergeben ein diverses Puzzle, er\u00f6ffnen Raum f\u00fcr Fragen und machen Mut zum Tr\u00e4umen und Spielen.<\/div>\n<\/div>\n","protected":false},"featured_media":67570,"template":"","meta":{"_acf_changed":false},"product_brand":[],"product_cat":[2753,2754,2772],"product_tag":[2881],"class_list":{"0":"post-66318","1":"product","2":"type-product","3":"status-publish","4":"has-post-thumbnail","6":"product_cat-kinderbuch","7":"product_cat-literatur","8":"product_cat-vorlesegeschichten","9":"product_tag-queer-genderneutral-vater-kind-beziehung","10":"autor-klara-kapprell","11":"edition-orac","13":"first","14":"instock","15":"taxable","16":"shipping-taxable","17":"purchasable","18":"product-type-simple"},"acf":[],"_links":{"self":[{"href":"https:\/\/www.achseverlag.com\/en\/wp-json\/wp\/v2\/product\/66318","targetHints":{"allow":["GET"]}}],"collection":[{"href":"https:\/\/www.achseverlag.com\/en\/wp-json\/wp\/v2\/product"}],"about":[{"href":"https:\/\/www.achseverlag.com\/en\/wp-json\/wp\/v2\/types\/product"}],"wp:featuredmedia":[{"embeddable":true,"href":"https:\/\/www.achseverlag.com\/en\/wp-json\/wp\/v2\/media\/67570"}],"wp:attachment":[{"href":"https:\/\/www.achseverlag.com\/en\/wp-json\/wp\/v2\/media?parent=66318"}],"wp:term":[{"taxonomy":"product_brand","embeddable":true,"href":"https:\/\/www.achseverlag.com\/en\/wp-json\/wp\/v2\/product_brand?post=66318"},{"taxonomy":"product_cat","embeddable":true,"href":"https:\/\/www.achseverlag.com\/en\/wp-json\/wp\/v2\/product_cat?post=66318"},{"taxonomy":"product_tag","embeddable":true,"href":"https:\/\/www.achseverlag.com\/en\/wp-json\/wp\/v2\/product_tag?post=66318"}],"curies":[{"name":"wp","href":"https:\/\/api.w.org\/{rel}","templated":true}]}}