{"id":66503,"date":"2026-01-08T07:24:02","date_gmt":"2026-01-08T07:24:02","guid":{"rendered":"https:\/\/www.achseverlag.com\/produkt\/bruno-will-hoch-hinaus\/"},"modified":"2026-01-08T10:25:02","modified_gmt":"2026-01-08T09:25:02","slug":"bruno-will-hoch-hinaus","status":"publish","type":"product","link":"https:\/\/www.achseverlag.com\/en\/bruno-will-hoch-hinaus\/","title":{"rendered":"(Deutsch) Bruno will hoch hinaus"},"content":{"rendered":"<p class=\"qtranxs-available-languages-message qtranxs-available-languages-message-en\">Sorry, this entry is only available in <a href=\"https:\/\/www.achseverlag.com\/de\/wp-json\/wp\/v2\/product\/66503\" class=\"qtranxs-available-language-link qtranxs-available-language-link-de\" title=\"Deutsch\">Deutsch<\/a>.<\/p><p><\/p>\n<p>Bruno tr\u00e4umt davon, mit einer Rakete ins All zu fliegen. Auf seiner Erkundungstour lernt er viel \u00fcber den eigenen K\u00f6rper. Als Pendant zum Bilderbuch&nbsp;<a href=\"https:\/\/www.achseverlag.com\/lina-die-entdeckerin\/\">Lina, die Entdeckerin<\/a>, das die Vulva in den Fokus nimmt, werden hier spielerisch Fragen zu Penis, Hodensack, Erektion und Erwachsenwerden beantwortet. Kindgerecht wird Wissen vermittelt, mit Mythen und Klischees gebrochen und ein positiver Zugang zum K\u00f6rper erzeugt.<\/p>\n<p><\/p>\n<p><\/p>\n<h3>Stimmen zum Buch<\/h3>\n<p><\/p>\n<blockquote><p>Liebevoll und vielf\u00e4ltig illustriert, kindgerecht formuliert, rundum gelungen und klare Empfehlung von uns!<\/p><\/blockquote>\n<p style=\"text-align: right;\">\u2013 (<a href=\"https:\/\/www.instagram.com\/vielfalt_im_kinderzimmer\/\">@vielfalt_im_kinderzimmer<\/a>, August 2022)<\/p>\n<p><\/p>\n<blockquote><p>B\u00fccher wie die \u00fcber Lina und Bruno bereichern jedes B\u00fccherregal. Sie kl\u00e4ren \u00fcber vermeintlich Selbstverst\u00e4ndliches auf, das dennoch so viele Geheimnisse birgt, weil zu viel Scham damit verbunden ist.<\/p><\/blockquote>\n<p style=\"text-align: right;\">\u2013 (<a href=\"https:\/\/buecherstadtkurier.com\/preise-den-penis\/\">buecherstadtkurier.com<\/a>, September 2022)<\/p>\n<p><\/p>","protected":false},"excerpt":{"rendered":"<p class=\"qtranxs-available-languages-message qtranxs-available-languages-message-en\">Sorry, this entry is only available in <a href=\"https:\/\/www.achseverlag.com\/de\/wp-json\/wp\/v2\/product\/66503\" class=\"qtranxs-available-language-link qtranxs-available-language-link-de\" title=\"Deutsch\">Deutsch<\/a>.<\/p>\n<p>Bruno tr\u00e4umt davon, mit einer Rakete ins All zu fliegen. Auf seiner Erkundungstour lernt er viel \u00fcber den eigenen K\u00f6rper. Als Pendant zum Bilderbuch&nbsp;<a href=\"https:\/\/www.achseverlag.com\/lina-die-entdeckerin\/\">Lina, die Entdeckerin<\/a>, das die Vulva in den Fokus nimmt, werden hier spielerisch Fragen zu Penis, Hodensack, Erektion und Erwachsenwerden beantwortet. Kindgerecht wird Wissen vermittelt, mit Mythen und Klischees gebrochen und ein positiver Zugang zum K\u00f6rper erzeugt.<\/p>\n<p><\/p>\n<p><\/p>\n<h3>Stimmen zum Buch<\/h3>\n<p><\/p>\n<blockquote><p>Liebevoll und vielf\u00e4ltig illustriert, kindgerecht formuliert, rundum gelungen und klare Empfehlung von uns!<\/p><\/blockquote>\n<p style=\"text-align: right;\">\u2013 (<a href=\"https:\/\/www.instagram.com\/vielfalt_im_kinderzimmer\/\">@vielfalt_im_kinderzimmer<\/a>, August 2022)<\/p>\n<p><\/p>\n<blockquote><p>B\u00fccher wie die \u00fcber Lina und Bruno bereichern jedes B\u00fccherregal. Sie kl\u00e4ren \u00fcber vermeintlich Selbstverst\u00e4ndliches auf, das dennoch so viele Geheimnisse birgt, weil zu viel Scham damit verbunden ist.<\/p><\/blockquote>\n<p style=\"text-align: right;\">\u2013 (<a href=\"https:\/\/buecherstadtkurier.com\/preise-den-penis\/\">buecherstadtkurier.com<\/a>, September 2022)<\/p>\n","protected":false},"featured_media":66504,"template":"","meta":{"_acf_changed":false},"product_brand":[],"product_cat":[2753,2770],"product_tag":[2857],"class_list":{"0":"post-66503","1":"product","2":"type-product","3":"status-publish","4":"has-post-thumbnail","6":"product_cat-kinderbuch","7":"product_cat-koerper-aufklaerung","8":"product_tag-koerper-penis-aufklaerung","9":"autor-ziegelwanger-staffelmayr-horak","10":"edition-orac","12":"first","13":"instock","14":"taxable","15":"shipping-taxable","16":"purchasable","17":"product-type-simple"},"acf":[],"_links":{"self":[{"href":"https:\/\/www.achseverlag.com\/en\/wp-json\/wp\/v2\/product\/66503","targetHints":{"allow":["GET"]}}],"collection":[{"href":"https:\/\/www.achseverlag.com\/en\/wp-json\/wp\/v2\/product"}],"about":[{"href":"https:\/\/www.achseverlag.com\/en\/wp-json\/wp\/v2\/types\/product"}],"wp:featuredmedia":[{"embeddable":true,"href":"https:\/\/www.achseverlag.com\/en\/wp-json\/wp\/v2\/media\/66504"}],"wp:attachment":[{"href":"https:\/\/www.achseverlag.com\/en\/wp-json\/wp\/v2\/media?parent=66503"}],"wp:term":[{"taxonomy":"product_brand","embeddable":true,"href":"https:\/\/www.achseverlag.com\/en\/wp-json\/wp\/v2\/product_brand?post=66503"},{"taxonomy":"product_cat","embeddable":true,"href":"https:\/\/www.achseverlag.com\/en\/wp-json\/wp\/v2\/product_cat?post=66503"},{"taxonomy":"product_tag","embeddable":true,"href":"https:\/\/www.achseverlag.com\/en\/wp-json\/wp\/v2\/product_tag?post=66503"}],"curies":[{"name":"wp","href":"https:\/\/api.w.org\/{rel}","templated":true}]}}