{"id":66718,"date":"2024-09-26T06:26:33","date_gmt":"2024-09-26T06:26:33","guid":{"rendered":"https:\/\/www.achseverlag.com\/produkt\/iwein-laudine\/"},"modified":"2024-09-26T10:27:34","modified_gmt":"2024-09-26T08:27:34","slug":"iwein-laudine","status":"publish","type":"product","link":"https:\/\/www.achseverlag.com\/en\/iwein-laudine\/","title":{"rendered":"(Deutsch) Iwein &#038; Laudine"},"content":{"rendered":"<p class=\"qtranxs-available-languages-message qtranxs-available-languages-message-en\">Sorry, this entry is only available in <a href=\"https:\/\/www.achseverlag.com\/de\/wp-json\/wp\/v2\/product\/66718\" class=\"qtranxs-available-language-link qtranxs-available-language-link-de\" title=\"Deutsch\">Deutsch<\/a>.<\/p><p><\/p>\n<div><b>ab 4 Jahren | Thema: M\u00e4rchen und Mut<\/b><\/div>\n<div><\/div>\n<div>Die Ritter*innen Iwein und Laudine werden von der Minne \u00fcberrascht. Der gemeinsame Alltag in der Burg ist friedlich. Doch Iwein ist abenteuerlustig und zieht wieder in die Welt hinaus. Als Iwein das Versprechen bricht, nach einem Jahr zur\u00fcckzukehren, steht die ritterliche Gesinnung auf dem Spiel. Laudine fordert den Beweis: Ruhm und Ehre oder Freundschaft und Miteinander \u2013 wof\u00fcr lohnt es sich zu k\u00e4mpfen? <\/div>\n<p><\/p>\n<blockquote><p><b>Ein wilder Ritt durch die Neuinterpretation einer alten Geschichte, fernab von Burgfr\u00e4ulein und stereotypen Genderrollen.<\/b><\/p><\/blockquote>\n<p>Eine moderne M\u00e4rcheninterpretation, in der Laudine nicht mehr nur Haus und Hof h\u00fctet, sondern mit Schild und Schwert f\u00fcr ihre \u00dcberzeugungen einsteht. Iwein, einst der Inbegriff des Artus-Ritters, wird hier nicht mehr durch sein Geschlecht definiert. Ein Buch, das zeitgem\u00e4\u00dfe Charaktere pr\u00e4sentiert und sich von alten Rollenklischees l\u00f6st. Eine moderne Perspektive auf M\u00e4rchen in der B\u00fcchersammlung!<\/p>\n<div><\/div>\n<p><\/p>","protected":false},"excerpt":{"rendered":"<p class=\"qtranxs-available-languages-message qtranxs-available-languages-message-en\">Sorry, this entry is only available in <a href=\"https:\/\/www.achseverlag.com\/de\/wp-json\/wp\/v2\/product\/66718\" class=\"qtranxs-available-language-link qtranxs-available-language-link-de\" title=\"Deutsch\">Deutsch<\/a>.<\/p>\n<div><b>ab 4 Jahren | Thema: M\u00e4rchen und Mut<\/b><\/div>\n<div><\/div>\n<div>Die Ritter*innen Iwein und Laudine werden von der Minne \u00fcberrascht. Der gemeinsame Alltag in der Burg ist friedlich. Doch Iwein ist abenteuerlustig und zieht wieder in die Welt hinaus. Als Iwein das Versprechen bricht, nach einem Jahr zur\u00fcckzukehren, steht die ritterliche Gesinnung auf dem Spiel. Laudine fordert den Beweis: Ruhm und Ehre oder Freundschaft und Miteinander \u2013 wof\u00fcr lohnt es sich zu k\u00e4mpfen? <\/div>\n<p><\/p>\n<blockquote><p><b>Ein wilder Ritt durch die Neuinterpretation einer alten Geschichte, fernab von Burgfr\u00e4ulein und stereotypen Genderrollen.<\/b><\/p><\/blockquote>\n<p>Eine moderne M\u00e4rcheninterpretation, in der Laudine nicht mehr nur Haus und Hof h\u00fctet, sondern mit Schild und Schwert f\u00fcr ihre \u00dcberzeugungen einsteht. Iwein, einst der Inbegriff des Artus-Ritters, wird hier nicht mehr durch sein Geschlecht definiert. Ein Buch, das zeitgem\u00e4\u00dfe Charaktere pr\u00e4sentiert und sich von alten Rollenklischees l\u00f6st. Eine moderne Perspektive auf M\u00e4rchen in der B\u00fcchersammlung!<\/p>\n<div><\/div>\n","protected":false},"featured_media":67564,"template":"","meta":{"_acf_changed":false},"product_brand":[],"product_cat":[2753,2772],"product_tag":[2849],"class_list":{"0":"post-66718","1":"product","2":"type-product","3":"status-publish","4":"has-post-thumbnail","6":"product_cat-kinderbuch","7":"product_cat-vorlesegeschichten","8":"product_tag-freundschaft-ritter-pferd-ritterin-mittelalter-sage","9":"autor-anita-buchart-lili-mossbauer","10":"edition-orac","12":"first","13":"instock","14":"taxable","15":"shipping-taxable","16":"purchasable","17":"product-type-simple"},"acf":[],"_links":{"self":[{"href":"https:\/\/www.achseverlag.com\/en\/wp-json\/wp\/v2\/product\/66718","targetHints":{"allow":["GET"]}}],"collection":[{"href":"https:\/\/www.achseverlag.com\/en\/wp-json\/wp\/v2\/product"}],"about":[{"href":"https:\/\/www.achseverlag.com\/en\/wp-json\/wp\/v2\/types\/product"}],"wp:featuredmedia":[{"embeddable":true,"href":"https:\/\/www.achseverlag.com\/en\/wp-json\/wp\/v2\/media\/67564"}],"wp:attachment":[{"href":"https:\/\/www.achseverlag.com\/en\/wp-json\/wp\/v2\/media?parent=66718"}],"wp:term":[{"taxonomy":"product_brand","embeddable":true,"href":"https:\/\/www.achseverlag.com\/en\/wp-json\/wp\/v2\/product_brand?post=66718"},{"taxonomy":"product_cat","embeddable":true,"href":"https:\/\/www.achseverlag.com\/en\/wp-json\/wp\/v2\/product_cat?post=66718"},{"taxonomy":"product_tag","embeddable":true,"href":"https:\/\/www.achseverlag.com\/en\/wp-json\/wp\/v2\/product_tag?post=66718"}],"curies":[{"name":"wp","href":"https:\/\/api.w.org\/{rel}","templated":true}]}}