{"id":66960,"date":"2023-12-19T13:05:56","date_gmt":"2023-12-19T13:05:56","guid":{"rendered":"https:\/\/www.achseverlag.com\/heldinnenplaetze\/"},"modified":"2023-12-19T16:06:56","modified_gmt":"2023-12-19T15:06:56","slug":"heldinnenplaetze","status":"publish","type":"product","link":"https:\/\/www.achseverlag.com\/en\/heldinnenplaetze\/","title":{"rendered":"(Deutsch) Held:innenpl\u00e4tze"},"content":{"rendered":"<p class=\"qtranxs-available-languages-message qtranxs-available-languages-message-en\">Sorry, this entry is only available in <a href=\"https:\/\/www.achseverlag.com\/de\/wp-json\/wp\/v2\/product\/66960\" class=\"qtranxs-available-language-link qtranxs-available-language-link-de\" title=\"Deutsch\">Deutsch<\/a>.<\/p><p><\/p>\n<div>Wien ist nicht nur Heldenplatz.<\/div>\n<div><\/div>\n<p><\/p>\n<div>In diesem Sammelband widmen sich Schreibende dem Ort, dem Besonderen, dem Dezentralen.<\/div>\n<div>Eine Liebeserkl\u00e4rung an die Stadt und an die Literatur.<\/div>\n<div><\/div>\n<div><\/div>\n<p><\/p>\n<div>Mit Texten von Esma Ahmedi, Martin Albler, Thomas G\u00f6tz von Aust, Ingo A. Fr\u00fchwirt, Eva Rosa Hankel, Lisa Jeglitsch, Viktoria Klimpfinger, Srdjan Kne\u017eevi\u0107, Kemal Kulaks\u0131z, Anton Maria Moser, Leni Pl\u00f6chl, Pedro del Real Lavergne, Johanna Schmidt, Pia Steiner, Sophie Thiel, Reinhard T\u00f6tschinger und Leonie Wimmer.<\/div>\n<p><\/p>","protected":false},"excerpt":{"rendered":"<p class=\"qtranxs-available-languages-message qtranxs-available-languages-message-en\">Sorry, this entry is only available in <a href=\"https:\/\/www.achseverlag.com\/de\/wp-json\/wp\/v2\/product\/66960\" class=\"qtranxs-available-language-link qtranxs-available-language-link-de\" title=\"Deutsch\">Deutsch<\/a>.<\/p>\n<div>Wien ist nicht nur Heldenplatz.<\/div>\n<div><\/div>\n<p><\/p>\n<div>In diesem Sammelband widmen sich Schreibende dem Ort, dem Besonderen, dem Dezentralen.<\/div>\n<div>Eine Liebeserkl\u00e4rung an die Stadt und an die Literatur.<\/div>\n<div><\/div>\n<div><\/div>\n<p><\/p>\n<div>Mit Texten von Esma Ahmedi, Martin Albler, Thomas G\u00f6tz von Aust, Ingo A. Fr\u00fchwirt, Eva Rosa Hankel, Lisa Jeglitsch, Viktoria Klimpfinger, Srdjan Kne\u017eevi\u0107, Kemal Kulaks\u0131z, Anton Maria Moser, Leni Pl\u00f6chl, Pedro del Real Lavergne, Johanna Schmidt, Pia Steiner, Sophie Thiel, Reinhard T\u00f6tschinger und Leonie Wimmer.<\/div>\n","protected":false},"featured_media":67546,"template":"","meta":{"_acf_changed":false},"product_brand":[],"product_cat":[2769,2754],"product_tag":[2778],"class_list":{"0":"post-66960","1":"product","2":"type-product","3":"status-publish","4":"has-post-thumbnail","6":"product_cat-backlist","7":"product_cat-literatur","8":"product_tag-bezirke-heldenplatz-wien","9":"autor-achse-verlag","10":"edition-orac","12":"first","13":"instock","14":"taxable","15":"shipping-taxable","16":"purchasable","17":"product-type-simple"},"acf":[],"_links":{"self":[{"href":"https:\/\/www.achseverlag.com\/en\/wp-json\/wp\/v2\/product\/66960","targetHints":{"allow":["GET"]}}],"collection":[{"href":"https:\/\/www.achseverlag.com\/en\/wp-json\/wp\/v2\/product"}],"about":[{"href":"https:\/\/www.achseverlag.com\/en\/wp-json\/wp\/v2\/types\/product"}],"wp:featuredmedia":[{"embeddable":true,"href":"https:\/\/www.achseverlag.com\/en\/wp-json\/wp\/v2\/media\/67546"}],"wp:attachment":[{"href":"https:\/\/www.achseverlag.com\/en\/wp-json\/wp\/v2\/media?parent=66960"}],"wp:term":[{"taxonomy":"product_brand","embeddable":true,"href":"https:\/\/www.achseverlag.com\/en\/wp-json\/wp\/v2\/product_brand?post=66960"},{"taxonomy":"product_cat","embeddable":true,"href":"https:\/\/www.achseverlag.com\/en\/wp-json\/wp\/v2\/product_cat?post=66960"},{"taxonomy":"product_tag","embeddable":true,"href":"https:\/\/www.achseverlag.com\/en\/wp-json\/wp\/v2\/product_tag?post=66960"}],"curies":[{"name":"wp","href":"https:\/\/api.w.org\/{rel}","templated":true}]}}