{"id":67149,"date":"2024-09-26T06:06:21","date_gmt":"2024-09-26T06:06:21","guid":{"rendered":"https:\/\/www.achseverlag.com\/wuschelkopf-und-pupspopo\/"},"modified":"2024-09-26T10:07:21","modified_gmt":"2024-09-26T08:07:21","slug":"wuschelkopf-und-pupspopo","status":"publish","type":"product","link":"https:\/\/www.achseverlag.com\/en\/wuschelkopf-und-pupspopo\/","title":{"rendered":"(Deutsch) Wuschelkopf und Pupspopo"},"content":{"rendered":"<p class=\"qtranxs-available-languages-message qtranxs-available-languages-message-en\">Sorry, this entry is only available in <a href=\"https:\/\/www.achseverlag.com\/de\/wp-json\/wp\/v2\/product\/67149\" class=\"qtranxs-available-language-link qtranxs-available-language-link-de\" title=\"Deutsch\">Deutsch<\/a>.<\/p><p><\/p>\n<div><b>ab 18 Monate | Thema: K\u00f6rper und Selbstentdeckung<\/b><\/div>\n<div>Von den Macherinnen von Erbsenklein Melonengro\u00df!<\/div>\n<div><\/div>\n<div>Nichts fasziniert Kleinkinder mehr als der eigene K\u00f6rper. Simpel und anschaulich werden K\u00f6rperteile und ihre Namen zeitgem\u00e4\u00df in Szene gesetzt. Klappen, dicke Pappe und einfache Sprache ergeben ein tolles erstes Buch f\u00fcr alle, die keine Lust mehr auf veraltete Begriffe und heteronormative Darstellungen haben.<\/div>\n<div><\/div>\n<blockquote><p><b>\u00bbRichtiges K\u00f6rperwissen von Anfang an!\u00ab<br \/><\/b><\/p>\n<div align=\"right\"><i>&#8211; die.mamareike, Sexualp\u00e4dagogin<\/i><\/div>\n<\/blockquote>\n<div><\/div>\n<div>Ein innovatives Pappbilderbuch, das spielerisch und wertfrei K\u00f6rperwissen f\u00fcr Kleinkinder vermittelt. Mit diversen Illustrationen und Klappen zeigt es auf ansprechende Weise Unterschiede und Gemeinsamkeiten verschiedener K\u00f6rper. Die inklusive Darstellung von Hautfarben, K\u00f6rperformen und Geschlechtsidentit\u00e4ten macht es zu einem vielf\u00e4ltigen und empfehlenswerten Mitmachbuch f\u00fcr die Kleinsten. <\/div>\n<div><\/div>\n<div>\n<blockquote><p><b>\u00bbWuschelkopf und Pupspopo&#8217; ist ein rundum gelungenes, diverses Bilderbuch mit ganz viel K\u00f6rperwissen f\u00fcr die Kleinsten. So gelingt sexuelle Bildung ganz selbstverst\u00e4ndlich und mit viel Spa\u00df. Ein vielf\u00e4ltiges Mitmachbuch, das ich allen nur empfehlen kann!\u00ab<br \/><\/b><\/p>\n<div align=\"right\"><i>&#8211; Eliane, Buchbloggerin, mintundmalve<\/p>\n<p><\/i><\/div>\n<\/blockquote>\n<\/div>\n<p><\/p>","protected":false},"excerpt":{"rendered":"<p class=\"qtranxs-available-languages-message qtranxs-available-languages-message-en\">Sorry, this entry is only available in <a href=\"https:\/\/www.achseverlag.com\/de\/wp-json\/wp\/v2\/product\/67149\" class=\"qtranxs-available-language-link qtranxs-available-language-link-de\" title=\"Deutsch\">Deutsch<\/a>.<\/p>\n<div><b>ab 18 Monate | Thema: K\u00f6rper und Selbstentdeckung<\/b><\/div>\n<div>Von den Macherinnen von Erbsenklein Melonengro\u00df!<\/div>\n<div><\/div>\n<div>Nichts fasziniert Kleinkinder mehr als der eigene K\u00f6rper. Simpel und anschaulich werden K\u00f6rperteile und ihre Namen zeitgem\u00e4\u00df in Szene gesetzt. Klappen, dicke Pappe und einfache Sprache ergeben ein tolles erstes Buch f\u00fcr alle, die keine Lust mehr auf veraltete Begriffe und heteronormative Darstellungen haben.<\/div>\n<div><\/div>\n<blockquote><p><b>\u00bbRichtiges K\u00f6rperwissen von Anfang an!\u00ab<br \/><\/b><\/p>\n<div align=\"right\"><i>&#8211; die.mamareike, Sexualp\u00e4dagogin<\/i><\/div>\n<\/blockquote>\n<div><\/div>\n<div>Ein innovatives Pappbilderbuch, das spielerisch und wertfrei K\u00f6rperwissen f\u00fcr Kleinkinder vermittelt. Mit diversen Illustrationen und Klappen zeigt es auf ansprechende Weise Unterschiede und Gemeinsamkeiten verschiedener K\u00f6rper. Die inklusive Darstellung von Hautfarben, K\u00f6rperformen und Geschlechtsidentit\u00e4ten macht es zu einem vielf\u00e4ltigen und empfehlenswerten Mitmachbuch f\u00fcr die Kleinsten. <\/div>\n<div><\/div>\n<div>\n<blockquote><p><b>\u00bbWuschelkopf und Pupspopo&#8217; ist ein rundum gelungenes, diverses Bilderbuch mit ganz viel K\u00f6rperwissen f\u00fcr die Kleinsten. So gelingt sexuelle Bildung ganz selbstverst\u00e4ndlich und mit viel Spa\u00df. Ein vielf\u00e4ltiges Mitmachbuch, das ich allen nur empfehlen kann!\u00ab<br \/><\/b><\/p>\n<div align=\"right\"><i>&#8211; Eliane, Buchbloggerin, mintundmalve<\/p>\n<p><\/i><\/div>\n<\/blockquote>\n<\/div>\n","protected":false},"featured_media":67565,"template":"","meta":{"_acf_changed":false},"product_brand":[],"product_cat":[2753,2770],"product_tag":[2860],"class_list":{"0":"post-67149","1":"product","2":"type-product","3":"status-publish","4":"has-post-thumbnail","6":"product_cat-kinderbuch","7":"product_cat-koerper-aufklaerung","8":"product_tag-koerper-pappbuch-koerperteile-klappen-einfache-sprache","9":"autor-cornelia-lindner-verena-tschemernjak","10":"edition-orac","12":"first","13":"instock","14":"taxable","15":"shipping-taxable","16":"purchasable","17":"product-type-simple"},"acf":[],"_links":{"self":[{"href":"https:\/\/www.achseverlag.com\/en\/wp-json\/wp\/v2\/product\/67149","targetHints":{"allow":["GET"]}}],"collection":[{"href":"https:\/\/www.achseverlag.com\/en\/wp-json\/wp\/v2\/product"}],"about":[{"href":"https:\/\/www.achseverlag.com\/en\/wp-json\/wp\/v2\/types\/product"}],"wp:featuredmedia":[{"embeddable":true,"href":"https:\/\/www.achseverlag.com\/en\/wp-json\/wp\/v2\/media\/67565"}],"wp:attachment":[{"href":"https:\/\/www.achseverlag.com\/en\/wp-json\/wp\/v2\/media?parent=67149"}],"wp:term":[{"taxonomy":"product_brand","embeddable":true,"href":"https:\/\/www.achseverlag.com\/en\/wp-json\/wp\/v2\/product_brand?post=67149"},{"taxonomy":"product_cat","embeddable":true,"href":"https:\/\/www.achseverlag.com\/en\/wp-json\/wp\/v2\/product_cat?post=67149"},{"taxonomy":"product_tag","embeddable":true,"href":"https:\/\/www.achseverlag.com\/en\/wp-json\/wp\/v2\/product_tag?post=67149"}],"curies":[{"name":"wp","href":"https:\/\/api.w.org\/{rel}","templated":true}]}}