{"id":67153,"date":"2024-09-27T08:27:40","date_gmt":"2024-09-27T08:27:40","guid":{"rendered":"https:\/\/www.achseverlag.com\/was-glitzert-denn-da\/"},"modified":"2024-09-27T12:28:40","modified_gmt":"2024-09-27T10:28:40","slug":"was-glitzert-denn-da","status":"publish","type":"product","link":"https:\/\/www.achseverlag.com\/en\/was-glitzert-denn-da\/","title":{"rendered":"(Deutsch) Was glitzert denn da?"},"content":{"rendered":"<p class=\"qtranxs-available-languages-message qtranxs-available-languages-message-en\">Sorry, this entry is only available in <a href=\"https:\/\/www.achseverlag.com\/de\/wp-json\/wp\/v2\/product\/67153\" class=\"qtranxs-available-language-link qtranxs-available-language-link-de\" title=\"Deutsch\">Deutsch<\/a>.<\/p><p><\/p>\n<div><b>ab 8 Jahren | Thema: Heranwachsen und Selbstliebe<br \/><\/b><\/div>\n<div><\/div>\n<div>Mit einer Extraportion Glitzer vermittelt dieses Buch einen breit gef\u00e4cherten \u00dcberblick \u00fcber K\u00f6rper, Sexualit\u00e4t und Pubert\u00e4t und begleitet durch eine Phase voller Fragen. Themen finden Platz, die oft au\u00dfen vor gelassen werden: Selbstf\u00fcrsorge, Body Positivity, Consent, dynamische Geschlechtsidentit\u00e4t und mehr. Auch Erwachsene k\u00f6nnen hier noch etwas lernen! <i>Was glitzert denn da?<\/i> weckt mit seinen verspielten Illustrationen und Glitzerelementen die Lust am Entdecken, Ausprobieren, Wachsen und Sich-selbst- Kennenlernen. Ein Pl\u00e4doyer zur lustbetonten Selbstliebe!<\/div>\n<div><\/div>\n<div>\n<blockquote><p><b>\u00bbGelungen auf voller Linie: Die Illustrationen k\u00f6nnte ich stundenlang<br \/> anschauen und auch die Erkl\u00e4rtexte ber\u00fccksichtigen gekonnt ein gro\u00dfes <br \/>Spektrum an Lebensrealit\u00e4ten.\u00ab<br \/><\/b><\/p>\n<div align=\"right\"><i>&#8211; Regina Frei, Buchhandlung Orell F\u00fcssli<\/i><\/div>\n<\/blockquote>\n<\/div>\n<div><\/div>\n<div><span style=\"font-size:13px;color:#000000;font-weight:normal;text-decoration:none;font-family:'Arial';font-style:normal;text-decoration-skip-ink:none;\">Das innovativ gestaltete Buch bricht Konventionen, indem es durch vielf\u00e4ltige Darstellungen von K\u00f6rpern und Identit\u00e4ten eine inklusive Perspektive schafft. Die wertfreie Herangehensweise machen es zu einem wertvollen Beitrag f\u00fcr eine diverse Kinderbibliothek, die positive Selbstbilder und Offenheit f\u00f6rdert. <\/span><\/div>\n<p><\/p>","protected":false},"excerpt":{"rendered":"<p class=\"qtranxs-available-languages-message qtranxs-available-languages-message-en\">Sorry, this entry is only available in <a href=\"https:\/\/www.achseverlag.com\/de\/wp-json\/wp\/v2\/product\/67153\" class=\"qtranxs-available-language-link qtranxs-available-language-link-de\" title=\"Deutsch\">Deutsch<\/a>.<\/p>\n<div><b>ab 8 Jahren | Thema: Heranwachsen und Selbstliebe<br \/><\/b><\/div>\n<div><\/div>\n<div>Mit einer Extraportion Glitzer vermittelt dieses Buch einen breit gef\u00e4cherten \u00dcberblick \u00fcber K\u00f6rper, Sexualit\u00e4t und Pubert\u00e4t und begleitet durch eine Phase voller Fragen. Themen finden Platz, die oft au\u00dfen vor gelassen werden: Selbstf\u00fcrsorge, Body Positivity, Consent, dynamische Geschlechtsidentit\u00e4t und mehr. Auch Erwachsene k\u00f6nnen hier noch etwas lernen! <i>Was glitzert denn da?<\/i> weckt mit seinen verspielten Illustrationen und Glitzerelementen die Lust am Entdecken, Ausprobieren, Wachsen und Sich-selbst- Kennenlernen. Ein Pl\u00e4doyer zur lustbetonten Selbstliebe!<\/div>\n<div><\/div>\n<div>\n<blockquote><p><b>\u00bbGelungen auf voller Linie: Die Illustrationen k\u00f6nnte ich stundenlang<br \/> anschauen und auch die Erkl\u00e4rtexte ber\u00fccksichtigen gekonnt ein gro\u00dfes <br \/>Spektrum an Lebensrealit\u00e4ten.\u00ab<br \/><\/b><\/p>\n<div align=\"right\"><i>&#8211; Regina Frei, Buchhandlung Orell F\u00fcssli<\/i><\/div>\n<\/blockquote>\n<\/div>\n<div><\/div>\n<div><span style=\"font-size:13px;color:#000000;font-weight:normal;text-decoration:none;font-family:'Arial';font-style:normal;text-decoration-skip-ink:none;\">Das innovativ gestaltete Buch bricht Konventionen, indem es durch vielf\u00e4ltige Darstellungen von K\u00f6rpern und Identit\u00e4ten eine inklusive Perspektive schafft. Die wertfreie Herangehensweise machen es zu einem wertvollen Beitrag f\u00fcr eine diverse Kinderbibliothek, die positive Selbstbilder und Offenheit f\u00f6rdert. <\/span><\/div>\n","protected":false},"featured_media":67552,"template":"","meta":{"_acf_changed":false},"product_brand":[],"product_cat":[2753,2770],"product_tag":[2814],"class_list":{"0":"post-67153","1":"product","2":"type-product","3":"status-publish","4":"has-post-thumbnail","6":"product_cat-kinderbuch","7":"product_cat-koerper-aufklaerung","8":"product_tag-genderneutral-aufklaerung-glitzer-vielfaeltig-divers","9":"autor-patricia-struebin-daria-locher","10":"edition-orac","12":"first","13":"instock","14":"taxable","15":"shipping-taxable","16":"purchasable","17":"product-type-simple"},"acf":[],"_links":{"self":[{"href":"https:\/\/www.achseverlag.com\/en\/wp-json\/wp\/v2\/product\/67153","targetHints":{"allow":["GET"]}}],"collection":[{"href":"https:\/\/www.achseverlag.com\/en\/wp-json\/wp\/v2\/product"}],"about":[{"href":"https:\/\/www.achseverlag.com\/en\/wp-json\/wp\/v2\/types\/product"}],"wp:featuredmedia":[{"embeddable":true,"href":"https:\/\/www.achseverlag.com\/en\/wp-json\/wp\/v2\/media\/67552"}],"wp:attachment":[{"href":"https:\/\/www.achseverlag.com\/en\/wp-json\/wp\/v2\/media?parent=67153"}],"wp:term":[{"taxonomy":"product_brand","embeddable":true,"href":"https:\/\/www.achseverlag.com\/en\/wp-json\/wp\/v2\/product_brand?post=67153"},{"taxonomy":"product_cat","embeddable":true,"href":"https:\/\/www.achseverlag.com\/en\/wp-json\/wp\/v2\/product_cat?post=67153"},{"taxonomy":"product_tag","embeddable":true,"href":"https:\/\/www.achseverlag.com\/en\/wp-json\/wp\/v2\/product_tag?post=67153"}],"curies":[{"name":"wp","href":"https:\/\/api.w.org\/{rel}","templated":true}]}}