{"id":67306,"date":"2024-09-26T05:50:31","date_gmt":"2024-09-26T05:50:31","guid":{"rendered":"https:\/\/www.achseverlag.com\/mausi-und-die-tanzenden-buchstaben\/"},"modified":"2024-09-26T09:51:31","modified_gmt":"2024-09-26T07:51:31","slug":"mausi-und-die-tanzenden-buchstaben","status":"publish","type":"product","link":"https:\/\/www.achseverlag.com\/en\/mausi-und-die-tanzenden-buchstaben\/","title":{"rendered":"(Deutsch) Mausi und die tanzenden Buchstaben"},"content":{"rendered":"<p class=\"qtranxs-available-languages-message qtranxs-available-languages-message-en\">Sorry, this entry is only available in <a href=\"https:\/\/www.achseverlag.com\/de\/wp-json\/wp\/v2\/product\/67306\" class=\"qtranxs-available-language-link qtranxs-available-language-link-de\" title=\"Deutsch\">Deutsch<\/a>.<\/p><p><\/p>\n<div><b>ab 4 Jahren | Thema: Legasthenie und Kreativit\u00e4t<\/b><\/div>\n<div>\u00dcbersetzt aus dem Slowenischen von Alexandra Natalie Zaleznik.<\/div>\n<div><\/div>\n<div>Die kleine Maus kann singen und Ball spielen. Nur mit dem Lesen und Schreiben will es in der Schule nicht klappen. Es ist, als w\u00fcrden die Buchstaben vor ihren Augen zu tanzen beginnen! Die Lehrerin ist streng und die anderen M\u00e4use machen sich \u00fcber sie lustig. Doch Mausi kann geholfen werden: Eine Psychologin stellt Legasthenie fest. Die neue Brille mit pinkfarbenen Gl\u00e4sern ist nicht nur superschick, sondern macht das Lesen so viel einfacher! Endlich steht Mausi die Welt der B\u00fccher und Geschichten offen.&nbsp;<\/div>\n<div><\/div>\n<div>\n<blockquote><p><b>\u00bb\u2026eine Geschichte \u00fcber das Akzeptieren von Unterschieden und die Emanzipation derer, die zun\u00e4chst keine Macht haben.\u00ab<br \/><\/b><\/p>\n<div align=\"right\"><i>&#8211; Ivana Zajc, Literaturblog Sodobnost<\/i><\/div>\n<\/blockquote>\n<\/div>\n<div><\/div>\n<div>Legasthenie ist bei Kindern weitverbreitet. Sa\u0161a Pav\u010deks M\u00e4usefabel macht das Thema sichtbar und pl\u00e4diert f\u00fcr Inklusion, Akzeptanz und Kreativit\u00e4t, abseits aller Hindernisse.<\/div>\n<p><\/p>","protected":false},"excerpt":{"rendered":"<p class=\"qtranxs-available-languages-message qtranxs-available-languages-message-en\">Sorry, this entry is only available in <a href=\"https:\/\/www.achseverlag.com\/de\/wp-json\/wp\/v2\/product\/67306\" class=\"qtranxs-available-language-link qtranxs-available-language-link-de\" title=\"Deutsch\">Deutsch<\/a>.<\/p>\n<div><b>ab 4 Jahren | Thema: Legasthenie und Kreativit\u00e4t<\/b><\/div>\n<div>\u00dcbersetzt aus dem Slowenischen von Alexandra Natalie Zaleznik.<\/div>\n<div><\/div>\n<div>Die kleine Maus kann singen und Ball spielen. Nur mit dem Lesen und Schreiben will es in der Schule nicht klappen. Es ist, als w\u00fcrden die Buchstaben vor ihren Augen zu tanzen beginnen! Die Lehrerin ist streng und die anderen M\u00e4use machen sich \u00fcber sie lustig. Doch Mausi kann geholfen werden: Eine Psychologin stellt Legasthenie fest. Die neue Brille mit pinkfarbenen Gl\u00e4sern ist nicht nur superschick, sondern macht das Lesen so viel einfacher! Endlich steht Mausi die Welt der B\u00fccher und Geschichten offen.&nbsp;<\/div>\n<div><\/div>\n<div>\n<blockquote><p><b>\u00bb\u2026eine Geschichte \u00fcber das Akzeptieren von Unterschieden und die Emanzipation derer, die zun\u00e4chst keine Macht haben.\u00ab<br \/><\/b><\/p>\n<div align=\"right\"><i>&#8211; Ivana Zajc, Literaturblog Sodobnost<\/i><\/div>\n<\/blockquote>\n<\/div>\n<div><\/div>\n<div>Legasthenie ist bei Kindern weitverbreitet. Sa\u0161a Pav\u010deks M\u00e4usefabel macht das Thema sichtbar und pl\u00e4diert f\u00fcr Inklusion, Akzeptanz und Kreativit\u00e4t, abseits aller Hindernisse.<\/div>\n","protected":false},"featured_media":67560,"template":"","meta":{"_acf_changed":false},"product_brand":[],"product_cat":[2753,2771,2772],"product_tag":[2899],"class_list":{"0":"post-67306","1":"product","2":"type-product","3":"status-publish","4":"has-post-thumbnail","6":"product_cat-kinderbuch","7":"product_cat-natur-tiere","8":"product_cat-vorlesegeschichten","9":"product_tag-maus-tiere-lesen-leseschwaeche-legasthenie-dyslexie","10":"autor-alexandra-natalie-zaleznik","11":"autor-sasa-pavcek-kristina-krhin","12":"edition-orac","14":"first","15":"instock","16":"taxable","17":"shipping-taxable","18":"purchasable","19":"product-type-simple"},"acf":[],"_links":{"self":[{"href":"https:\/\/www.achseverlag.com\/en\/wp-json\/wp\/v2\/product\/67306","targetHints":{"allow":["GET"]}}],"collection":[{"href":"https:\/\/www.achseverlag.com\/en\/wp-json\/wp\/v2\/product"}],"about":[{"href":"https:\/\/www.achseverlag.com\/en\/wp-json\/wp\/v2\/types\/product"}],"wp:featuredmedia":[{"embeddable":true,"href":"https:\/\/www.achseverlag.com\/en\/wp-json\/wp\/v2\/media\/67560"}],"wp:attachment":[{"href":"https:\/\/www.achseverlag.com\/en\/wp-json\/wp\/v2\/media?parent=67306"}],"wp:term":[{"taxonomy":"product_brand","embeddable":true,"href":"https:\/\/www.achseverlag.com\/en\/wp-json\/wp\/v2\/product_brand?post=67306"},{"taxonomy":"product_cat","embeddable":true,"href":"https:\/\/www.achseverlag.com\/en\/wp-json\/wp\/v2\/product_cat?post=67306"},{"taxonomy":"product_tag","embeddable":true,"href":"https:\/\/www.achseverlag.com\/en\/wp-json\/wp\/v2\/product_tag?post=67306"}],"curies":[{"name":"wp","href":"https:\/\/api.w.org\/{rel}","templated":true}]}}