{"id":67308,"date":"2025-05-20T12:04:12","date_gmt":"2025-05-20T12:04:12","guid":{"rendered":"https:\/\/www.achseverlag.com\/was-uns-der-wind-erzaehlt\/"},"modified":"2025-05-20T16:05:12","modified_gmt":"2025-05-20T14:05:12","slug":"was-uns-der-wind-erzaehlt","status":"publish","type":"product","link":"https:\/\/www.achseverlag.com\/en\/was-uns-der-wind-erzaehlt\/","title":{"rendered":"(Deutsch) Was uns der Wind erz\u00e4hlt"},"content":{"rendered":"<p class=\"qtranxs-available-languages-message qtranxs-available-languages-message-en\">Sorry, this entry is only available in <a href=\"https:\/\/www.achseverlag.com\/de\/wp-json\/wp\/v2\/product\/67308\" class=\"qtranxs-available-language-link qtranxs-available-language-link-de\" title=\"Deutsch\">Deutsch<\/a>.<\/p><p><\/p>\n<div><b>ab 4 Jahren | Thema: Wind und Entdecken<\/b><\/div>\n<div><\/div>\n<div>Stell dir vor: Der Wind nimmt dich mit auf eine Reise. Was erz\u00e4hlt er dir? Was zeigt er dir? Dem Kind Lou passiert genau das und gemeinsam brechen Wind und Lou auf, um mehr \u00fcber dieses Naturph\u00e4nomen zu erfahren. Lou lernt viele Dinge: Wie der Wind Temperatur und Wetter beeinflusst, welche Geschichten sich die Menschen ausgedacht haben, um den Wind zu erkl\u00e4ren, welche Namen der Wind tr\u00e4gt und was er alles bewirkt.&nbsp;<\/div>\n<div><\/div>\n<div>\n<blockquote><p><b>\u00bbVom Wirbelwind bis zum hei\u00df ersehnten L\u00fcftchen. Nach diesem Buch sehe ich den Wind mit anderen Augen, fast schon als einen alten Freund.\u00ab<br \/><\/b><\/p>\n<div align=\"right\"><i>&#8211; Luna Dietrich, lesefreunde.at, Bookfairies Austria<\/i><\/div>\n<\/blockquote>\n<\/div>\n<div>Poetisch und bildstark spinnen Anita Buchart und Lili Mossbauer eine atmosph\u00e4rische Geschichte \u00fcber eine gro\u00dfe Faszination von Kindern und Erwachsenen.<\/div>\n<div><\/div>\n<div><span style=\"font-size:13px;color:#000000;font-weight:normal;text-decoration:none;font-family:'Arial';font-style:normal;text-decoration-skip-ink:none;\"><br \/><\/span><\/div>\n<p><\/p>","protected":false},"excerpt":{"rendered":"<p class=\"qtranxs-available-languages-message qtranxs-available-languages-message-en\">Sorry, this entry is only available in <a href=\"https:\/\/www.achseverlag.com\/de\/wp-json\/wp\/v2\/product\/67308\" class=\"qtranxs-available-language-link qtranxs-available-language-link-de\" title=\"Deutsch\">Deutsch<\/a>.<\/p>\n<div><b>ab 4 Jahren | Thema: Wind und Entdecken<\/b><\/div>\n<div><\/div>\n<div>Stell dir vor: Der Wind nimmt dich mit auf eine Reise. Was erz\u00e4hlt er dir? Was zeigt er dir? Dem Kind Lou passiert genau das und gemeinsam brechen Wind und Lou auf, um mehr \u00fcber dieses Naturph\u00e4nomen zu erfahren. Lou lernt viele Dinge: Wie der Wind Temperatur und Wetter beeinflusst, welche Geschichten sich die Menschen ausgedacht haben, um den Wind zu erkl\u00e4ren, welche Namen der Wind tr\u00e4gt und was er alles bewirkt.&nbsp;<\/div>\n<div><\/div>\n<div>\n<blockquote><p><b>\u00bbVom Wirbelwind bis zum hei\u00df ersehnten L\u00fcftchen. Nach diesem Buch sehe ich den Wind mit anderen Augen, fast schon als einen alten Freund.\u00ab<br \/><\/b><\/p>\n<div align=\"right\"><i>&#8211; Luna Dietrich, lesefreunde.at, Bookfairies Austria<\/i><\/div>\n<\/blockquote>\n<\/div>\n<div>Poetisch und bildstark spinnen Anita Buchart und Lili Mossbauer eine atmosph\u00e4rische Geschichte \u00fcber eine gro\u00dfe Faszination von Kindern und Erwachsenen.<\/div>\n<div><\/div>\n<div><span style=\"font-size:13px;color:#000000;font-weight:normal;text-decoration:none;font-family:'Arial';font-style:normal;text-decoration-skip-ink:none;\"><br \/><\/span><\/div>\n","protected":false},"featured_media":67574,"template":"","meta":{"_acf_changed":false},"product_brand":[],"product_cat":[2753,2771,2772],"product_tag":[2895],"class_list":{"0":"post-67308","1":"product","2":"type-product","3":"status-publish","4":"has-post-thumbnail","6":"product_cat-kinderbuch","7":"product_cat-natur-tiere","8":"product_cat-vorlesegeschichten","9":"product_tag-wind-wetter-temperatur-kultur-naturphaenomen","10":"autor-anita-buchart-lili-mossbauer","11":"edition-orac","13":"first","14":"instock","15":"taxable","16":"shipping-taxable","17":"purchasable","18":"product-type-simple"},"acf":[],"_links":{"self":[{"href":"https:\/\/www.achseverlag.com\/en\/wp-json\/wp\/v2\/product\/67308","targetHints":{"allow":["GET"]}}],"collection":[{"href":"https:\/\/www.achseverlag.com\/en\/wp-json\/wp\/v2\/product"}],"about":[{"href":"https:\/\/www.achseverlag.com\/en\/wp-json\/wp\/v2\/types\/product"}],"wp:featuredmedia":[{"embeddable":true,"href":"https:\/\/www.achseverlag.com\/en\/wp-json\/wp\/v2\/media\/67574"}],"wp:attachment":[{"href":"https:\/\/www.achseverlag.com\/en\/wp-json\/wp\/v2\/media?parent=67308"}],"wp:term":[{"taxonomy":"product_brand","embeddable":true,"href":"https:\/\/www.achseverlag.com\/en\/wp-json\/wp\/v2\/product_brand?post=67308"},{"taxonomy":"product_cat","embeddable":true,"href":"https:\/\/www.achseverlag.com\/en\/wp-json\/wp\/v2\/product_cat?post=67308"},{"taxonomy":"product_tag","embeddable":true,"href":"https:\/\/www.achseverlag.com\/en\/wp-json\/wp\/v2\/product_tag?post=67308"}],"curies":[{"name":"wp","href":"https:\/\/api.w.org\/{rel}","templated":true}]}}