{"id":67319,"date":"2024-09-26T05:35:39","date_gmt":"2024-09-26T05:35:39","guid":{"rendered":"https:\/\/www.achseverlag.com\/nayan-macht-die-augen-auf\/"},"modified":"2024-09-26T09:36:39","modified_gmt":"2024-09-26T07:36:39","slug":"nayan-macht-die-augen-auf","status":"publish","type":"product","link":"https:\/\/www.achseverlag.com\/en\/nayan-macht-die-augen-auf\/","title":{"rendered":"(Deutsch) Nayan macht die Augen auf"},"content":{"rendered":"<p class=\"qtranxs-available-languages-message qtranxs-available-languages-message-en\">Sorry, this entry is only available in <a href=\"https:\/\/www.achseverlag.com\/de\/wp-json\/wp\/v2\/product\/67319\" class=\"qtranxs-available-language-link qtranxs-available-language-link-de\" title=\"Deutsch\">Deutsch<\/a>.<\/p><p><b>ab 4 Jahren | Thema: Wahrnehmung und Sinne<\/b><\/p>\n<p>Nayan liebt den Gesang der V\u00f6gel und den Geruch von Milchbr\u00f6tchen. Aber Nayan kann nichts sehen, denn er ist blind auf die Welt gekommen. Nach einer Augenoperation sieht er seine Mutter und sich selbst das erste Mal. Doch er stellt auch fest: Vieles in der Stadt ist grau, den Menschen fehlt der Blick f\u00fcr die wichtigen Dinge. Erst als seine Mutter ihm eine Kamera schenkt, versteht Nayan, dass er die Augen aufmachen muss, um all das Sch\u00f6ne endlich wahrzunehmen.<\/p>\n<blockquote><p><b>\u00bbIn diesem Buch kommen das Erleben und die Fantasie einander ganz nahe, und das ist sch\u00f6n!\u00ab<br \/><\/b><\/p>\n<div align=\"right\"><i>&#8211; Prof. Erich Schmid,&nbsp;<\/i><\/div>\n<div align=\"right\"><i>Lehrer am Bundes-Blindeninstitut Wien&nbsp;<\/i><\/div>\n<div align=\"right\"><i>und Vizepr\u00e4sident im \u00f6sterreichischen Behindertenrat<\/i><\/div>\n<\/blockquote>\n<div>Nayans vertraute Welt erf\u00e4hrt eine tiefgreifende Ver\u00e4nderung, als er zum ersten Mal sehen kann. In dieser neuen Realit\u00e4t tauchen intensive Gef\u00fchle auf, die er sich stellen muss. Die Geschichte zeigt, dass Kinder mit ihrer Einzigartigkeit, ihrem Mut und einer liebevollen Unterst\u00fctzung in der Lage sind, s\u00e4mtliche Herausforderungen zu meistern.<\/div>\n<div><\/div>\n<blockquote><p><b>Ein modernes M\u00e4rchen mit einem neugierigen Helden und einer gro\u00dfen Botschaft<\/b><\/p><\/blockquote>\n<p><\/p>","protected":false},"excerpt":{"rendered":"<p class=\"qtranxs-available-languages-message qtranxs-available-languages-message-en\">Sorry, this entry is only available in <a href=\"https:\/\/www.achseverlag.com\/de\/wp-json\/wp\/v2\/product\/67319\" class=\"qtranxs-available-language-link qtranxs-available-language-link-de\" title=\"Deutsch\">Deutsch<\/a>.<\/p>\n<p><b>ab 4 Jahren | Thema: Wahrnehmung und Sinne<\/b><\/p>\n<p>Nayan liebt den Gesang der V\u00f6gel und den Geruch von Milchbr\u00f6tchen. Aber Nayan kann nichts sehen, denn er ist blind auf die Welt gekommen. Nach einer Augenoperation sieht er seine Mutter und sich selbst das erste Mal. Doch er stellt auch fest: Vieles in der Stadt ist grau, den Menschen fehlt der Blick f\u00fcr die wichtigen Dinge. Erst als seine Mutter ihm eine Kamera schenkt, versteht Nayan, dass er die Augen aufmachen muss, um all das Sch\u00f6ne endlich wahrzunehmen.<\/p>\n<blockquote><p><b>\u00bbIn diesem Buch kommen das Erleben und die Fantasie einander ganz nahe, und das ist sch\u00f6n!\u00ab<br \/><\/b><\/p>\n<div align=\"right\"><i>&#8211; Prof. Erich Schmid,&nbsp;<\/i><\/div>\n<div align=\"right\"><i>Lehrer am Bundes-Blindeninstitut Wien&nbsp;<\/i><\/div>\n<div align=\"right\"><i>und Vizepr\u00e4sident im \u00f6sterreichischen Behindertenrat<\/i><\/div>\n<\/blockquote>\n<div>Nayans vertraute Welt erf\u00e4hrt eine tiefgreifende Ver\u00e4nderung, als er zum ersten Mal sehen kann. In dieser neuen Realit\u00e4t tauchen intensive Gef\u00fchle auf, die er sich stellen muss. Die Geschichte zeigt, dass Kinder mit ihrer Einzigartigkeit, ihrem Mut und einer liebevollen Unterst\u00fctzung in der Lage sind, s\u00e4mtliche Herausforderungen zu meistern.<\/div>\n<div><\/div>\n<blockquote><p><b>Ein modernes M\u00e4rchen mit einem neugierigen Helden und einer gro\u00dfen Botschaft<\/b><\/p><\/blockquote>\n","protected":false},"featured_media":67566,"template":"","meta":{"_acf_changed":false},"product_brand":[],"product_cat":[2753,2772],"product_tag":[2865],"class_list":{"0":"post-67319","1":"product","2":"type-product","3":"status-publish","4":"has-post-thumbnail","6":"product_cat-kinderbuch","7":"product_cat-vorlesegeschichten","8":"product_tag-blind-sehen-farben-kamera-fotografie-sinne","9":"autor-emoke-gabriella-nemeth","10":"autor-lena-kalisch-1","11":"edition-orac","13":"first","14":"instock","15":"taxable","16":"shipping-taxable","17":"purchasable","18":"product-type-simple"},"acf":[],"_links":{"self":[{"href":"https:\/\/www.achseverlag.com\/en\/wp-json\/wp\/v2\/product\/67319","targetHints":{"allow":["GET"]}}],"collection":[{"href":"https:\/\/www.achseverlag.com\/en\/wp-json\/wp\/v2\/product"}],"about":[{"href":"https:\/\/www.achseverlag.com\/en\/wp-json\/wp\/v2\/types\/product"}],"wp:featuredmedia":[{"embeddable":true,"href":"https:\/\/www.achseverlag.com\/en\/wp-json\/wp\/v2\/media\/67566"}],"wp:attachment":[{"href":"https:\/\/www.achseverlag.com\/en\/wp-json\/wp\/v2\/media?parent=67319"}],"wp:term":[{"taxonomy":"product_brand","embeddable":true,"href":"https:\/\/www.achseverlag.com\/en\/wp-json\/wp\/v2\/product_brand?post=67319"},{"taxonomy":"product_cat","embeddable":true,"href":"https:\/\/www.achseverlag.com\/en\/wp-json\/wp\/v2\/product_cat?post=67319"},{"taxonomy":"product_tag","embeddable":true,"href":"https:\/\/www.achseverlag.com\/en\/wp-json\/wp\/v2\/product_tag?post=67319"}],"curies":[{"name":"wp","href":"https:\/\/api.w.org\/{rel}","templated":true}]}}