{"id":67321,"date":"2025-02-12T07:00:14","date_gmt":"2025-02-12T07:00:14","guid":{"rendered":"https:\/\/www.achseverlag.com\/alle-machen-sport\/"},"modified":"2025-02-12T10:01:14","modified_gmt":"2025-02-12T09:01:14","slug":"alle-machen-sport","status":"publish","type":"product","link":"https:\/\/www.achseverlag.com\/en\/alle-machen-sport\/","title":{"rendered":"(Deutsch) Alle machen Sport"},"content":{"rendered":"<p class=\"qtranxs-available-languages-message qtranxs-available-languages-message-en\">Sorry, this entry is only available in <a href=\"https:\/\/www.achseverlag.com\/de\/wp-json\/wp\/v2\/product\/67321\" class=\"qtranxs-available-language-link qtranxs-available-language-link-de\" title=\"Deutsch\">Deutsch<\/a>.<\/p><p><\/p>\n<div><b>ab 5 Jahren | Thema: Sport und Vielfalt<\/b><\/div>\n<div><\/div>\n<div>Sport ist \u00fcberall, in der Schule, in der Stadt, im Fernsehen. Auch Carlas Familie ist total sportbegeistert. Bl\u00f6d nur, dass Carla \u00fcberhaupt keine Lust auf Sport hat. St\u00e4ndig Fu\u00dfball, doofe Spr\u00fcche und zuletzt gew\u00e4hlt werden. Also: Mund auf und dar\u00fcber reden! Beim gemeinsamen Sportprojekt merken Carla und ihre Crew schnell, dass mit viel Ausprobieren ein neuer Lieblingssport gefunden werden kann. Dabei lernen die Kinder auch, dass Fairness, Gleichberechtigung und Teamspirit genauso wichtig sind wie Laufen und Springen. Denn Sport soll haupts\u00e4chlich Spa\u00df machen \u2013 am besten allen.<\/div>\n<div><\/p>\n<div><\/div>\n<blockquote><p><b>\u00bbDieses Buch sollte eine Pflichtlekt\u00fcre f\u00fcr alle Kinder, Eltern und Sport-Lehrkr\u00e4fte sein!\u00ab<\/b><\/p><\/blockquote>\n<p style=\"text-align: right;\"><i>Jakob Altzinger, Sportlehrer aus Wien<\/i><\/p>\n<div>\n<div><\/div>\n<div><i>Alle machen Sport<\/i> regt junge Menschen dazu an, selbstbestimmt Spa\u00df an Sport und Bewegung zu entwickeln. Viele Themen, die in der Geschichte vorkommen, k\u00f6nnen aufgegriffen werden, um Gespr\u00e4che in der Schule oder Familie zu f\u00fchren und Ver\u00e4nderungen anzuregen. Dabei geht es zum Beispiel um das Konzept von Regeln und Respekt, Situationen in der Umkleidekabine oder wichtige Vorbilder in der Sportgeschichte. Gespr\u00e4che mit Kindern, Eltern, P\u00e4dagog*innen, Sportexpert*innen und Freund*innen haben ihren Teil dazu beigetragen, das Buch thematisch breit und praxisorientiert zu entwickeln. Die erfrischende Aufmachung und die thematische Einbindung in den erz\u00e4hlten Kinderalltag heben sich vom klassischen Sachbuch ab und machen die Erz\u00e4hlung von Carlas Crew zum Vorleseabenteuer.<\/div>\n<\/div>\n<div><\/div>\n<\/div>\n<blockquote><p><b>SHORTLIST F\u00dcR DEN DEUTSCHEN KINDERBUCHPREIS 2024<\/b><\/p><\/blockquote>\n<p><\/p>","protected":false},"excerpt":{"rendered":"<p class=\"qtranxs-available-languages-message qtranxs-available-languages-message-en\">Sorry, this entry is only available in <a href=\"https:\/\/www.achseverlag.com\/de\/wp-json\/wp\/v2\/product\/67321\" class=\"qtranxs-available-language-link qtranxs-available-language-link-de\" title=\"Deutsch\">Deutsch<\/a>.<\/p>\n<div><b>ab 5 Jahren | Thema: Sport und Vielfalt<\/b><\/div>\n<div><\/div>\n<div>Sport ist \u00fcberall, in der Schule, in der Stadt, im Fernsehen. Auch Carlas Familie ist total sportbegeistert. Bl\u00f6d nur, dass Carla \u00fcberhaupt keine Lust auf Sport hat. St\u00e4ndig Fu\u00dfball, doofe Spr\u00fcche und zuletzt gew\u00e4hlt werden. Also: Mund auf und dar\u00fcber reden! Beim gemeinsamen Sportprojekt merken Carla und ihre Crew schnell, dass mit viel Ausprobieren ein neuer Lieblingssport gefunden werden kann. Dabei lernen die Kinder auch, dass Fairness, Gleichberechtigung und Teamspirit genauso wichtig sind wie Laufen und Springen. Denn Sport soll haupts\u00e4chlich Spa\u00df machen \u2013 am besten allen.<\/div>\n<div><\/p>\n<div><\/div>\n<blockquote><p><b>\u00bbDieses Buch sollte eine Pflichtlekt\u00fcre f\u00fcr alle Kinder, Eltern und Sport-Lehrkr\u00e4fte sein!\u00ab<\/b><\/p><\/blockquote>\n<p style=\"text-align: right;\"><i>Jakob Altzinger, Sportlehrer aus Wien<\/i><\/p>\n<div>\n<div><\/div>\n<div><i>Alle machen Sport<\/i> regt junge Menschen dazu an, selbstbestimmt Spa\u00df an Sport und Bewegung zu entwickeln. Viele Themen, die in der Geschichte vorkommen, k\u00f6nnen aufgegriffen werden, um Gespr\u00e4che in der Schule oder Familie zu f\u00fchren und Ver\u00e4nderungen anzuregen. Dabei geht es zum Beispiel um das Konzept von Regeln und Respekt, Situationen in der Umkleidekabine oder wichtige Vorbilder in der Sportgeschichte. Gespr\u00e4che mit Kindern, Eltern, P\u00e4dagog*innen, Sportexpert*innen und Freund*innen haben ihren Teil dazu beigetragen, das Buch thematisch breit und praxisorientiert zu entwickeln. Die erfrischende Aufmachung und die thematische Einbindung in den erz\u00e4hlten Kinderalltag heben sich vom klassischen Sachbuch ab und machen die Erz\u00e4hlung von Carlas Crew zum Vorleseabenteuer.<\/div>\n<\/div>\n<div><\/div>\n<\/div>\n<blockquote><p><b>SHORTLIST F\u00dcR DEN DEUTSCHEN KINDERBUCHPREIS 2024<\/b><\/p><\/blockquote>\n","protected":false},"featured_media":67466,"template":"","meta":{"_acf_changed":false},"product_brand":[],"product_cat":[2753,2770],"product_tag":[2795],"class_list":{"0":"post-67321","1":"product","2":"type-product","3":"status-publish","4":"has-post-thumbnail","6":"product_cat-kinderbuch","7":"product_cat-koerper-aufklaerung","8":"product_tag-sport-fair-play-schule-basketball-tennis-schlittschuh-akrobatik-turnen-turnunterricht-sportunterricht-kampfsport","9":"autor-anna-horak-liese-macher-vale-weber","10":"edition-orac","12":"first","13":"instock","14":"taxable","15":"shipping-taxable","16":"purchasable","17":"product-type-simple"},"acf":[],"_links":{"self":[{"href":"https:\/\/www.achseverlag.com\/en\/wp-json\/wp\/v2\/product\/67321","targetHints":{"allow":["GET"]}}],"collection":[{"href":"https:\/\/www.achseverlag.com\/en\/wp-json\/wp\/v2\/product"}],"about":[{"href":"https:\/\/www.achseverlag.com\/en\/wp-json\/wp\/v2\/types\/product"}],"wp:featuredmedia":[{"embeddable":true,"href":"https:\/\/www.achseverlag.com\/en\/wp-json\/wp\/v2\/media\/67466"}],"wp:attachment":[{"href":"https:\/\/www.achseverlag.com\/en\/wp-json\/wp\/v2\/media?parent=67321"}],"wp:term":[{"taxonomy":"product_brand","embeddable":true,"href":"https:\/\/www.achseverlag.com\/en\/wp-json\/wp\/v2\/product_brand?post=67321"},{"taxonomy":"product_cat","embeddable":true,"href":"https:\/\/www.achseverlag.com\/en\/wp-json\/wp\/v2\/product_cat?post=67321"},{"taxonomy":"product_tag","embeddable":true,"href":"https:\/\/www.achseverlag.com\/en\/wp-json\/wp\/v2\/product_tag?post=67321"}],"curies":[{"name":"wp","href":"https:\/\/api.w.org\/{rel}","templated":true}]}}