{"id":67529,"date":"2024-10-09T06:35:42","date_gmt":"2024-10-09T06:35:42","guid":{"rendered":"https:\/\/www.achseverlag.com\/empty-product-container-2\/"},"modified":"2024-10-09T10:36:42","modified_gmt":"2024-10-09T08:36:42","slug":"helle-sterne-dunkle-nacht","status":"publish","type":"product","link":"https:\/\/www.achseverlag.com\/en\/helle-sterne-dunkle-nacht\/","title":{"rendered":"(Deutsch) Helle Sterne, dunkle Nacht"},"content":{"rendered":"<p class=\"qtranxs-available-languages-message qtranxs-available-languages-message-en\">Sorry, this entry is only available in <a href=\"https:\/\/www.achseverlag.com\/de\/wp-json\/wp\/v2\/product\/67529\" class=\"qtranxs-available-language-link qtranxs-available-language-link-de\" title=\"Deutsch\">Deutsch<\/a>.<\/p><p><\/p>\n<p style=\"margin: 0px;font-style: normal;font-variant-caps: normal;font-stretch: normal;line-height: normal;font-family: &quot;Helvetica Neue&quot;;font-size-adjust: none;font-kerning: auto;font-variant-alternates: normal;font-variant-ligatures: normal;font-variant-numeric: normal;font-variant-east-asian: normal;font-variant-position: normal;font-feature-settings: normal;font-optical-sizing: auto;font-variation-settings: normal;\"><b>ab 5 Jahren | Thema: Natur und Umwelt<\/b><\/p>\n<p style=\"margin: 0px;font-style: normal;font-variant-caps: normal;font-stretch: normal;line-height: normal;font-family: &quot;Helvetica Neue&quot;;font-size-adjust: none;font-kerning: auto;font-variant-alternates: normal;font-variant-ligatures: normal;font-variant-numeric: normal;font-variant-east-asian: normal;font-variant-position: normal;font-feature-settings: normal;font-optical-sizing: auto;font-variation-settings: normal;\"><\/p>\n<p style=\"margin: 0px;font-style: normal;font-variant-caps: normal;font-stretch: normal;line-height: normal;font-family: &quot;Helvetica Neue&quot;;font-size-adjust: none;font-kerning: auto;font-variant-alternates: normal;font-variant-ligatures: normal;font-variant-numeric: normal;font-variant-east-asian: normal;font-variant-position: normal;font-feature-settings: normal;font-optical-sizing: auto;font-variation-settings: normal;\">Machen B\u00e4ume Feierabend? Wohin fliegen Flederm\u00e4use, wenn sie nicht schlafen k\u00f6nnen? Warum werden Museen und Kirchen die ganze Nacht mit gro\u00dfen Scheinwerfern beleuchtet und wieso sieht man in der Stadt keine Sterne? Ist es noch irgendwo richtig dunkel? Und warum ist die Dunkelheit so wichtig f\u00fcr alle?<\/p>\n<p style=\"margin: 0px;font-style: normal;font-variant-caps: normal;font-stretch: normal;line-height: normal;font-family: &quot;Helvetica Neue&quot;;font-size-adjust: none;font-kerning: auto;font-variant-alternates: normal;font-variant-ligatures: normal;font-variant-numeric: normal;font-variant-east-asian: normal;font-variant-position: normal;font-feature-settings: normal;font-optical-sizing: auto;font-variation-settings: normal;\"><b><br \/><\/b><\/p>\n<p style=\"margin: 0px;font-style: normal;font-variant-caps: normal;font-stretch: normal;line-height: normal;font-family: &quot;Helvetica Neue&quot;;font-size-adjust: none;font-kerning: auto;font-variant-alternates: normal;font-variant-ligatures: normal;font-variant-numeric: normal;font-variant-east-asian: normal;font-variant-position: normal;font-feature-settings: normal;font-optical-sizing: auto;font-variation-settings: normal;\"><b>\u00bbHelle Sterne, dunkle Nacht\u00ab<\/b> begleitet das M\u00e4dchen Maya und eine Fledermaus auf ihrem n\u00e4chtlichen Weg durch die beleuchtete Stadt und bei ihrer Suche nach dem Sternenhimmel.<\/p>\n<p style=\"margin: 0px;font-style: normal;font-variant-caps: normal;font-stretch: normal;line-height: normal;font-family: &quot;Helvetica Neue&quot;;font-size-adjust: none;font-kerning: auto;font-variant-alternates: normal;font-variant-ligatures: normal;font-variant-numeric: normal;font-variant-east-asian: normal;font-variant-position: normal;font-feature-settings: normal;font-optical-sizing: auto;font-variation-settings: normal;min-height: 15px;\"><\/p>\n<p><\/p>\n<blockquote><p><b>\u00bbEin abenteuerlicher Spaziergang in eine Welt, die kaum noch jemand kennt: die Nacht.<\/b><b> Ein Buch mit liebenswerten Charakteren, die uns daran erinnern, wie wertvoll Dunkelheit f\u00fcr Mensch, Tier und Pflanzen ist.\u00ab<\/b><\/p><\/blockquote>\n<p><\/p>\n<p style=\"text-align: right;margin: 0px;font-variant-caps: normal;font-stretch: normal;line-height: normal;font-family: &quot;Helvetica Neue&quot;;font-size-adjust: none;font-kerning: auto;font-variant-alternates: normal;font-variant-ligatures: normal;font-variant-numeric: normal;font-variant-east-asian: normal;font-variant-position: normal;font-feature-settings: normal;font-optical-sizing: auto;font-variation-settings: normal;\"><i>Annette Krop-Benesch,<\/i><\/p>\n<p style=\"text-align: right;margin: 0px;font-variant-caps: normal;font-stretch: normal;line-height: normal;font-family: &quot;Helvetica Neue&quot;;font-size-adjust: none;font-kerning: auto;font-variant-alternates: normal;font-variant-ligatures: normal;font-variant-numeric: normal;font-variant-east-asian: normal;font-variant-position: normal;font-feature-settings: normal;font-optical-sizing: auto;font-variation-settings: normal;\"><i>Autorin und Expertin f\u00fcr Lichtverschmutzung<\/i><\/p>\n<p><\/p>","protected":false},"excerpt":{"rendered":"<p class=\"qtranxs-available-languages-message qtranxs-available-languages-message-en\">Sorry, this entry is only available in <a href=\"https:\/\/www.achseverlag.com\/de\/wp-json\/wp\/v2\/product\/67529\" class=\"qtranxs-available-language-link qtranxs-available-language-link-de\" title=\"Deutsch\">Deutsch<\/a>.<\/p>\n<p style=\"margin: 0px;font-style: normal;font-variant-caps: normal;font-stretch: normal;line-height: normal;font-family: &quot;Helvetica Neue&quot;;font-size-adjust: none;font-kerning: auto;font-variant-alternates: normal;font-variant-ligatures: normal;font-variant-numeric: normal;font-variant-east-asian: normal;font-variant-position: normal;font-feature-settings: normal;font-optical-sizing: auto;font-variation-settings: normal;\"><b>ab 5 Jahren | Thema: Natur und Umwelt<\/b><\/p>\n<p style=\"margin: 0px;font-style: normal;font-variant-caps: normal;font-stretch: normal;line-height: normal;font-family: &quot;Helvetica Neue&quot;;font-size-adjust: none;font-kerning: auto;font-variant-alternates: normal;font-variant-ligatures: normal;font-variant-numeric: normal;font-variant-east-asian: normal;font-variant-position: normal;font-feature-settings: normal;font-optical-sizing: auto;font-variation-settings: normal;\"><\/p>\n<p style=\"margin: 0px;font-style: normal;font-variant-caps: normal;font-stretch: normal;line-height: normal;font-family: &quot;Helvetica Neue&quot;;font-size-adjust: none;font-kerning: auto;font-variant-alternates: normal;font-variant-ligatures: normal;font-variant-numeric: normal;font-variant-east-asian: normal;font-variant-position: normal;font-feature-settings: normal;font-optical-sizing: auto;font-variation-settings: normal;\">Machen B\u00e4ume Feierabend? Wohin fliegen Flederm\u00e4use, wenn sie nicht schlafen k\u00f6nnen? Warum werden Museen und Kirchen die ganze Nacht mit gro\u00dfen Scheinwerfern beleuchtet und wieso sieht man in der Stadt keine Sterne? Ist es noch irgendwo richtig dunkel? Und warum ist die Dunkelheit so wichtig f\u00fcr alle?<\/p>\n<p style=\"margin: 0px;font-style: normal;font-variant-caps: normal;font-stretch: normal;line-height: normal;font-family: &quot;Helvetica Neue&quot;;font-size-adjust: none;font-kerning: auto;font-variant-alternates: normal;font-variant-ligatures: normal;font-variant-numeric: normal;font-variant-east-asian: normal;font-variant-position: normal;font-feature-settings: normal;font-optical-sizing: auto;font-variation-settings: normal;\"><b><br \/><\/b><\/p>\n<p style=\"margin: 0px;font-style: normal;font-variant-caps: normal;font-stretch: normal;line-height: normal;font-family: &quot;Helvetica Neue&quot;;font-size-adjust: none;font-kerning: auto;font-variant-alternates: normal;font-variant-ligatures: normal;font-variant-numeric: normal;font-variant-east-asian: normal;font-variant-position: normal;font-feature-settings: normal;font-optical-sizing: auto;font-variation-settings: normal;\"><b>\u00bbHelle Sterne, dunkle Nacht\u00ab<\/b> begleitet das M\u00e4dchen Maya und eine Fledermaus auf ihrem n\u00e4chtlichen Weg durch die beleuchtete Stadt und bei ihrer Suche nach dem Sternenhimmel.<\/p>\n<p style=\"margin: 0px;font-style: normal;font-variant-caps: normal;font-stretch: normal;line-height: normal;font-family: &quot;Helvetica Neue&quot;;font-size-adjust: none;font-kerning: auto;font-variant-alternates: normal;font-variant-ligatures: normal;font-variant-numeric: normal;font-variant-east-asian: normal;font-variant-position: normal;font-feature-settings: normal;font-optical-sizing: auto;font-variation-settings: normal;min-height: 15px;\"><\/p>\n<p><\/p>\n<blockquote><p><b>\u00bbEin abenteuerlicher Spaziergang in eine Welt, die kaum noch jemand kennt: die Nacht.<\/b><b> Ein Buch mit liebenswerten Charakteren, die uns daran erinnern, wie wertvoll Dunkelheit f\u00fcr Mensch, Tier und Pflanzen ist.\u00ab<\/b><\/p><\/blockquote>\n<p><\/p>\n<p style=\"text-align: right;margin: 0px;font-variant-caps: normal;font-stretch: normal;line-height: normal;font-family: &quot;Helvetica Neue&quot;;font-size-adjust: none;font-kerning: auto;font-variant-alternates: normal;font-variant-ligatures: normal;font-variant-numeric: normal;font-variant-east-asian: normal;font-variant-position: normal;font-feature-settings: normal;font-optical-sizing: auto;font-variation-settings: normal;\"><i>Annette Krop-Benesch,<\/i><\/p>\n<p style=\"text-align: right;margin: 0px;font-variant-caps: normal;font-stretch: normal;line-height: normal;font-family: &quot;Helvetica Neue&quot;;font-size-adjust: none;font-kerning: auto;font-variant-alternates: normal;font-variant-ligatures: normal;font-variant-numeric: normal;font-variant-east-asian: normal;font-variant-position: normal;font-feature-settings: normal;font-optical-sizing: auto;font-variation-settings: normal;\"><i>Autorin und Expertin f\u00fcr Lichtverschmutzung<\/i><\/p>\n","protected":false},"featured_media":67715,"template":"","meta":{"_acf_changed":false},"product_brand":[],"product_cat":[2753,2771],"product_tag":[2863],"class_list":{"0":"post-67529","1":"product","2":"type-product","3":"status-publish","4":"has-post-thumbnail","6":"product_cat-kinderbuch","7":"product_cat-natur-tiere","8":"product_tag-lichtverschmutzung-sterne-sternschnuppen-nacht-natur-mond-fledermaus-nachtfalter-gluehwuermchen","9":"autor-lisa-viktoria-niederberger-anna-horak","10":"edition-orac","12":"first","13":"instock","14":"taxable","15":"shipping-taxable","16":"purchasable","17":"product-type-simple"},"acf":[],"_links":{"self":[{"href":"https:\/\/www.achseverlag.com\/en\/wp-json\/wp\/v2\/product\/67529","targetHints":{"allow":["GET"]}}],"collection":[{"href":"https:\/\/www.achseverlag.com\/en\/wp-json\/wp\/v2\/product"}],"about":[{"href":"https:\/\/www.achseverlag.com\/en\/wp-json\/wp\/v2\/types\/product"}],"wp:featuredmedia":[{"embeddable":true,"href":"https:\/\/www.achseverlag.com\/en\/wp-json\/wp\/v2\/media\/67715"}],"wp:attachment":[{"href":"https:\/\/www.achseverlag.com\/en\/wp-json\/wp\/v2\/media?parent=67529"}],"wp:term":[{"taxonomy":"product_brand","embeddable":true,"href":"https:\/\/www.achseverlag.com\/en\/wp-json\/wp\/v2\/product_brand?post=67529"},{"taxonomy":"product_cat","embeddable":true,"href":"https:\/\/www.achseverlag.com\/en\/wp-json\/wp\/v2\/product_cat?post=67529"},{"taxonomy":"product_tag","embeddable":true,"href":"https:\/\/www.achseverlag.com\/en\/wp-json\/wp\/v2\/product_tag?post=67529"}],"curies":[{"name":"wp","href":"https:\/\/api.w.org\/{rel}","templated":true}]}}