{"id":67542,"date":"2026-02-24T09:49:20","date_gmt":"2026-02-24T09:49:20","guid":{"rendered":"https:\/\/www.achseverlag.com\/empty-product-container-2\/"},"modified":"2026-02-24T12:50:20","modified_gmt":"2026-02-24T11:50:20","slug":"oma-wann-stirbst-du","status":"publish","type":"product","link":"https:\/\/www.achseverlag.com\/en\/oma-wann-stirbst-du\/","title":{"rendered":"(Deutsch) Oma, wann stirbst du?"},"content":{"rendered":"<p class=\"qtranxs-available-languages-message qtranxs-available-languages-message-en\">Sorry, this entry is only available in <a href=\"https:\/\/www.achseverlag.com\/de\/wp-json\/wp\/v2\/product\/67542\" class=\"qtranxs-available-language-link qtranxs-available-language-link-de\" title=\"Deutsch\">Deutsch<\/a>.<\/p><p><\/p>\n<div><b>ab 4 Jahren | Thema: Familie und Tod<\/b><\/div>\n<div>\u00dcbersetzt aus dem Slowenischen von Alexandra Natalie Zaleznik.<\/div>\n<div><\/div>\n<div>Am liebsten verbringt der kleine Enkel seine Ferientage bei Oma. Sie kochen zusammen, wischen den Boden, lesen Bilderb\u00fccher, fahren Fahrrad. Doch eine Frage l\u00e4sst das Kind nicht zur Ruhe kommen &#8230; <\/div>\n<div><\/div>\n<blockquote><p><b>Zeigt, wie man durch ehrliche Gespr\u00e4che \u00c4ngste \u00fcberwindet<\/b><\/p><\/blockquote>\n<div><\/div>\n<div><b>\u00bbOma, wann stirbst du?\u00ab<\/b> stellt einf\u00fchlsam und zugleich humorvoll die Frage nach der Verg\u00e4nglichkeit und erz\u00e4hlt von ber\u00fchrenden Herzmomenten zwischen zwei Generationen. Oma und Enkel laden ein, sie im Alltag zu begleiten, und erinnern uns an die Bedeutung wertvoller Augenblicke im Zusammenleben. Das er\u00f6ffnet beim Vorlesen auch Raum f\u00fcr Gespr\u00e4che in der eigenen Familie.<b><br \/><\/b><\/div>\n<div><b><br \/><\/b><\/div>\n<blockquote><p><b>Ermutigt Kinder, Fragen zu stellen und Gro\u00dfeltern liebevoll zu antworten<br \/><\/b><\/p><\/blockquote>\n<div><span style=\"font-size:13px;color:#000000;font-weight:normal;text-decoration:none;font-family:'Arial';font-style:normal;text-decoration-skip-ink:none;\"><br \/><\/span><\/div>\n<p><\/p>","protected":false},"excerpt":{"rendered":"<p class=\"qtranxs-available-languages-message qtranxs-available-languages-message-en\">Sorry, this entry is only available in <a href=\"https:\/\/www.achseverlag.com\/de\/wp-json\/wp\/v2\/product\/67542\" class=\"qtranxs-available-language-link qtranxs-available-language-link-de\" title=\"Deutsch\">Deutsch<\/a>.<\/p>\n<div><b>ab 4 Jahren | Thema: Familie und Tod<\/b><\/div>\n<div>\u00dcbersetzt aus dem Slowenischen von Alexandra Natalie Zaleznik.<\/div>\n<div><\/div>\n<div>Am liebsten verbringt der kleine Enkel seine Ferientage bei Oma. Sie kochen zusammen, wischen den Boden, lesen Bilderb\u00fccher, fahren Fahrrad. Doch eine Frage l\u00e4sst das Kind nicht zur Ruhe kommen &#8230; <\/div>\n<div><\/div>\n<blockquote><p><b>Zeigt, wie man durch ehrliche Gespr\u00e4che \u00c4ngste \u00fcberwindet<\/b><\/p><\/blockquote>\n<div><\/div>\n<div><b>\u00bbOma, wann stirbst du?\u00ab<\/b> stellt einf\u00fchlsam und zugleich humorvoll die Frage nach der Verg\u00e4nglichkeit und erz\u00e4hlt von ber\u00fchrenden Herzmomenten zwischen zwei Generationen. Oma und Enkel laden ein, sie im Alltag zu begleiten, und erinnern uns an die Bedeutung wertvoller Augenblicke im Zusammenleben. Das er\u00f6ffnet beim Vorlesen auch Raum f\u00fcr Gespr\u00e4che in der eigenen Familie.<b><br \/><\/b><\/div>\n<div><b><br \/><\/b><\/div>\n<blockquote><p><b>Ermutigt Kinder, Fragen zu stellen und Gro\u00dfeltern liebevoll zu antworten<br \/><\/b><\/p><\/blockquote>\n<div><span style=\"font-size:13px;color:#000000;font-weight:normal;text-decoration:none;font-family:'Arial';font-style:normal;text-decoration-skip-ink:none;\"><br \/><\/span><\/div>\n","protected":false},"featured_media":67592,"template":"","meta":{"_acf_changed":false},"product_brand":[],"product_cat":[2994,2753,2772],"product_tag":[2897],"class_list":{"0":"post-67542","1":"product","2":"type-product","3":"status-publish","4":"has-post-thumbnail","6":"product_cat-creating-neighbourhood","7":"product_cat-kinderbuch","8":"product_cat-vorlesegeschichten","9":"product_tag-tod-erinnerungen-grosseltern-enkel-oma","10":"autor-alexandra-natalie-zaleznik","11":"autor-nina-mav-hrovat-marta-bartolj","12":"edition-orac","14":"first","15":"instock","16":"taxable","17":"shipping-taxable","18":"purchasable","19":"product-type-simple"},"acf":[],"_links":{"self":[{"href":"https:\/\/www.achseverlag.com\/en\/wp-json\/wp\/v2\/product\/67542","targetHints":{"allow":["GET"]}}],"collection":[{"href":"https:\/\/www.achseverlag.com\/en\/wp-json\/wp\/v2\/product"}],"about":[{"href":"https:\/\/www.achseverlag.com\/en\/wp-json\/wp\/v2\/types\/product"}],"wp:featuredmedia":[{"embeddable":true,"href":"https:\/\/www.achseverlag.com\/en\/wp-json\/wp\/v2\/media\/67592"}],"wp:attachment":[{"href":"https:\/\/www.achseverlag.com\/en\/wp-json\/wp\/v2\/media?parent=67542"}],"wp:term":[{"taxonomy":"product_brand","embeddable":true,"href":"https:\/\/www.achseverlag.com\/en\/wp-json\/wp\/v2\/product_brand?post=67542"},{"taxonomy":"product_cat","embeddable":true,"href":"https:\/\/www.achseverlag.com\/en\/wp-json\/wp\/v2\/product_cat?post=67542"},{"taxonomy":"product_tag","embeddable":true,"href":"https:\/\/www.achseverlag.com\/en\/wp-json\/wp\/v2\/product_tag?post=67542"}],"curies":[{"name":"wp","href":"https:\/\/api.w.org\/{rel}","templated":true}]}}