{"id":67545,"date":"2026-02-24T09:48:42","date_gmt":"2026-02-24T09:48:42","guid":{"rendered":"https:\/\/www.achseverlag.com\/empty-product-container-2\/"},"modified":"2026-02-24T12:49:42","modified_gmt":"2026-02-24T11:49:42","slug":"kommst-du-mit","status":"publish","type":"product","link":"https:\/\/www.achseverlag.com\/en\/kommst-du-mit\/","title":{"rendered":"(Deutsch) Kommst du mit?"},"content":{"rendered":"<p class=\"qtranxs-available-languages-message qtranxs-available-languages-message-en\">Sorry, this entry is only available in <a href=\"https:\/\/www.achseverlag.com\/de\/wp-json\/wp\/v2\/product\/67545\" class=\"qtranxs-available-language-link qtranxs-available-language-link-de\" title=\"Deutsch\">Deutsch<\/a>.<\/p><p><\/p>\n<div><b>ab 4 Jahren | Thema: Lesen und Entdecken<\/b><\/div>\n<div>\u00dcbersetzt aus dem Italienischen von Anne Brauner.<\/div>\n<div><\/div>\n<div>\u00bbKommst du mit?\u00ab, fragt ein aufgewecktes M\u00e4dchen und f\u00fchrt in Folge eine ganze Kinderschar durch die Stadt \u2013 durch Stra\u00dfen, \u00fcber Pl\u00e4tze, Br\u00fccken, vorbei an Gesch\u00e4ften und G\u00e4rten. Wo mag der Spaziergang nur hinf\u00fchren? Das bleibt ein Geheimnis, aber sicher ist: an einen \u00e4u\u00dferst magischen und besonderen Ort! <\/div>\n<div><\/div>\n<blockquote><p><b>Eine Liebeserkl\u00e4rung an den sch\u00f6nsten Ort der Welt: die B\u00fccherei<\/b><\/p><\/blockquote>\n<div><\/div>\n<div>Mit dieser sympathischen Geschichte gelingt es Cristina Petit und Chiara Ficarelli, die Neugier der kleinen Leser*innen zu wecken und die Lust auf B\u00fccher und neue Horizonte anzufachen. Die Idee zum Buch kam der Autorin, als sie in einer B\u00fccherei eine Gruppe Kinder traf, die den Geschichten der Bibliothekarin mit vollster Begeisterung lauschten.<\/div>\n<p><\/p>","protected":false},"excerpt":{"rendered":"<p class=\"qtranxs-available-languages-message qtranxs-available-languages-message-en\">Sorry, this entry is only available in <a href=\"https:\/\/www.achseverlag.com\/de\/wp-json\/wp\/v2\/product\/67545\" class=\"qtranxs-available-language-link qtranxs-available-language-link-de\" title=\"Deutsch\">Deutsch<\/a>.<\/p>\n<div><b>ab 4 Jahren | Thema: Lesen und Entdecken<\/b><\/div>\n<div>\u00dcbersetzt aus dem Italienischen von Anne Brauner.<\/div>\n<div><\/div>\n<div>\u00bbKommst du mit?\u00ab, fragt ein aufgewecktes M\u00e4dchen und f\u00fchrt in Folge eine ganze Kinderschar durch die Stadt \u2013 durch Stra\u00dfen, \u00fcber Pl\u00e4tze, Br\u00fccken, vorbei an Gesch\u00e4ften und G\u00e4rten. Wo mag der Spaziergang nur hinf\u00fchren? Das bleibt ein Geheimnis, aber sicher ist: an einen \u00e4u\u00dferst magischen und besonderen Ort! <\/div>\n<div><\/div>\n<blockquote><p><b>Eine Liebeserkl\u00e4rung an den sch\u00f6nsten Ort der Welt: die B\u00fccherei<\/b><\/p><\/blockquote>\n<div><\/div>\n<div>Mit dieser sympathischen Geschichte gelingt es Cristina Petit und Chiara Ficarelli, die Neugier der kleinen Leser*innen zu wecken und die Lust auf B\u00fccher und neue Horizonte anzufachen. Die Idee zum Buch kam der Autorin, als sie in einer B\u00fccherei eine Gruppe Kinder traf, die den Geschichten der Bibliothekarin mit vollster Begeisterung lauschten.<\/div>\n","protected":false},"featured_media":67971,"template":"","meta":{"_acf_changed":false},"product_brand":[],"product_cat":[2994,2753,2772],"product_tag":[2901],"class_list":{"0":"post-67545","1":"product","2":"type-product","3":"status-publish","4":"has-post-thumbnail","6":"product_cat-creating-neighbourhood","7":"product_cat-kinderbuch","8":"product_cat-vorlesegeschichten","9":"product_tag-buecher-buecherei-bibliothek-italien-kinder-vorlesen","10":"autor-anne-brauner","11":"autor-cristina-petit-chiara-ficarelli","12":"edition-orac","14":"first","15":"instock","16":"taxable","17":"shipping-taxable","18":"purchasable","19":"product-type-simple"},"acf":[],"_links":{"self":[{"href":"https:\/\/www.achseverlag.com\/en\/wp-json\/wp\/v2\/product\/67545","targetHints":{"allow":["GET"]}}],"collection":[{"href":"https:\/\/www.achseverlag.com\/en\/wp-json\/wp\/v2\/product"}],"about":[{"href":"https:\/\/www.achseverlag.com\/en\/wp-json\/wp\/v2\/types\/product"}],"wp:featuredmedia":[{"embeddable":true,"href":"https:\/\/www.achseverlag.com\/en\/wp-json\/wp\/v2\/media\/67971"}],"wp:attachment":[{"href":"https:\/\/www.achseverlag.com\/en\/wp-json\/wp\/v2\/media?parent=67545"}],"wp:term":[{"taxonomy":"product_brand","embeddable":true,"href":"https:\/\/www.achseverlag.com\/en\/wp-json\/wp\/v2\/product_brand?post=67545"},{"taxonomy":"product_cat","embeddable":true,"href":"https:\/\/www.achseverlag.com\/en\/wp-json\/wp\/v2\/product_cat?post=67545"},{"taxonomy":"product_tag","embeddable":true,"href":"https:\/\/www.achseverlag.com\/en\/wp-json\/wp\/v2\/product_tag?post=67545"}],"curies":[{"name":"wp","href":"https:\/\/api.w.org\/{rel}","templated":true}]}}