{"id":67799,"date":"2025-05-26T06:40:04","date_gmt":"2025-05-26T06:40:04","guid":{"rendered":"https:\/\/www.achseverlag.com\/empty-product-container-2\/"},"modified":"2025-05-26T10:41:04","modified_gmt":"2025-05-26T08:41:04","slug":"ich-schenk-dir-ein-a","status":"publish","type":"product","link":"https:\/\/www.achseverlag.com\/en\/ich-schenk-dir-ein-a\/","title":{"rendered":"(Deutsch) Ich schenk dir ein A"},"content":{"rendered":"<p class=\"qtranxs-available-languages-message qtranxs-available-languages-message-en\">Sorry, this entry is only available in <a href=\"https:\/\/www.achseverlag.com\/de\/wp-json\/wp\/v2\/product\/67799\" class=\"qtranxs-available-language-link qtranxs-available-language-link-de\" title=\"Deutsch\">Deutsch<\/a>.<\/p><p><b>ab 5 Jahren | Thema: Geschlechtsidentit\u00e4t und Generationen<\/b><\/p>\n<div><\/div>\n<div>Adrian liebt es, Musik zu spielen. Neben dem Cello entdeckt Adrian eine weitere Faszination: das Ballett. Die Freude am Tanzen teilt Adrian mit Oma, die fr\u00fcher eine begnadete Ballerina war und jetzt unterst\u00fctzend zur Seite steht. Mit dem Buchstaben A macht sie Adrian ein besonderes Geschenk und zeigt ihrem Enkelkind, dass Namen und Geschlechtsidentit\u00e4t sich auch \u00e4ndern k\u00f6nnen. Zwischen den glitzernden Tutus und den sanften Cellot\u00f6nen entdeckt Adrian nicht nur Mut, sondern auch neue Melodien in sich selbst.<\/div>\n<div><\/div>\n<div>\n<blockquote><p><b>Empowernde Botschaft, dass Tr\u00e4ume wahr werden k\u00f6nnen<\/b><\/p><\/blockquote>\n<div>\n<div><\/div>\n<\/div>\n<\/div>\n<p><\/p>","protected":false},"excerpt":{"rendered":"<p class=\"qtranxs-available-languages-message qtranxs-available-languages-message-en\">Sorry, this entry is only available in <a href=\"https:\/\/www.achseverlag.com\/de\/wp-json\/wp\/v2\/product\/67799\" class=\"qtranxs-available-language-link qtranxs-available-language-link-de\" title=\"Deutsch\">Deutsch<\/a>.<\/p>\n<p><b>ab 5 Jahren | Thema: Geschlechtsidentit\u00e4t und Generationen<\/b><\/p>\n<div><\/div>\n<div>Adrian liebt es, Musik zu spielen. Neben dem Cello entdeckt Adrian eine weitere Faszination: das Ballett. Die Freude am Tanzen teilt Adrian mit Oma, die fr\u00fcher eine begnadete Ballerina war und jetzt unterst\u00fctzend zur Seite steht. Mit dem Buchstaben A macht sie Adrian ein besonderes Geschenk und zeigt ihrem Enkelkind, dass Namen und Geschlechtsidentit\u00e4t sich auch \u00e4ndern k\u00f6nnen. Zwischen den glitzernden Tutus und den sanften Cellot\u00f6nen entdeckt Adrian nicht nur Mut, sondern auch neue Melodien in sich selbst.<\/div>\n<div><\/div>\n<div>\n<blockquote><p><b>Empowernde Botschaft, dass Tr\u00e4ume wahr werden k\u00f6nnen<\/b><\/p><\/blockquote>\n<div>\n<div><\/div>\n<\/div>\n<\/div>\n","protected":false},"featured_media":67807,"template":"","meta":{"_acf_changed":false},"product_brand":[],"product_cat":[2753,2772],"product_tag":[],"class_list":{"0":"post-67799","1":"product","2":"type-product","3":"status-publish","4":"has-post-thumbnail","6":"product_cat-kinderbuch","7":"product_cat-vorlesegeschichten","8":"autor-thomas-j-hauck-carmen-tung","9":"edition-orac","11":"first","12":"instock","13":"taxable","14":"shipping-taxable","15":"purchasable","16":"product-type-simple"},"acf":[],"_links":{"self":[{"href":"https:\/\/www.achseverlag.com\/en\/wp-json\/wp\/v2\/product\/67799","targetHints":{"allow":["GET"]}}],"collection":[{"href":"https:\/\/www.achseverlag.com\/en\/wp-json\/wp\/v2\/product"}],"about":[{"href":"https:\/\/www.achseverlag.com\/en\/wp-json\/wp\/v2\/types\/product"}],"wp:featuredmedia":[{"embeddable":true,"href":"https:\/\/www.achseverlag.com\/en\/wp-json\/wp\/v2\/media\/67807"}],"wp:attachment":[{"href":"https:\/\/www.achseverlag.com\/en\/wp-json\/wp\/v2\/media?parent=67799"}],"wp:term":[{"taxonomy":"product_brand","embeddable":true,"href":"https:\/\/www.achseverlag.com\/en\/wp-json\/wp\/v2\/product_brand?post=67799"},{"taxonomy":"product_cat","embeddable":true,"href":"https:\/\/www.achseverlag.com\/en\/wp-json\/wp\/v2\/product_cat?post=67799"},{"taxonomy":"product_tag","embeddable":true,"href":"https:\/\/www.achseverlag.com\/en\/wp-json\/wp\/v2\/product_tag?post=67799"}],"curies":[{"name":"wp","href":"https:\/\/api.w.org\/{rel}","templated":true}]}}