{"id":67803,"date":"2025-08-27T06:01:23","date_gmt":"2025-08-27T06:01:23","guid":{"rendered":"https:\/\/www.achseverlag.com\/empty-product-container-2\/"},"modified":"2025-08-27T10:02:23","modified_gmt":"2025-08-27T08:02:23","slug":"immer-wenn-wir","status":"publish","type":"product","link":"https:\/\/www.achseverlag.com\/en\/immer-wenn-wir\/","title":{"rendered":"(Deutsch) Immer wenn wir &#8230;"},"content":{"rendered":"<p class=\"qtranxs-available-languages-message qtranxs-available-languages-message-en\">Sorry, this entry is only available in <a href=\"https:\/\/www.achseverlag.com\/de\/wp-json\/wp\/v2\/product\/67803\" class=\"qtranxs-available-language-link qtranxs-available-language-link-de\" title=\"Deutsch\">Deutsch<\/a>.<\/p><p><\/p>\n<div class=\"page\" title=\"Page 25\" style=\"caret-color: rgb(0, 0, 0); color: rgb(0, 0, 0);\">\n<div class=\"layoutArea\">\n<div class=\"column\">\n<div style=\"caret-color: rgb(33, 33, 33); color: rgb(33, 33, 33);\"><b>ab 4 Jahren | Thema: Familie und Vielfalt<\/b><\/div>\n<div style=\"caret-color: rgb(33, 33, 33); color: rgb(33, 33, 33);\"><b>Texte gesammelt und aufgeschrieben von Teresa Mossbauer &amp; Le\u00f3n Schellhaas<\/b><\/div>\n<div style=\"caret-color: rgb(33, 33, 33); color: rgb(33, 33, 33);\"><\/div>\n<div style=\"caret-color: rgb(33, 33, 33); color: rgb(33, 33, 33);\">Habt ihr schon vom Regentanz geh\u00f6rt?<\/div>\n<div style=\"caret-color: rgb(33, 33, 33); color: rgb(33, 33, 33);\">Oder vom s\u00fc\u00dfen Teller?<\/div>\n<div style=\"caret-color: rgb(33, 33, 33); color: rgb(33, 33, 33);\">Was sind die sch\u00f6nsten Traditionen in eurer Familie?<\/div>\n<div style=\"caret-color: rgb(33, 33, 33); color: rgb(33, 33, 33);\"><\/div>\n<div style=\"caret-color: rgb(33, 33, 33); color: rgb(33, 33, 33);\">Sechzehn Kinder erz\u00e4hlen von ihren Familien und jenen Momenten, die in Erinnerung bleiben. Anna erkl\u00e4rt, wie ihr Familienclub funktioniert, Clara zeigt uns ihr Gl\u00fccksglas und Rahim berichtet vom Weltreise-Freitag.<\/div>\n<div style=\"caret-color: rgb(33, 33, 33); color: rgb(33, 33, 33);\"><\/div>\n<div style=\"caret-color: rgb(33, 33, 33); color: rgb(33, 33, 33);\">Viele Familien haben und sch\u00e4tzen sie: Gewohnheiten und Rituale, die immer wiederkehren, uns Sicherheit und Geborgenheit schenken, und dem Alltag das gewisse Etwas geben. Und so einzigartig wie jede Familie ist, so sind es auch die liebsten Familienrituale. Oft sind es kleine Gesten ohne speziellen Anlass, die f\u00fcr Kinder, Eltern und andere Familienmitglieder von gro\u00dfer Bedeutung sein k\u00f6nnen.<\/div>\n<div style=\"caret-color: rgb(33, 33, 33); color: rgb(33, 33, 33);\"><\/div>\n<blockquote style=\"caret-color: rgb(33, 33, 33); color: rgb(33, 33, 33);\"><p><b>Kollektion des \u00d6sterreichischen Kinder- und Jugendbuchpreises 2025<\/p>\n<p><\/b><b>Preisgekr\u00f6nte Illustratorin mit einzigartigem Collagen-Stil<\/p>\n<p><\/b><b>Diverse Familienbilder und Inspiration f\u00fcr alle Jahreszeiten<\/b><\/p><\/blockquote>\n<\/div>\n<\/div>\n<\/div>\n<p><\/p>","protected":false},"excerpt":{"rendered":"<p class=\"qtranxs-available-languages-message qtranxs-available-languages-message-en\">Sorry, this entry is only available in <a href=\"https:\/\/www.achseverlag.com\/de\/wp-json\/wp\/v2\/product\/67803\" class=\"qtranxs-available-language-link qtranxs-available-language-link-de\" title=\"Deutsch\">Deutsch<\/a>.<\/p>\n<div class=\"page\" title=\"Page 25\" style=\"caret-color: rgb(0, 0, 0); color: rgb(0, 0, 0);\">\n<div class=\"layoutArea\">\n<div class=\"column\">\n<div style=\"caret-color: rgb(33, 33, 33); color: rgb(33, 33, 33);\"><b>ab 4 Jahren | Thema: Familie und Vielfalt<\/b><\/div>\n<div style=\"caret-color: rgb(33, 33, 33); color: rgb(33, 33, 33);\"><b>Texte gesammelt und aufgeschrieben von Teresa Mossbauer &amp; Le\u00f3n Schellhaas<\/b><\/div>\n<div style=\"caret-color: rgb(33, 33, 33); color: rgb(33, 33, 33);\"><\/div>\n<div style=\"caret-color: rgb(33, 33, 33); color: rgb(33, 33, 33);\">Habt ihr schon vom Regentanz geh\u00f6rt?<\/div>\n<div style=\"caret-color: rgb(33, 33, 33); color: rgb(33, 33, 33);\">Oder vom s\u00fc\u00dfen Teller?<\/div>\n<div style=\"caret-color: rgb(33, 33, 33); color: rgb(33, 33, 33);\">Was sind die sch\u00f6nsten Traditionen in eurer Familie?<\/div>\n<div style=\"caret-color: rgb(33, 33, 33); color: rgb(33, 33, 33);\"><\/div>\n<div style=\"caret-color: rgb(33, 33, 33); color: rgb(33, 33, 33);\">Sechzehn Kinder erz\u00e4hlen von ihren Familien und jenen Momenten, die in Erinnerung bleiben. Anna erkl\u00e4rt, wie ihr Familienclub funktioniert, Clara zeigt uns ihr Gl\u00fccksglas und Rahim berichtet vom Weltreise-Freitag.<\/div>\n<div style=\"caret-color: rgb(33, 33, 33); color: rgb(33, 33, 33);\"><\/div>\n<div style=\"caret-color: rgb(33, 33, 33); color: rgb(33, 33, 33);\">Viele Familien haben und sch\u00e4tzen sie: Gewohnheiten und Rituale, die immer wiederkehren, uns Sicherheit und Geborgenheit schenken, und dem Alltag das gewisse Etwas geben. Und so einzigartig wie jede Familie ist, so sind es auch die liebsten Familienrituale. Oft sind es kleine Gesten ohne speziellen Anlass, die f\u00fcr Kinder, Eltern und andere Familienmitglieder von gro\u00dfer Bedeutung sein k\u00f6nnen.<\/div>\n<div style=\"caret-color: rgb(33, 33, 33); color: rgb(33, 33, 33);\"><\/div>\n<blockquote style=\"caret-color: rgb(33, 33, 33); color: rgb(33, 33, 33);\"><p><b>Kollektion des \u00d6sterreichischen Kinder- und Jugendbuchpreises 2025<\/p>\n<p><\/b><b>Preisgekr\u00f6nte Illustratorin mit einzigartigem Collagen-Stil<\/p>\n<p><\/b><b>Diverse Familienbilder und Inspiration f\u00fcr alle Jahreszeiten<\/b><\/p><\/blockquote>\n<\/div>\n<\/div>\n<\/div>\n","protected":false},"featured_media":67864,"template":"","meta":{"_acf_changed":false},"product_brand":[],"product_cat":[2753],"product_tag":[],"class_list":{"0":"post-67803","1":"product","2":"type-product","3":"status-publish","4":"has-post-thumbnail","6":"product_cat-kinderbuch","7":"autor-julia-drobova","8":"edition-orac","10":"first","11":"instock","12":"taxable","13":"shipping-taxable","14":"purchasable","15":"product-type-simple"},"acf":[],"_links":{"self":[{"href":"https:\/\/www.achseverlag.com\/en\/wp-json\/wp\/v2\/product\/67803","targetHints":{"allow":["GET"]}}],"collection":[{"href":"https:\/\/www.achseverlag.com\/en\/wp-json\/wp\/v2\/product"}],"about":[{"href":"https:\/\/www.achseverlag.com\/en\/wp-json\/wp\/v2\/types\/product"}],"wp:featuredmedia":[{"embeddable":true,"href":"https:\/\/www.achseverlag.com\/en\/wp-json\/wp\/v2\/media\/67864"}],"wp:attachment":[{"href":"https:\/\/www.achseverlag.com\/en\/wp-json\/wp\/v2\/media?parent=67803"}],"wp:term":[{"taxonomy":"product_brand","embeddable":true,"href":"https:\/\/www.achseverlag.com\/en\/wp-json\/wp\/v2\/product_brand?post=67803"},{"taxonomy":"product_cat","embeddable":true,"href":"https:\/\/www.achseverlag.com\/en\/wp-json\/wp\/v2\/product_cat?post=67803"},{"taxonomy":"product_tag","embeddable":true,"href":"https:\/\/www.achseverlag.com\/en\/wp-json\/wp\/v2\/product_tag?post=67803"}],"curies":[{"name":"wp","href":"https:\/\/api.w.org\/{rel}","templated":true}]}}