{"id":67810,"date":"2025-02-12T07:03:02","date_gmt":"2025-02-12T07:03:02","guid":{"rendered":"https:\/\/www.achseverlag.com\/empty-product-container-2\/"},"modified":"2025-02-12T10:04:02","modified_gmt":"2025-02-12T09:04:02","slug":"der-allergroesste-wunsch","status":"publish","type":"product","link":"https:\/\/www.achseverlag.com\/en\/der-allergroesste-wunsch\/","title":{"rendered":"(Deutsch) Der allergr\u00f6\u00dfte Wunsch"},"content":{"rendered":"<p class=\"qtranxs-available-languages-message qtranxs-available-languages-message-en\">Sorry, this entry is only available in <a href=\"https:\/\/www.achseverlag.com\/de\/wp-json\/wp\/v2\/product\/67810\" class=\"qtranxs-available-language-link qtranxs-available-language-link-de\" title=\"Deutsch\">Deutsch<\/a>.<\/p><p><\/p>\n<div><b>ab 4 Jahren | Thema: Nachhaltigkeit und Freundschaft<\/b><\/div>\n<div>Aus dem Tschechischen von Mirko Kraetsch.<\/div>\n<div><\/div>\n<div>Stell dir vor, du w\u00e4rst ein Kuscheltier, das genauso aussieht wie Tausende andere Spielzeuge. Was w\u00e4re wohl dein allergr\u00f6\u00dfter Wunsch?<\/div>\n<div><\/div>\n<blockquote><p><b>Ein Spielzeug auf Reise um die Welt<\/b><\/p><\/blockquote>\n<div><\/div>\n<div>In einer gro\u00dfen Fabrik erwacht ein blaues Kuschelpferdchen zum Leben. Es wird auf eine abenteuerliche Reise \u00fcber den Ozean von Asien nach Europa geschickt \u2013 ein langer Weg voller ungew\u00f6hnlicher Begegnungen. Das Pferdchen geht durch viele H\u00e4nde, aber hat nur einen Wunsch: endlich jemanden zu finden, der es liebt und seine Besonderheit entdeckt. Wird es ihm gelingen?<\/div>\n<div><\/div>\n<blockquote><p><b>Globaler Kontext, einzigartiger Erz\u00e4hler<\/b><\/p><\/blockquote>\n<div><\/div>\n<div>Kindgerecht f\u00fchrt dieses Buch kleine Leser*innen an aktuelle und ernste Themen wie Globalisierung, Massenproduktion, Andersartigkeit oder nachhaltigen Konsum heran. Wunderbar erz\u00e4hlt und gestaltet ist das Ergebnis ein Appell an eine nachhaltigere Welt, die das Einzigartige in uns allen feiert.<\/div>\n<p><\/p>","protected":false},"excerpt":{"rendered":"<p class=\"qtranxs-available-languages-message qtranxs-available-languages-message-en\">Sorry, this entry is only available in <a href=\"https:\/\/www.achseverlag.com\/de\/wp-json\/wp\/v2\/product\/67810\" class=\"qtranxs-available-language-link qtranxs-available-language-link-de\" title=\"Deutsch\">Deutsch<\/a>.<\/p>\n<div><b>ab 4 Jahren | Thema: Nachhaltigkeit und Freundschaft<\/b><\/div>\n<div>Aus dem Tschechischen von Mirko Kraetsch.<\/div>\n<div><\/div>\n<div>Stell dir vor, du w\u00e4rst ein Kuscheltier, das genauso aussieht wie Tausende andere Spielzeuge. Was w\u00e4re wohl dein allergr\u00f6\u00dfter Wunsch?<\/div>\n<div><\/div>\n<blockquote><p><b>Ein Spielzeug auf Reise um die Welt<\/b><\/p><\/blockquote>\n<div><\/div>\n<div>In einer gro\u00dfen Fabrik erwacht ein blaues Kuschelpferdchen zum Leben. Es wird auf eine abenteuerliche Reise \u00fcber den Ozean von Asien nach Europa geschickt \u2013 ein langer Weg voller ungew\u00f6hnlicher Begegnungen. Das Pferdchen geht durch viele H\u00e4nde, aber hat nur einen Wunsch: endlich jemanden zu finden, der es liebt und seine Besonderheit entdeckt. Wird es ihm gelingen?<\/div>\n<div><\/div>\n<blockquote><p><b>Globaler Kontext, einzigartiger Erz\u00e4hler<\/b><\/p><\/blockquote>\n<div><\/div>\n<div>Kindgerecht f\u00fchrt dieses Buch kleine Leser*innen an aktuelle und ernste Themen wie Globalisierung, Massenproduktion, Andersartigkeit oder nachhaltigen Konsum heran. Wunderbar erz\u00e4hlt und gestaltet ist das Ergebnis ein Appell an eine nachhaltigere Welt, die das Einzigartige in uns allen feiert.<\/div>\n","protected":false},"featured_media":67863,"template":"","meta":{"_acf_changed":false},"product_brand":[],"product_cat":[2994,2753,2993,2772],"product_tag":[],"class_list":{"0":"post-67810","1":"product","2":"type-product","3":"status-publish","4":"has-post-thumbnail","6":"product_cat-creating-neighbourhood","7":"product_cat-kinderbuch","8":"product_cat-translation","9":"product_cat-vorlesegeschichten","10":"autor-ester-stara-daniela-olejnikova","11":"edition-orac","13":"first","14":"instock","15":"taxable","16":"shipping-taxable","17":"purchasable","18":"product-type-simple"},"acf":[],"_links":{"self":[{"href":"https:\/\/www.achseverlag.com\/en\/wp-json\/wp\/v2\/product\/67810","targetHints":{"allow":["GET"]}}],"collection":[{"href":"https:\/\/www.achseverlag.com\/en\/wp-json\/wp\/v2\/product"}],"about":[{"href":"https:\/\/www.achseverlag.com\/en\/wp-json\/wp\/v2\/types\/product"}],"wp:featuredmedia":[{"embeddable":true,"href":"https:\/\/www.achseverlag.com\/en\/wp-json\/wp\/v2\/media\/67863"}],"wp:attachment":[{"href":"https:\/\/www.achseverlag.com\/en\/wp-json\/wp\/v2\/media?parent=67810"}],"wp:term":[{"taxonomy":"product_brand","embeddable":true,"href":"https:\/\/www.achseverlag.com\/en\/wp-json\/wp\/v2\/product_brand?post=67810"},{"taxonomy":"product_cat","embeddable":true,"href":"https:\/\/www.achseverlag.com\/en\/wp-json\/wp\/v2\/product_cat?post=67810"},{"taxonomy":"product_tag","embeddable":true,"href":"https:\/\/www.achseverlag.com\/en\/wp-json\/wp\/v2\/product_tag?post=67810"}],"curies":[{"name":"wp","href":"https:\/\/api.w.org\/{rel}","templated":true}]}}