{"id":67812,"date":"2025-01-13T06:56:07","date_gmt":"2025-01-13T06:56:07","guid":{"rendered":"https:\/\/www.achseverlag.com\/empty-product-container-2\/"},"modified":"2025-01-13T09:57:07","modified_gmt":"2025-01-13T08:57:07","slug":"emma-unter-wasser","status":"publish","type":"product","link":"https:\/\/www.achseverlag.com\/en\/emma-unter-wasser\/","title":{"rendered":"(Deutsch) Emma unter Wasser"},"content":{"rendered":"<p class=\"qtranxs-available-languages-message qtranxs-available-languages-message-en\">Sorry, this entry is only available in <a href=\"https:\/\/www.achseverlag.com\/de\/wp-json\/wp\/v2\/product\/67812\" class=\"qtranxs-available-language-link qtranxs-available-language-link-de\" title=\"Deutsch\">Deutsch<\/a>.<\/p><p><\/p>\n<div><b>ab 6 Jahren | Thema: Neurodivergenz und Meerestiere<\/b><\/div>\n<div>Aus dem Ungarischen von Eva Zador.<\/div>\n<div><\/div>\n<div>Emma ist sieben Jahre alt und m\u00f6chte Meeresbiologin werden. Wie ihre Eltern. Aber noch geht sie zur Schule und f\u00fchlt sich wie eine klitzekleine, unsichtbare Seegurke im Aquarium. Die Kinder in ihrer Klasse sind zu laut und das ger\u00e4uschempfindliche M\u00e4dchen zu sch\u00fcchtern. Nur unter Wasser ist es still. Deshalb geht Emma lieber in die Meeresklinik und redet mit den Tieren. Hier ist Platz f\u00fcr alle, auch f\u00fcr Iwan, den Wei\u00dfen Hai, und die Krakendame Ottilie. Als das verirrte Schwertwalbaby Philipp in die Tierklinik eingeliefert wird, erkennt nur Emma, was dem kleinen Patienten wirklich fehlt. Um Philipp zu retten, muss Emma all ihren Mut zusammennehmen und endlich \u00fcber sich hinauswachsen.<\/div>\n<div><\/div>\n<blockquote><p><b>Pl\u00e4doyer f\u00fcr Andersartigkeit und Toleranz<\/b><\/p><\/blockquote>\n<div><\/div>\n<div>Ein kluges, sensibles M\u00e4rchen, in dem Kinderalltag auf die fantastische Welt des Meeres trifft.<\/div>\n<p><\/p>","protected":false},"excerpt":{"rendered":"<p class=\"qtranxs-available-languages-message qtranxs-available-languages-message-en\">Sorry, this entry is only available in <a href=\"https:\/\/www.achseverlag.com\/de\/wp-json\/wp\/v2\/product\/67812\" class=\"qtranxs-available-language-link qtranxs-available-language-link-de\" title=\"Deutsch\">Deutsch<\/a>.<\/p>\n<div><b>ab 6 Jahren | Thema: Neurodivergenz und Meerestiere<\/b><\/div>\n<div>Aus dem Ungarischen von Eva Zador.<\/div>\n<div><\/div>\n<div>Emma ist sieben Jahre alt und m\u00f6chte Meeresbiologin werden. Wie ihre Eltern. Aber noch geht sie zur Schule und f\u00fchlt sich wie eine klitzekleine, unsichtbare Seegurke im Aquarium. Die Kinder in ihrer Klasse sind zu laut und das ger\u00e4uschempfindliche M\u00e4dchen zu sch\u00fcchtern. Nur unter Wasser ist es still. Deshalb geht Emma lieber in die Meeresklinik und redet mit den Tieren. Hier ist Platz f\u00fcr alle, auch f\u00fcr Iwan, den Wei\u00dfen Hai, und die Krakendame Ottilie. Als das verirrte Schwertwalbaby Philipp in die Tierklinik eingeliefert wird, erkennt nur Emma, was dem kleinen Patienten wirklich fehlt. Um Philipp zu retten, muss Emma all ihren Mut zusammennehmen und endlich \u00fcber sich hinauswachsen.<\/div>\n<div><\/div>\n<blockquote><p><b>Pl\u00e4doyer f\u00fcr Andersartigkeit und Toleranz<\/b><\/p><\/blockquote>\n<div><\/div>\n<div>Ein kluges, sensibles M\u00e4rchen, in dem Kinderalltag auf die fantastische Welt des Meeres trifft.<\/div>\n","protected":false},"featured_media":67813,"template":"","meta":{"_acf_changed":false},"product_brand":[],"product_cat":[2994,2753,2771,2993,2772],"product_tag":[],"class_list":{"0":"post-67812","1":"product","2":"type-product","3":"status-publish","4":"has-post-thumbnail","6":"product_cat-creating-neighbourhood","7":"product_cat-kinderbuch","8":"product_cat-natur-tiere","9":"product_cat-translation","10":"product_cat-vorlesegeschichten","11":"autor-dora-gimesi-mari-takacs","12":"edition-orac","14":"first","15":"instock","16":"taxable","17":"shipping-taxable","18":"purchasable","19":"product-type-simple"},"acf":[],"_links":{"self":[{"href":"https:\/\/www.achseverlag.com\/en\/wp-json\/wp\/v2\/product\/67812","targetHints":{"allow":["GET"]}}],"collection":[{"href":"https:\/\/www.achseverlag.com\/en\/wp-json\/wp\/v2\/product"}],"about":[{"href":"https:\/\/www.achseverlag.com\/en\/wp-json\/wp\/v2\/types\/product"}],"wp:featuredmedia":[{"embeddable":true,"href":"https:\/\/www.achseverlag.com\/en\/wp-json\/wp\/v2\/media\/67813"}],"wp:attachment":[{"href":"https:\/\/www.achseverlag.com\/en\/wp-json\/wp\/v2\/media?parent=67812"}],"wp:term":[{"taxonomy":"product_brand","embeddable":true,"href":"https:\/\/www.achseverlag.com\/en\/wp-json\/wp\/v2\/product_brand?post=67812"},{"taxonomy":"product_cat","embeddable":true,"href":"https:\/\/www.achseverlag.com\/en\/wp-json\/wp\/v2\/product_cat?post=67812"},{"taxonomy":"product_tag","embeddable":true,"href":"https:\/\/www.achseverlag.com\/en\/wp-json\/wp\/v2\/product_tag?post=67812"}],"curies":[{"name":"wp","href":"https:\/\/api.w.org\/{rel}","templated":true}]}}