{"id":67962,"date":"2025-08-27T06:00:41","date_gmt":"2025-08-27T06:00:41","guid":{"rendered":"https:\/\/www.achseverlag.com\/empty-product-container-2\/"},"modified":"2025-08-27T10:01:41","modified_gmt":"2025-08-27T08:01:41","slug":"mizzi-tanzt-mit","status":"publish","type":"product","link":"https:\/\/www.achseverlag.com\/en\/mizzi-tanzt-mit\/","title":{"rendered":"(Deutsch) Mizzi tanzt mit"},"content":{"rendered":"<p class=\"qtranxs-available-languages-message qtranxs-available-languages-message-en\">Sorry, this entry is only available in <a href=\"https:\/\/www.achseverlag.com\/de\/wp-json\/wp\/v2\/product\/67962\" class=\"qtranxs-available-language-link qtranxs-available-language-link-de\" title=\"Deutsch\">Deutsch<\/a>.<\/p><p><\/p>\n<div><b>ab 5 Jahren | Thema: Tanz und K\u00f6rper<\/b><\/div>\n<div><\/div>\n<div>Die aufgeweckte Mizzi m\u00f6chte tanzen lernen. Doch als sie ihre Freund*innen zu einem Ballett-Schnupperkurs einl\u00e4dt, kommen Zweifel auf. Ist Ballett nicht nur etwas f\u00fcr M\u00e4dchen? Muss man daf\u00fcr nicht ganz d\u00fcnn sein? Die Kinder besch\u00e4ftigen sich mit ihren Erwartungen und K\u00f6rperbildern \u2013 und entdecken dabei schnell: Tanzen ist f\u00fcr alle da!<\/div>\n<div><\/div>\n<blockquote><p><b>Mit vielen Sachinfos rund um Tanz und Ballett<\/b><\/p><\/blockquote>\n<div><\/div>\n<div>Ein Buch, das dazu anregt, den ersten Tanzschritt zu wagen und von&nbsp;veralteten Ansichten loszulassen.<\/div>\n<div><\/div>\n<blockquote><p><b>F\u00f6rdert ein positives K\u00f6rperbild und Freude am Ausprobieren &amp; Bewegen<\/b><\/p><\/blockquote>\n<div><\/div>\n<p><\/p>","protected":false},"excerpt":{"rendered":"<p class=\"qtranxs-available-languages-message qtranxs-available-languages-message-en\">Sorry, this entry is only available in <a href=\"https:\/\/www.achseverlag.com\/de\/wp-json\/wp\/v2\/product\/67962\" class=\"qtranxs-available-language-link qtranxs-available-language-link-de\" title=\"Deutsch\">Deutsch<\/a>.<\/p>\n<div><b>ab 5 Jahren | Thema: Tanz und K\u00f6rper<\/b><\/div>\n<div><\/div>\n<div>Die aufgeweckte Mizzi m\u00f6chte tanzen lernen. Doch als sie ihre Freund*innen zu einem Ballett-Schnupperkurs einl\u00e4dt, kommen Zweifel auf. Ist Ballett nicht nur etwas f\u00fcr M\u00e4dchen? Muss man daf\u00fcr nicht ganz d\u00fcnn sein? Die Kinder besch\u00e4ftigen sich mit ihren Erwartungen und K\u00f6rperbildern \u2013 und entdecken dabei schnell: Tanzen ist f\u00fcr alle da!<\/div>\n<div><\/div>\n<blockquote><p><b>Mit vielen Sachinfos rund um Tanz und Ballett<\/b><\/p><\/blockquote>\n<div><\/div>\n<div>Ein Buch, das dazu anregt, den ersten Tanzschritt zu wagen und von&nbsp;veralteten Ansichten loszulassen.<\/div>\n<div><\/div>\n<blockquote><p><b>F\u00f6rdert ein positives K\u00f6rperbild und Freude am Ausprobieren &amp; Bewegen<\/b><\/p><\/blockquote>\n<div><\/div>\n","protected":false},"featured_media":67992,"template":"","meta":{"_acf_changed":false},"product_brand":[],"product_cat":[2753,2770,2772],"product_tag":[3042,3044,3043,3045],"class_list":{"0":"post-67962","1":"product","2":"type-product","3":"status-publish","4":"has-post-thumbnail","6":"product_cat-kinderbuch","7":"product_cat-koerper-aufklaerung","8":"product_cat-vorlesegeschichten","9":"product_tag-ballett","10":"product_tag-inklusion","11":"product_tag-tanzen","12":"product_tag-vielfalt","13":"autor-rebekka-rom-anna-horak","14":"edition-orac","16":"first","17":"instock","18":"taxable","19":"shipping-taxable","20":"purchasable","21":"product-type-simple"},"acf":[],"_links":{"self":[{"href":"https:\/\/www.achseverlag.com\/en\/wp-json\/wp\/v2\/product\/67962","targetHints":{"allow":["GET"]}}],"collection":[{"href":"https:\/\/www.achseverlag.com\/en\/wp-json\/wp\/v2\/product"}],"about":[{"href":"https:\/\/www.achseverlag.com\/en\/wp-json\/wp\/v2\/types\/product"}],"wp:featuredmedia":[{"embeddable":true,"href":"https:\/\/www.achseverlag.com\/en\/wp-json\/wp\/v2\/media\/67992"}],"wp:attachment":[{"href":"https:\/\/www.achseverlag.com\/en\/wp-json\/wp\/v2\/media?parent=67962"}],"wp:term":[{"taxonomy":"product_brand","embeddable":true,"href":"https:\/\/www.achseverlag.com\/en\/wp-json\/wp\/v2\/product_brand?post=67962"},{"taxonomy":"product_cat","embeddable":true,"href":"https:\/\/www.achseverlag.com\/en\/wp-json\/wp\/v2\/product_cat?post=67962"},{"taxonomy":"product_tag","embeddable":true,"href":"https:\/\/www.achseverlag.com\/en\/wp-json\/wp\/v2\/product_tag?post=67962"}],"curies":[{"name":"wp","href":"https:\/\/api.w.org\/{rel}","templated":true}]}}