{"id":67965,"date":"2025-08-27T06:09:56","date_gmt":"2025-08-27T06:09:56","guid":{"rendered":"https:\/\/www.achseverlag.com\/empty-product-container-2\/"},"modified":"2025-08-27T10:10:56","modified_gmt":"2025-08-27T08:10:56","slug":"ein-tag-ein-aufzug","status":"publish","type":"product","link":"https:\/\/www.achseverlag.com\/en\/ein-tag-ein-aufzug\/","title":{"rendered":"(Deutsch) Ein Tag, ein Aufzug"},"content":{"rendered":"<p class=\"qtranxs-available-languages-message qtranxs-available-languages-message-en\">Sorry, this entry is only available in <a href=\"https:\/\/www.achseverlag.com\/de\/wp-json\/wp\/v2\/product\/67965\" class=\"qtranxs-available-language-link qtranxs-available-language-link-de\" title=\"Deutsch\">Deutsch<\/a>.<\/p><p><\/p>\n<div><b>ab 3 Jahren | Thema: Alltag und Vielfalt<\/b><\/div>\n<div>\u00dcbersetzt aus dem Italienischen von Anne Brauner.<\/div>\n<div><\/div>\n<div>Der Aufzug f\u00e4hrt viele Male auf und ab. Er bef\u00f6rdert gro\u00dfe, kleine, alte und junge Menschen, Tiere, Pflanzen und allerhand andere kuriose Objekte rauf und runter. Doch was verbirgt sich hinter den vielen Fahrten? Ein normaler Tag im Wohnhaus oder doch eine geheimnisvolle Mission der Nachbar*innen?<\/div>\n<div><\/div>\n<blockquote><p><b>Auf und ab durch die Nachbarschaft<\/b><\/p><\/blockquote>\n<div><\/div>\n<div>Eine wundersch\u00f6n illustrierte Geschichte u\u0308ber das allt\u00e4gliche Leben in einem Wohnhaus, das die Nachbarschaft hochleben l\u00e4sst und Vielfalt zeigt. Verspielt, humorvoll, detailreich illustriert begeistert das Buch mit wenig Text sowohl kleine als auch gro\u00dfe Leser*innen.&nbsp;<\/div>\n<div><\/div>\n<blockquote><p><b>Detailreiche Illustrationen mit Wimmelbuchelementen<\/b><\/p><\/blockquote>\n<div><\/div>\n<p><\/p>","protected":false},"excerpt":{"rendered":"<p class=\"qtranxs-available-languages-message qtranxs-available-languages-message-en\">Sorry, this entry is only available in <a href=\"https:\/\/www.achseverlag.com\/de\/wp-json\/wp\/v2\/product\/67965\" class=\"qtranxs-available-language-link qtranxs-available-language-link-de\" title=\"Deutsch\">Deutsch<\/a>.<\/p>\n<div><b>ab 3 Jahren | Thema: Alltag und Vielfalt<\/b><\/div>\n<div>\u00dcbersetzt aus dem Italienischen von Anne Brauner.<\/div>\n<div><\/div>\n<div>Der Aufzug f\u00e4hrt viele Male auf und ab. Er bef\u00f6rdert gro\u00dfe, kleine, alte und junge Menschen, Tiere, Pflanzen und allerhand andere kuriose Objekte rauf und runter. Doch was verbirgt sich hinter den vielen Fahrten? Ein normaler Tag im Wohnhaus oder doch eine geheimnisvolle Mission der Nachbar*innen?<\/div>\n<div><\/div>\n<blockquote><p><b>Auf und ab durch die Nachbarschaft<\/b><\/p><\/blockquote>\n<div><\/div>\n<div>Eine wundersch\u00f6n illustrierte Geschichte u\u0308ber das allt\u00e4gliche Leben in einem Wohnhaus, das die Nachbarschaft hochleben l\u00e4sst und Vielfalt zeigt. Verspielt, humorvoll, detailreich illustriert begeistert das Buch mit wenig Text sowohl kleine als auch gro\u00dfe Leser*innen.&nbsp;<\/div>\n<div><\/div>\n<blockquote><p><b>Detailreiche Illustrationen mit Wimmelbuchelementen<\/b><\/p><\/blockquote>\n<div><\/div>\n","protected":false},"featured_media":68004,"template":"","meta":{"_acf_changed":false},"product_brand":[],"product_cat":[2994,2753,2993,2772],"product_tag":[3037,3035,3036,3032,3034,3031,3033],"class_list":{"0":"post-67965","1":"product","2":"type-product","3":"status-publish","4":"has-post-thumbnail","6":"product_cat-creating-neighbourhood","7":"product_cat-kinderbuch","8":"product_cat-translation","9":"product_cat-vorlesegeschichten","10":"product_tag-aufzug","11":"product_tag-italien","12":"product_tag-italienisch","13":"product_tag-leben","14":"product_tag-nachbarschaft","15":"product_tag-wohnhaus","16":"product_tag-zusammenwohnen","17":"autor-cristina-petit-chiara-ficarelli","18":"edition-orac","20":"first","21":"instock","22":"taxable","23":"shipping-taxable","24":"purchasable","25":"product-type-simple"},"acf":[],"_links":{"self":[{"href":"https:\/\/www.achseverlag.com\/en\/wp-json\/wp\/v2\/product\/67965","targetHints":{"allow":["GET"]}}],"collection":[{"href":"https:\/\/www.achseverlag.com\/en\/wp-json\/wp\/v2\/product"}],"about":[{"href":"https:\/\/www.achseverlag.com\/en\/wp-json\/wp\/v2\/types\/product"}],"wp:featuredmedia":[{"embeddable":true,"href":"https:\/\/www.achseverlag.com\/en\/wp-json\/wp\/v2\/media\/68004"}],"wp:attachment":[{"href":"https:\/\/www.achseverlag.com\/en\/wp-json\/wp\/v2\/media?parent=67965"}],"wp:term":[{"taxonomy":"product_brand","embeddable":true,"href":"https:\/\/www.achseverlag.com\/en\/wp-json\/wp\/v2\/product_brand?post=67965"},{"taxonomy":"product_cat","embeddable":true,"href":"https:\/\/www.achseverlag.com\/en\/wp-json\/wp\/v2\/product_cat?post=67965"},{"taxonomy":"product_tag","embeddable":true,"href":"https:\/\/www.achseverlag.com\/en\/wp-json\/wp\/v2\/product_tag?post=67965"}],"curies":[{"name":"wp","href":"https:\/\/api.w.org\/{rel}","templated":true}]}}