{"id":67966,"date":"2025-08-27T06:02:02","date_gmt":"2025-08-27T06:02:02","guid":{"rendered":"https:\/\/www.achseverlag.com\/empty-product-container-2\/"},"modified":"2025-08-27T10:03:02","modified_gmt":"2025-08-27T08:03:02","slug":"minka-onkel-marco-das-pizzasossenbeet","status":"publish","type":"product","link":"https:\/\/www.achseverlag.com\/en\/minka-onkel-marco-das-pizzasossenbeet\/","title":{"rendered":"(Deutsch) Minka, Onkel Marco &#038; das Pizzaso\u00dfenbeet"},"content":{"rendered":"<p class=\"qtranxs-available-languages-message qtranxs-available-languages-message-en\">Sorry, this entry is only available in <a href=\"https:\/\/www.achseverlag.com\/de\/wp-json\/wp\/v2\/product\/67966\" class=\"qtranxs-available-language-link qtranxs-available-language-link-de\" title=\"Deutsch\">Deutsch<\/a>.<\/p><p><\/p>\n<div><b>ab 4 Jahren | Thema: Garten und Umwelt<\/b><\/div>\n<div>\u00dcbersetzt aus dem Ungarischen von Eva Zador.<\/div>\n<div><\/div>\n<div>Manchmal sind es die kleinen Schritte, die die gr\u00f6\u00dften Ver\u00e4nderungen bewirken \u2013 etwas, das Kinder wie Minka noch wissen, auch wenn Erwachsene es oft vergessen. Minka hat beschlossen, die Welt zu retten! Auf ihrer Suche nach einer L\u00f6sung entdeckt sie den umweltfreundlichen Garten von Onkel Marco, der voller Geheimnisse steckt und sie in eine faszinierende, neue Welt einf\u00fchrt.&nbsp;<\/div>\n<div><\/div>\n<div>\n<blockquote><p><b>MINKAS MISSION: WELT RETTEN!<\/b><\/p><\/blockquote>\n<\/div>\n<div><\/div>\n<div>Das Buch zeigt Biodiversit\u00e4t im Gemu\u0308segarten und bietet Kindern einfache Ideen, um die Welt ein Stu\u0308ckchen gru\u0308ner zu machen.<\/div>\n<div><\/div>\n<blockquote><p><b>Lebendig erz\u00e4hlte Geschichte mit kindlichem Tonfall<\/b><\/p><\/blockquote>\n<div><\/div>\n<div><\/div>\n<p><\/p>","protected":false},"excerpt":{"rendered":"<p class=\"qtranxs-available-languages-message qtranxs-available-languages-message-en\">Sorry, this entry is only available in <a href=\"https:\/\/www.achseverlag.com\/de\/wp-json\/wp\/v2\/product\/67966\" class=\"qtranxs-available-language-link qtranxs-available-language-link-de\" title=\"Deutsch\">Deutsch<\/a>.<\/p>\n<div><b>ab 4 Jahren | Thema: Garten und Umwelt<\/b><\/div>\n<div>\u00dcbersetzt aus dem Ungarischen von Eva Zador.<\/div>\n<div><\/div>\n<div>Manchmal sind es die kleinen Schritte, die die gr\u00f6\u00dften Ver\u00e4nderungen bewirken \u2013 etwas, das Kinder wie Minka noch wissen, auch wenn Erwachsene es oft vergessen. Minka hat beschlossen, die Welt zu retten! Auf ihrer Suche nach einer L\u00f6sung entdeckt sie den umweltfreundlichen Garten von Onkel Marco, der voller Geheimnisse steckt und sie in eine faszinierende, neue Welt einf\u00fchrt.&nbsp;<\/div>\n<div><\/div>\n<div>\n<blockquote><p><b>MINKAS MISSION: WELT RETTEN!<\/b><\/p><\/blockquote>\n<\/div>\n<div><\/div>\n<div>Das Buch zeigt Biodiversit\u00e4t im Gemu\u0308segarten und bietet Kindern einfache Ideen, um die Welt ein Stu\u0308ckchen gru\u0308ner zu machen.<\/div>\n<div><\/div>\n<blockquote><p><b>Lebendig erz\u00e4hlte Geschichte mit kindlichem Tonfall<\/b><\/p><\/blockquote>\n<div><\/div>\n<div><\/div>\n","protected":false},"featured_media":68003,"template":"","meta":{"_acf_changed":false},"product_brand":[],"product_cat":[2994,2753,2771,2993],"product_tag":[],"class_list":{"0":"post-67966","1":"product","2":"type-product","3":"status-publish","4":"has-post-thumbnail","6":"product_cat-creating-neighbourhood","7":"product_cat-kinderbuch","8":"product_cat-natur-tiere","9":"product_cat-translation","10":"autor-irisz-agocs","11":"edition-orac","13":"first","14":"instock","15":"taxable","16":"shipping-taxable","17":"purchasable","18":"product-type-simple"},"acf":[],"_links":{"self":[{"href":"https:\/\/www.achseverlag.com\/en\/wp-json\/wp\/v2\/product\/67966","targetHints":{"allow":["GET"]}}],"collection":[{"href":"https:\/\/www.achseverlag.com\/en\/wp-json\/wp\/v2\/product"}],"about":[{"href":"https:\/\/www.achseverlag.com\/en\/wp-json\/wp\/v2\/types\/product"}],"wp:featuredmedia":[{"embeddable":true,"href":"https:\/\/www.achseverlag.com\/en\/wp-json\/wp\/v2\/media\/68003"}],"wp:attachment":[{"href":"https:\/\/www.achseverlag.com\/en\/wp-json\/wp\/v2\/media?parent=67966"}],"wp:term":[{"taxonomy":"product_brand","embeddable":true,"href":"https:\/\/www.achseverlag.com\/en\/wp-json\/wp\/v2\/product_brand?post=67966"},{"taxonomy":"product_cat","embeddable":true,"href":"https:\/\/www.achseverlag.com\/en\/wp-json\/wp\/v2\/product_cat?post=67966"},{"taxonomy":"product_tag","embeddable":true,"href":"https:\/\/www.achseverlag.com\/en\/wp-json\/wp\/v2\/product_tag?post=67966"}],"curies":[{"name":"wp","href":"https:\/\/api.w.org\/{rel}","templated":true}]}}