{"id":68127,"date":"2026-03-09T10:20:07","date_gmt":"2026-03-09T10:20:07","guid":{"rendered":"https:\/\/www.achseverlag.com\/empty-product-container-2\/"},"modified":"2026-03-09T13:21:08","modified_gmt":"2026-03-09T12:21:08","slug":"robin-kennt-sich-aus","status":"publish","type":"product","link":"https:\/\/www.achseverlag.com\/en\/robin-kennt-sich-aus\/","title":{"rendered":"(Deutsch) Robin kennt sich aus"},"content":{"rendered":"<p class=\"qtranxs-available-languages-message qtranxs-available-languages-message-en\">Sorry, this entry is only available in <a href=\"https:\/\/www.achseverlag.com\/de\/wp-json\/wp\/v2\/product\/68127\" class=\"qtranxs-available-language-link qtranxs-available-language-link-de\" title=\"Deutsch\">Deutsch<\/a>.<\/p><p><\/p>\n<div><b>ab 4 Jahren | Thema: Menstruation und Familie<\/b><\/div>\n<div><\/div>\n<div>\n<div>Blut! Aus Mama! Robin ist zun\u00e4chst ganz sch\u00f6n erschrocken, als das Kind die blutende Mama auf der Toilette \u00fcberrascht. Doch Robin merkt schnell, dass die Menstruation keine lebensgef\u00e4hrliche Verletzung ist. Im Laufe des Buches erf\u00e4hrt Robin alles Wichtige rund um die Periode. Robins Eltern stehen geduldig Rede und Antwort und beantworten alle Fragen auf kindgerechte Weise.<\/div>\n<div><\/div>\n<div>Robin kennt sich aus ist DAS Periodenerkl\u00e4rbuch f\u00fcr Kinder und Eltern. Die Periode wird anschaulich, verst\u00e4ndlich und ohne Tabus erkl\u00e4rt. Die bekannten Sexualp\u00e4dagoginnen Cornelia Lindner und Mareike Brede haben dieses hilfreiche Vorlesebuch f\u00fcr Kinder ab 4 Jahren geschrieben und lassen damit Vorurteile und Periodenscham gar nicht entstehen \u2013 mit bunten Illustrationen von Verena Tschemernjak. Damit alle Kinder sagen k\u00f6nnen: Alles klar, ich kenn mich aus!<\/div>\n<\/div>\n<div><\/div>\n<div>\n<blockquote><p>Erfahrenes Sexualp\u00e4dagoginnen-Team<\/p><\/blockquote>\n<\/div>\n<div>\n<blockquote><p>Wichtiges Thema f\u00fcr die Kleinsten aufbereitet<\/p><\/blockquote>\n<\/div>\n<blockquote><p>Altersgerechte Sprache und Metaphern<\/p><\/blockquote>\n<p><\/p>","protected":false},"excerpt":{"rendered":"<p class=\"qtranxs-available-languages-message qtranxs-available-languages-message-en\">Sorry, this entry is only available in <a href=\"https:\/\/www.achseverlag.com\/de\/wp-json\/wp\/v2\/product\/68127\" class=\"qtranxs-available-language-link qtranxs-available-language-link-de\" title=\"Deutsch\">Deutsch<\/a>.<\/p>\n<div><b>ab 4 Jahren | Thema: Menstruation und Familie<\/b><\/div>\n<div><\/div>\n<div>\n<div>Blut! Aus Mama! Robin ist zun\u00e4chst ganz sch\u00f6n erschrocken, als das Kind die blutende Mama auf der Toilette \u00fcberrascht. Doch Robin merkt schnell, dass die Menstruation keine lebensgef\u00e4hrliche Verletzung ist. Im Laufe des Buches erf\u00e4hrt Robin alles Wichtige rund um die Periode. Robins Eltern stehen geduldig Rede und Antwort und beantworten alle Fragen auf kindgerechte Weise.<\/div>\n<div><\/div>\n<div>Robin kennt sich aus ist DAS Periodenerkl\u00e4rbuch f\u00fcr Kinder und Eltern. Die Periode wird anschaulich, verst\u00e4ndlich und ohne Tabus erkl\u00e4rt. Die bekannten Sexualp\u00e4dagoginnen Cornelia Lindner und Mareike Brede haben dieses hilfreiche Vorlesebuch f\u00fcr Kinder ab 4 Jahren geschrieben und lassen damit Vorurteile und Periodenscham gar nicht entstehen \u2013 mit bunten Illustrationen von Verena Tschemernjak. Damit alle Kinder sagen k\u00f6nnen: Alles klar, ich kenn mich aus!<\/div>\n<\/div>\n<div><\/div>\n<div>\n<blockquote><p>Erfahrenes Sexualp\u00e4dagoginnen-Team<\/p><\/blockquote>\n<\/div>\n<div>\n<blockquote><p>Wichtiges Thema f\u00fcr die Kleinsten aufbereitet<\/p><\/blockquote>\n<\/div>\n<blockquote><p>Altersgerechte Sprache und Metaphern<\/p><\/blockquote>\n","protected":false},"featured_media":68146,"template":"","meta":{"_acf_changed":false},"product_brand":[],"product_cat":[2753,2770],"product_tag":[3076,3077,3075],"class_list":{"0":"post-68127","1":"product","2":"type-product","3":"status-publish","4":"has-post-thumbnail","6":"product_cat-kinderbuch","7":"product_cat-koerper-aufklaerung","8":"product_tag-aufklaerung","9":"product_tag-menstruation","10":"product_tag-periode","11":"autor-cornelia-lindner-mareike-brede-verena-tschemernjak","13":"first","14":"instock","15":"taxable","16":"shipping-taxable","17":"purchasable","18":"product-type-simple"},"acf":[],"_links":{"self":[{"href":"https:\/\/www.achseverlag.com\/en\/wp-json\/wp\/v2\/product\/68127","targetHints":{"allow":["GET"]}}],"collection":[{"href":"https:\/\/www.achseverlag.com\/en\/wp-json\/wp\/v2\/product"}],"about":[{"href":"https:\/\/www.achseverlag.com\/en\/wp-json\/wp\/v2\/types\/product"}],"wp:featuredmedia":[{"embeddable":true,"href":"https:\/\/www.achseverlag.com\/en\/wp-json\/wp\/v2\/media\/68146"}],"wp:attachment":[{"href":"https:\/\/www.achseverlag.com\/en\/wp-json\/wp\/v2\/media?parent=68127"}],"wp:term":[{"taxonomy":"product_brand","embeddable":true,"href":"https:\/\/www.achseverlag.com\/en\/wp-json\/wp\/v2\/product_brand?post=68127"},{"taxonomy":"product_cat","embeddable":true,"href":"https:\/\/www.achseverlag.com\/en\/wp-json\/wp\/v2\/product_cat?post=68127"},{"taxonomy":"product_tag","embeddable":true,"href":"https:\/\/www.achseverlag.com\/en\/wp-json\/wp\/v2\/product_tag?post=68127"}],"curies":[{"name":"wp","href":"https:\/\/api.w.org\/{rel}","templated":true}]}}