{"id":68129,"date":"2026-02-24T09:49:30","date_gmt":"2026-02-24T09:49:30","guid":{"rendered":"https:\/\/www.achseverlag.com\/empty-product-container-2\/"},"modified":"2026-02-24T12:50:30","modified_gmt":"2026-02-24T11:50:30","slug":"schnuffel-und-hops","status":"publish","type":"product","link":"https:\/\/www.achseverlag.com\/en\/schnuffel-und-hops\/","title":{"rendered":"(Deutsch) Schnuffel und Hops"},"content":{"rendered":"<p class=\"qtranxs-available-languages-message qtranxs-available-languages-message-en\">Sorry, this entry is only available in <a href=\"https:\/\/www.achseverlag.com\/de\/wp-json\/wp\/v2\/product\/68129\" class=\"qtranxs-available-language-link qtranxs-available-language-link-de\" title=\"Deutsch\">Deutsch<\/a>.<\/p><p><\/p>\n<div><b>ab 3 Jahren | Thema: Papa-Kind-Beziehung, Empathie und Konfliktl\u00f6sung<\/b><\/div>\n<div>\u00dcbersetzt aus dem Slowenischen von Natalie Alexandra Zaleznik<\/div>\n<div><\/div>\n<div>\n<div>Dominik kommt niedergeschlagen aus dem Kindergarten und sein Papa merkt schnell, dass ihn etwas bedr\u00fcckt. Um ihm zu helfen, \u00fcberlegt er sich eine ganz besondere \u00dcberraschung: Zwei neue Tierfreunde, die er mit Licht und Schatten zum Leben erweckt! K\u00f6nnen Schnuffel und Hops daf\u00fcr sorgen, dass sich Dominik wieder besser f\u00fchlt?<\/div>\n<div><\/div>\n<div>Aufmerksame Gesten und ein gutes Gespr\u00e4ch lassen die gro\u00dfen Probleme des Kinderalltags wieder klein erscheinen. Ein Mutmachbuch f\u00fcr die Momente, wenn mal etwas schiefgeht oder man sich nicht gut f\u00fchlt.<\/div>\n<\/div>\n<div><\/div>\n<div>\n<blockquote><p>Farbenfrohe Buntstiftillustrationen<\/p><\/blockquote>\n<\/div>\n<div><\/div>\n<div>\n<blockquote><p>Empathische Vaterfigur mit Vorbildfunktion<\/p><\/blockquote>\n<\/div>\n<div><\/div>\n<blockquote><p>Geschichten mitten aus dem Kinderalltag<\/p><\/blockquote>\n<p><\/p>","protected":false},"excerpt":{"rendered":"<p class=\"qtranxs-available-languages-message qtranxs-available-languages-message-en\">Sorry, this entry is only available in <a href=\"https:\/\/www.achseverlag.com\/de\/wp-json\/wp\/v2\/product\/68129\" class=\"qtranxs-available-language-link qtranxs-available-language-link-de\" title=\"Deutsch\">Deutsch<\/a>.<\/p>\n<div><b>ab 3 Jahren | Thema: Papa-Kind-Beziehung, Empathie und Konfliktl\u00f6sung<\/b><\/div>\n<div>\u00dcbersetzt aus dem Slowenischen von Natalie Alexandra Zaleznik<\/div>\n<div><\/div>\n<div>\n<div>Dominik kommt niedergeschlagen aus dem Kindergarten und sein Papa merkt schnell, dass ihn etwas bedr\u00fcckt. Um ihm zu helfen, \u00fcberlegt er sich eine ganz besondere \u00dcberraschung: Zwei neue Tierfreunde, die er mit Licht und Schatten zum Leben erweckt! K\u00f6nnen Schnuffel und Hops daf\u00fcr sorgen, dass sich Dominik wieder besser f\u00fchlt?<\/div>\n<div><\/div>\n<div>Aufmerksame Gesten und ein gutes Gespr\u00e4ch lassen die gro\u00dfen Probleme des Kinderalltags wieder klein erscheinen. Ein Mutmachbuch f\u00fcr die Momente, wenn mal etwas schiefgeht oder man sich nicht gut f\u00fchlt.<\/div>\n<\/div>\n<div><\/div>\n<div>\n<blockquote><p>Farbenfrohe Buntstiftillustrationen<\/p><\/blockquote>\n<\/div>\n<div><\/div>\n<div>\n<blockquote><p>Empathische Vaterfigur mit Vorbildfunktion<\/p><\/blockquote>\n<\/div>\n<div><\/div>\n<blockquote><p>Geschichten mitten aus dem Kinderalltag<\/p><\/blockquote>\n","protected":false},"featured_media":68147,"template":"","meta":{"_acf_changed":false},"product_brand":[],"product_cat":[2994,2753,2772],"product_tag":[],"class_list":{"0":"post-68129","1":"product","2":"type-product","3":"status-publish","4":"has-post-thumbnail","6":"product_cat-creating-neighbourhood","7":"product_cat-kinderbuch","8":"product_cat-vorlesegeschichten","9":"autor-ziga-x-gombac-tanja-komadina","11":"first","12":"instock","13":"taxable","14":"shipping-taxable","15":"purchasable","16":"product-type-simple"},"acf":[],"_links":{"self":[{"href":"https:\/\/www.achseverlag.com\/en\/wp-json\/wp\/v2\/product\/68129","targetHints":{"allow":["GET"]}}],"collection":[{"href":"https:\/\/www.achseverlag.com\/en\/wp-json\/wp\/v2\/product"}],"about":[{"href":"https:\/\/www.achseverlag.com\/en\/wp-json\/wp\/v2\/types\/product"}],"wp:featuredmedia":[{"embeddable":true,"href":"https:\/\/www.achseverlag.com\/en\/wp-json\/wp\/v2\/media\/68147"}],"wp:attachment":[{"href":"https:\/\/www.achseverlag.com\/en\/wp-json\/wp\/v2\/media?parent=68129"}],"wp:term":[{"taxonomy":"product_brand","embeddable":true,"href":"https:\/\/www.achseverlag.com\/en\/wp-json\/wp\/v2\/product_brand?post=68129"},{"taxonomy":"product_cat","embeddable":true,"href":"https:\/\/www.achseverlag.com\/en\/wp-json\/wp\/v2\/product_cat?post=68129"},{"taxonomy":"product_tag","embeddable":true,"href":"https:\/\/www.achseverlag.com\/en\/wp-json\/wp\/v2\/product_tag?post=68129"}],"curies":[{"name":"wp","href":"https:\/\/api.w.org\/{rel}","templated":true}]}}