{"id":68272,"date":"2026-03-25T06:13:16","date_gmt":"2026-03-25T06:13:16","guid":{"rendered":"https:\/\/www.achseverlag.com\/empty-product-container-2\/"},"modified":"2026-03-25T09:14:16","modified_gmt":"2026-03-25T08:14:16","slug":"milchmomente","status":"publish","type":"product","link":"https:\/\/www.achseverlag.com\/en\/milchmomente\/","title":{"rendered":"(Deutsch) Milchmomente"},"content":{"rendered":"<p class=\"qtranxs-available-languages-message qtranxs-available-languages-message-en\">Sorry, this entry is only available in <a href=\"https:\/\/www.achseverlag.com\/de\/wp-json\/wp\/v2\/product\/68272\" class=\"qtranxs-available-language-link qtranxs-available-language-link-de\" title=\"Deutsch\">Deutsch<\/a>.<\/p><p><\/p>\n<div><b>ab 12 Monaten | Thema: Stillen, F\u00fcttern &amp; Abstillen<\/b><\/div>\n<div><\/div>\n<div>Alle Babys brauchen Milch, doch jede Familie geht dabei ihren ganz eigenen Weg. Dieses liebevoll gestaltete Pappbilderbuch zeigt Kindern vielf\u00e4ltige Still- und F\u00fcttersituationen aus dem Alltag \u2013 sensibel erz\u00e4hlt und warm illustriert. Auch die Themen Abstillen und Fl\u00e4schchenentw\u00f6hnung finden hier selbstverst\u00e4ndlich ihren Platz.&nbsp;<\/div>\n<div><\/div>\n<div>Ein neues, einf\u00fchlsames Buch des bew\u00e4hrten Duos Cornelia Lindner und Verena Tschemernjak, in dem sich Familien in all ihren Formen wiederfinden, auch abseits klassischer Rollenbilder.<\/div>\n<div><\/div>\n<div>\n<blockquote><p>Diverse Familiensituationen und Alltagsmomente<\/p><\/blockquote>\n<\/div>\n<div><\/div>\n<div>\n<blockquote><p>Bew\u00e4hrtes Team mit fachlichem Background<\/p><\/blockquote>\n<\/div>\n<div><\/div>\n<blockquote><p>Hilfreich beim Abstillen und Fl\u00e4schchenentw\u00f6hnen<\/p><\/blockquote>\n<p><\/p>","protected":false},"excerpt":{"rendered":"<p class=\"qtranxs-available-languages-message qtranxs-available-languages-message-en\">Sorry, this entry is only available in <a href=\"https:\/\/www.achseverlag.com\/de\/wp-json\/wp\/v2\/product\/68272\" class=\"qtranxs-available-language-link qtranxs-available-language-link-de\" title=\"Deutsch\">Deutsch<\/a>.<\/p>\n<div><b>ab 12 Monaten | Thema: Stillen, F\u00fcttern &amp; Abstillen<\/b><\/div>\n<div><\/div>\n<div>Alle Babys brauchen Milch, doch jede Familie geht dabei ihren ganz eigenen Weg. Dieses liebevoll gestaltete Pappbilderbuch zeigt Kindern vielf\u00e4ltige Still- und F\u00fcttersituationen aus dem Alltag \u2013 sensibel erz\u00e4hlt und warm illustriert. Auch die Themen Abstillen und Fl\u00e4schchenentw\u00f6hnung finden hier selbstverst\u00e4ndlich ihren Platz.&nbsp;<\/div>\n<div><\/div>\n<div>Ein neues, einf\u00fchlsames Buch des bew\u00e4hrten Duos Cornelia Lindner und Verena Tschemernjak, in dem sich Familien in all ihren Formen wiederfinden, auch abseits klassischer Rollenbilder.<\/div>\n<div><\/div>\n<div>\n<blockquote><p>Diverse Familiensituationen und Alltagsmomente<\/p><\/blockquote>\n<\/div>\n<div><\/div>\n<div>\n<blockquote><p>Bew\u00e4hrtes Team mit fachlichem Background<\/p><\/blockquote>\n<\/div>\n<div><\/div>\n<blockquote><p>Hilfreich beim Abstillen und Fl\u00e4schchenentw\u00f6hnen<\/p><\/blockquote>\n","protected":false},"featured_media":68337,"template":"","meta":{"_acf_changed":false},"product_brand":[],"product_cat":[2753,2770],"product_tag":[],"class_list":{"0":"post-68272","1":"product","2":"type-product","3":"status-publish","4":"has-post-thumbnail","6":"product_cat-kinderbuch","7":"product_cat-koerper-aufklaerung","8":"autor-cornelia-lindner-verena-tschemernjak","10":"first","11":"instock","12":"taxable","13":"shipping-taxable","14":"purchasable","15":"product-type-simple"},"acf":[],"_links":{"self":[{"href":"https:\/\/www.achseverlag.com\/en\/wp-json\/wp\/v2\/product\/68272","targetHints":{"allow":["GET"]}}],"collection":[{"href":"https:\/\/www.achseverlag.com\/en\/wp-json\/wp\/v2\/product"}],"about":[{"href":"https:\/\/www.achseverlag.com\/en\/wp-json\/wp\/v2\/types\/product"}],"wp:featuredmedia":[{"embeddable":true,"href":"https:\/\/www.achseverlag.com\/en\/wp-json\/wp\/v2\/media\/68337"}],"wp:attachment":[{"href":"https:\/\/www.achseverlag.com\/en\/wp-json\/wp\/v2\/media?parent=68272"}],"wp:term":[{"taxonomy":"product_brand","embeddable":true,"href":"https:\/\/www.achseverlag.com\/en\/wp-json\/wp\/v2\/product_brand?post=68272"},{"taxonomy":"product_cat","embeddable":true,"href":"https:\/\/www.achseverlag.com\/en\/wp-json\/wp\/v2\/product_cat?post=68272"},{"taxonomy":"product_tag","embeddable":true,"href":"https:\/\/www.achseverlag.com\/en\/wp-json\/wp\/v2\/product_tag?post=68272"}],"curies":[{"name":"wp","href":"https:\/\/api.w.org\/{rel}","templated":true}]}}