{"id":68277,"date":"2026-04-07T10:00:37","date_gmt":"2026-04-07T10:00:37","guid":{"rendered":"https:\/\/www.achseverlag.com\/empty-product-container-2\/"},"modified":"2026-04-07T14:01:37","modified_gmt":"2026-04-07T12:01:37","slug":"hamsterinvasion","status":"publish","type":"product","link":"https:\/\/www.achseverlag.com\/en\/hamsterinvasion\/","title":{"rendered":"(Deutsch) Hamsterinvasion"},"content":{"rendered":"<p class=\"qtranxs-available-languages-message qtranxs-available-languages-message-en\">Sorry, this entry is only available in <a href=\"https:\/\/www.achseverlag.com\/de\/wp-json\/wp\/v2\/product\/68277\" class=\"qtranxs-available-language-link qtranxs-available-language-link-de\" title=\"Deutsch\">Deutsch<\/a>.<\/p><p><\/p>\n<div><b>ab 4 Jahren | Thema: Haustier &amp; Spa\u00df<\/b><\/div>\n<div>\n<div>\u00dcbersetzt aus dem Italienischen von Andrea Grill.<\/div>\n<\/div>\n<div><\/div>\n<div>Was tun, wenn die Eltern kein Haustier erlauben? Die pfiffige Heldin dieses Bilderbuchs hat sofort eine Idee und kauft sich heimlich zwei Hamster. Damit die putzigen Tierchen sich heimisch f\u00fchlen, baut sie ihnen ein Haus, strickt ihnen Pullover und schenkt ihnen Sonnenbrillen. Die Hamster f\u00fchlen sich pudelwohl und beginnen, eine Familie zu gr\u00fcnden \u2013 der Beginn der Hamsterinvasion.&nbsp;<\/div>\n<div><\/div>\n<div>Fantasievoll und witzig portr\u00e4tiert Martina Tonello hier eine wilde Hamsterhorde und erz\u00e4hlt eine unterhaltsame Story rund um Haustiere, geheime Kindheitsw\u00fcnsche und aberwitzige Pl\u00e4ne.<\/div>\n<div><\/div>\n<div>\n<blockquote><p>Bunt, lustig &amp; wimmelig<\/p><\/blockquote>\n<\/div>\n<div><\/div>\n<div>\n<blockquote><p>Thema Haustiere einmal anders<\/p><\/blockquote>\n<\/div>\n<div><\/div>\n<blockquote><p>Mit einem Augenzwinkern erz\u00e4hlt<\/p><\/blockquote>\n<p><\/p>","protected":false},"excerpt":{"rendered":"<p class=\"qtranxs-available-languages-message qtranxs-available-languages-message-en\">Sorry, this entry is only available in <a href=\"https:\/\/www.achseverlag.com\/de\/wp-json\/wp\/v2\/product\/68277\" class=\"qtranxs-available-language-link qtranxs-available-language-link-de\" title=\"Deutsch\">Deutsch<\/a>.<\/p>\n<div><b>ab 4 Jahren | Thema: Haustier &amp; Spa\u00df<\/b><\/div>\n<div>\n<div>\u00dcbersetzt aus dem Italienischen von Andrea Grill.<\/div>\n<\/div>\n<div><\/div>\n<div>Was tun, wenn die Eltern kein Haustier erlauben? Die pfiffige Heldin dieses Bilderbuchs hat sofort eine Idee und kauft sich heimlich zwei Hamster. Damit die putzigen Tierchen sich heimisch f\u00fchlen, baut sie ihnen ein Haus, strickt ihnen Pullover und schenkt ihnen Sonnenbrillen. Die Hamster f\u00fchlen sich pudelwohl und beginnen, eine Familie zu gr\u00fcnden \u2013 der Beginn der Hamsterinvasion.&nbsp;<\/div>\n<div><\/div>\n<div>Fantasievoll und witzig portr\u00e4tiert Martina Tonello hier eine wilde Hamsterhorde und erz\u00e4hlt eine unterhaltsame Story rund um Haustiere, geheime Kindheitsw\u00fcnsche und aberwitzige Pl\u00e4ne.<\/div>\n<div><\/div>\n<div>\n<blockquote><p>Bunt, lustig &amp; wimmelig<\/p><\/blockquote>\n<\/div>\n<div><\/div>\n<div>\n<blockquote><p>Thema Haustiere einmal anders<\/p><\/blockquote>\n<\/div>\n<div><\/div>\n<blockquote><p>Mit einem Augenzwinkern erz\u00e4hlt<\/p><\/blockquote>\n","protected":false},"featured_media":68278,"template":"","meta":{"_acf_changed":false},"product_brand":[],"product_cat":[2753,2771,2772],"product_tag":[],"class_list":{"0":"post-68277","1":"product","2":"type-product","3":"status-publish","4":"has-post-thumbnail","6":"product_cat-kinderbuch","7":"product_cat-natur-tiere","8":"product_cat-vorlesegeschichten","9":"autor-martina-tonello-andrea-grill","11":"first","12":"instock","13":"taxable","14":"shipping-taxable","15":"purchasable","16":"product-type-simple"},"acf":[],"_links":{"self":[{"href":"https:\/\/www.achseverlag.com\/en\/wp-json\/wp\/v2\/product\/68277","targetHints":{"allow":["GET"]}}],"collection":[{"href":"https:\/\/www.achseverlag.com\/en\/wp-json\/wp\/v2\/product"}],"about":[{"href":"https:\/\/www.achseverlag.com\/en\/wp-json\/wp\/v2\/types\/product"}],"wp:featuredmedia":[{"embeddable":true,"href":"https:\/\/www.achseverlag.com\/en\/wp-json\/wp\/v2\/media\/68278"}],"wp:attachment":[{"href":"https:\/\/www.achseverlag.com\/en\/wp-json\/wp\/v2\/media?parent=68277"}],"wp:term":[{"taxonomy":"product_brand","embeddable":true,"href":"https:\/\/www.achseverlag.com\/en\/wp-json\/wp\/v2\/product_brand?post=68277"},{"taxonomy":"product_cat","embeddable":true,"href":"https:\/\/www.achseverlag.com\/en\/wp-json\/wp\/v2\/product_cat?post=68277"},{"taxonomy":"product_tag","embeddable":true,"href":"https:\/\/www.achseverlag.com\/en\/wp-json\/wp\/v2\/product_tag?post=68277"}],"curies":[{"name":"wp","href":"https:\/\/api.w.org\/{rel}","templated":true}]}}