{"id":68279,"date":"2026-03-06T12:29:02","date_gmt":"2026-03-06T12:29:02","guid":{"rendered":"https:\/\/www.achseverlag.com\/empty-product-container-2\/"},"modified":"2026-03-06T15:30:02","modified_gmt":"2026-03-06T14:30:02","slug":"wenn-ich-im-kindergarten-bin","status":"publish","type":"product","link":"https:\/\/www.achseverlag.com\/en\/wenn-ich-im-kindergarten-bin\/","title":{"rendered":"(Deutsch) Wenn ich im Kindergarten bin &#8230;"},"content":{"rendered":"<p class=\"qtranxs-available-languages-message qtranxs-available-languages-message-en\">Sorry, this entry is only available in <a href=\"https:\/\/www.achseverlag.com\/de\/wp-json\/wp\/v2\/product\/68279\" class=\"qtranxs-available-language-link qtranxs-available-language-link-de\" title=\"Deutsch\">Deutsch<\/a>.<\/p><p><\/p>\n<div><b>ab 3 Jahren | Thema: Familie und Alltag<\/b><\/div>\n<div>\u00dcbersetzt aus dem Ungarischen von Eva Zador.<\/div>\n<div><\/div>\n<div>Benni fragt sich, was passiert, w\u00e4hrend er im Kindergarten ist. Was machen Mama, Papa und die Katze den ganzen Tag lang? Kocht Papa wirklich in seinem Restaurant, w\u00e4hrend Benni Mittagsschlaf h\u00e4lt oder ist alles ganz anders?<\/div>\n<div><\/div>\n<div>In wunderbar kindgerechten Ton h\u00f6ren kleine Leser*innen den Tag aus Bennis Sicht und die au\u00dfergew\u00f6hnlichen Illustrationen von Fanni Sipos laden Familien zum gemeinsamen Nachdenken \u00fcber den Alltag ein. Ein ideales Buch f\u00fcr das erste Kindergartenjahr!&nbsp;<\/div>\n<div><\/div>\n<div>\n<blockquote>\n<div>\n<blockquote><p>Must-Have f\u00fcr Kindergartenkinder<\/p><\/blockquote>\n<\/div>\n<div><\/div>\n<div>\n<blockquote><p>Wertvolles Tool f\u00fcr Gespr\u00e4che zwischen Eltern &amp; Kindern<\/p><\/blockquote>\n<\/div>\n<div><\/div>\n<blockquote><p>Lustige Vorlesegeschichten um den Tag abzuschlie\u00dfen<\/p><\/blockquote>\n<\/blockquote>\n<\/div>\n<div><\/div>\n<p><\/p>","protected":false},"excerpt":{"rendered":"<p class=\"qtranxs-available-languages-message qtranxs-available-languages-message-en\">Sorry, this entry is only available in <a href=\"https:\/\/www.achseverlag.com\/de\/wp-json\/wp\/v2\/product\/68279\" class=\"qtranxs-available-language-link qtranxs-available-language-link-de\" title=\"Deutsch\">Deutsch<\/a>.<\/p>\n<div><b>ab 3 Jahren | Thema: Familie und Alltag<\/b><\/div>\n<div>\u00dcbersetzt aus dem Ungarischen von Eva Zador.<\/div>\n<div><\/div>\n<div>Benni fragt sich, was passiert, w\u00e4hrend er im Kindergarten ist. Was machen Mama, Papa und die Katze den ganzen Tag lang? Kocht Papa wirklich in seinem Restaurant, w\u00e4hrend Benni Mittagsschlaf h\u00e4lt oder ist alles ganz anders?<\/div>\n<div><\/div>\n<div>In wunderbar kindgerechten Ton h\u00f6ren kleine Leser*innen den Tag aus Bennis Sicht und die au\u00dfergew\u00f6hnlichen Illustrationen von Fanni Sipos laden Familien zum gemeinsamen Nachdenken \u00fcber den Alltag ein. Ein ideales Buch f\u00fcr das erste Kindergartenjahr!&nbsp;<\/div>\n<div><\/div>\n<div>\n<blockquote>\n<div>\n<blockquote><p>Must-Have f\u00fcr Kindergartenkinder<\/p><\/blockquote>\n<\/div>\n<div><\/div>\n<div>\n<blockquote><p>Wertvolles Tool f\u00fcr Gespr\u00e4che zwischen Eltern &amp; Kindern<\/p><\/blockquote>\n<\/div>\n<div><\/div>\n<blockquote><p>Lustige Vorlesegeschichten um den Tag abzuschlie\u00dfen<\/p><\/blockquote>\n<\/blockquote>\n<\/div>\n<div><\/div>\n","protected":false},"featured_media":68280,"template":"","meta":{"_acf_changed":false},"product_brand":[],"product_cat":[2753,2993,2772],"product_tag":[],"class_list":{"0":"post-68279","1":"product","2":"type-product","3":"status-publish","4":"has-post-thumbnail","6":"product_cat-kinderbuch","7":"product_cat-translation","8":"product_cat-vorlesegeschichten","9":"autor-emese-revesz-fanni-sipos-eva-zador","11":"first","12":"instock","13":"taxable","14":"shipping-taxable","15":"purchasable","16":"product-type-simple"},"acf":[],"_links":{"self":[{"href":"https:\/\/www.achseverlag.com\/en\/wp-json\/wp\/v2\/product\/68279","targetHints":{"allow":["GET"]}}],"collection":[{"href":"https:\/\/www.achseverlag.com\/en\/wp-json\/wp\/v2\/product"}],"about":[{"href":"https:\/\/www.achseverlag.com\/en\/wp-json\/wp\/v2\/types\/product"}],"wp:featuredmedia":[{"embeddable":true,"href":"https:\/\/www.achseverlag.com\/en\/wp-json\/wp\/v2\/media\/68280"}],"wp:attachment":[{"href":"https:\/\/www.achseverlag.com\/en\/wp-json\/wp\/v2\/media?parent=68279"}],"wp:term":[{"taxonomy":"product_brand","embeddable":true,"href":"https:\/\/www.achseverlag.com\/en\/wp-json\/wp\/v2\/product_brand?post=68279"},{"taxonomy":"product_cat","embeddable":true,"href":"https:\/\/www.achseverlag.com\/en\/wp-json\/wp\/v2\/product_cat?post=68279"},{"taxonomy":"product_tag","embeddable":true,"href":"https:\/\/www.achseverlag.com\/en\/wp-json\/wp\/v2\/product_tag?post=68279"}],"curies":[{"name":"wp","href":"https:\/\/api.w.org\/{rel}","templated":true}]}}