{"id":68370,"date":"2026-05-06T22:04:13","date_gmt":"2026-05-06T22:04:13","guid":{"rendered":"https:\/\/www.achseverlag.com\/empty-product-container-2\/"},"modified":"2026-05-07T02:05:17","modified_gmt":"2026-05-07T00:05:17","slug":"kapitaenin-toni","status":"publish","type":"product","link":"https:\/\/www.achseverlag.com\/en\/kapitaenin-toni\/","title":{"rendered":"(Deutsch) Kapit\u00e4nin Toni"},"content":{"rendered":"<p class=\"qtranxs-available-languages-message qtranxs-available-languages-message-en\">Sorry, this entry is only available in <a href=\"https:\/\/www.achseverlag.com\/de\/wp-json\/wp\/v2\/product\/68370\" class=\"qtranxs-available-language-link qtranxs-available-language-link-de\" title=\"Deutsch\">Deutsch<\/a>.<\/p><p><\/p>\n<div><b>ab 4 Jahren | Thema: Arztbesuch und Consent<\/b><\/div>\n<div><\/div>\n<div><\/p>\n<blockquote><p><b>Ein Buch, das in keiner Kinderarztpraxis fehlen sollte!<\/b><\/p><\/blockquote>\n<\/div>\n<div><\/div>\n<div>Toni hat einen Termin bei der Kinder\u00e4rztin \u2013 und vorher ist ihr ganz sch\u00f6n mulmig zumute. Also fasst sie einen Plan: Ihr Piratenkost\u00fcm und ihr Kuscheltier Landratte m\u00fcssen unbedingt mit!<br \/>Die \u00c4rztin l\u00e4sst sich auf Tonis Spiel ein und verwandelt die Untersuchungen in ein kleines Abenteuer. Das Praxisteam und Papa helfen mit, dass Tonis Sorgen ernst genommen werden, und nach und nach merkt sie: Ihre Gef\u00fchle z\u00e4hlen.&nbsp;<\/div>\n<div><\/div>\n<blockquote><p><b>Nimmt Kindern die Sorge vor dem Arztbesuch<\/b><\/p><\/blockquote>\n<div><\/div>\n<div>Das Buch ermutigt Kinder auch beim Arztbesuch, ihre eigenen Grenzen zu wahren. Originell inszeniert die bekannte Autorin Regina Feldmann Tonis Piratenabenteuer beim Kinderarzt, das von der wunderbaren K\u00fcnstlerin Sonja Stangl witzig und modern erz\u00e4hlt wird.<\/div>\n<div><\/div>\n<blockquote><p><b>Best\u00e4rkend und konsensorientiert<\/b><b><br \/><\/b><\/p><\/blockquote>\n<p><\/p>","protected":false},"excerpt":{"rendered":"<p class=\"qtranxs-available-languages-message qtranxs-available-languages-message-en\">Sorry, this entry is only available in <a href=\"https:\/\/www.achseverlag.com\/de\/wp-json\/wp\/v2\/product\/68370\" class=\"qtranxs-available-language-link qtranxs-available-language-link-de\" title=\"Deutsch\">Deutsch<\/a>.<\/p>\n<div><b>ab 4 Jahren | Thema: Arztbesuch und Consent<\/b><\/div>\n<div><\/div>\n<div><\/p>\n<blockquote><p><b>Ein Buch, das in keiner Kinderarztpraxis fehlen sollte!<\/b><\/p><\/blockquote>\n<\/div>\n<div><\/div>\n<div>Toni hat einen Termin bei der Kinder\u00e4rztin \u2013 und vorher ist ihr ganz sch\u00f6n mulmig zumute. Also fasst sie einen Plan: Ihr Piratenkost\u00fcm und ihr Kuscheltier Landratte m\u00fcssen unbedingt mit!<br \/>Die \u00c4rztin l\u00e4sst sich auf Tonis Spiel ein und verwandelt die Untersuchungen in ein kleines Abenteuer. Das Praxisteam und Papa helfen mit, dass Tonis Sorgen ernst genommen werden, und nach und nach merkt sie: Ihre Gef\u00fchle z\u00e4hlen.&nbsp;<\/div>\n<div><\/div>\n<blockquote><p><b>Nimmt Kindern die Sorge vor dem Arztbesuch<\/b><\/p><\/blockquote>\n<div><\/div>\n<div>Das Buch ermutigt Kinder auch beim Arztbesuch, ihre eigenen Grenzen zu wahren. Originell inszeniert die bekannte Autorin Regina Feldmann Tonis Piratenabenteuer beim Kinderarzt, das von der wunderbaren K\u00fcnstlerin Sonja Stangl witzig und modern erz\u00e4hlt wird.<\/div>\n<div><\/div>\n<blockquote><p><b>Best\u00e4rkend und konsensorientiert<\/b><b><br \/><\/b><\/p><\/blockquote>\n","protected":false},"featured_media":68371,"template":"","meta":{"_acf_changed":false},"product_brand":[],"product_cat":[2753,2772],"product_tag":[],"class_list":{"0":"post-68370","1":"product","2":"type-product","3":"status-publish","4":"has-post-thumbnail","6":"product_cat-kinderbuch","7":"product_cat-vorlesegeschichten","8":"autor-regina-feldmann-sonja-stangl","10":"first","11":"instock","12":"taxable","13":"shipping-taxable","14":"purchasable","15":"product-type-simple"},"acf":[],"_links":{"self":[{"href":"https:\/\/www.achseverlag.com\/en\/wp-json\/wp\/v2\/product\/68370","targetHints":{"allow":["GET"]}}],"collection":[{"href":"https:\/\/www.achseverlag.com\/en\/wp-json\/wp\/v2\/product"}],"about":[{"href":"https:\/\/www.achseverlag.com\/en\/wp-json\/wp\/v2\/types\/product"}],"wp:featuredmedia":[{"embeddable":true,"href":"https:\/\/www.achseverlag.com\/en\/wp-json\/wp\/v2\/media\/68371"}],"wp:attachment":[{"href":"https:\/\/www.achseverlag.com\/en\/wp-json\/wp\/v2\/media?parent=68370"}],"wp:term":[{"taxonomy":"product_brand","embeddable":true,"href":"https:\/\/www.achseverlag.com\/en\/wp-json\/wp\/v2\/product_brand?post=68370"},{"taxonomy":"product_cat","embeddable":true,"href":"https:\/\/www.achseverlag.com\/en\/wp-json\/wp\/v2\/product_cat?post=68370"},{"taxonomy":"product_tag","embeddable":true,"href":"https:\/\/www.achseverlag.com\/en\/wp-json\/wp\/v2\/product_tag?post=68370"}],"curies":[{"name":"wp","href":"https:\/\/api.w.org\/{rel}","templated":true}]}}