{"id":68373,"date":"2026-05-06T22:04:17","date_gmt":"2026-05-06T22:04:17","guid":{"rendered":"https:\/\/www.achseverlag.com\/empty-product-container-2\/"},"modified":"2026-05-07T02:05:17","modified_gmt":"2026-05-07T00:05:17","slug":"von-fenster-zu-fenster","status":"publish","type":"product","link":"https:\/\/www.achseverlag.com\/en\/von-fenster-zu-fenster\/","title":{"rendered":"(Deutsch) Von Fenster zu Fenster"},"content":{"rendered":"<p class=\"qtranxs-available-languages-message qtranxs-available-languages-message-en\">Sorry, this entry is only available in <a href=\"https:\/\/www.achseverlag.com\/de\/wp-json\/wp\/v2\/product\/68373\" class=\"qtranxs-available-language-link qtranxs-available-language-link-de\" title=\"Deutsch\">Deutsch<\/a>.<\/p><p><\/p>\n<div><b>ab 4 Jahren | Thema: Vielfalt &amp; Wohnen<\/b><\/div>\n<div><\/div>\n<blockquote><p><b>Hinter jedem Fenster wartet eine neue Welt!<\/b><\/p><\/blockquote>\n<div>Alari sitzt zu Hause und langweilt sich. Zum Gl\u00fcck gibt es ihre Tante Malou, eine Reporterin, die sie einl\u00e4dt, f\u00fcr einen Tag Assistentin zu spielen. Schnell sind Kamera und Notizblock eingepackt \u2013 und schon geht es los! Gemeinsam ziehen sie durch die Stadt, spazieren von einem Fenster zum n\u00e4chsten und betreten dabei kleine, wunderbare Welten hinter den Scheiben. Alari trifft auf verschiedenste Menschen, und St\u00fcck f\u00fcr St\u00fcck merkt sie, dass das Leben selbst die zauberhaftesten Geschichten schreibt, wenn man nur genau hinschaut.<\/div>\n<div><\/div>\n<div>\n<blockquote><p><b>Kreativer Einblick in K\u00fcchen, Ateliers und Kinderzimmer<\/b><\/p><\/blockquote>\n<p>Malou Gahleitner inszeniert auf ihrem Instagram-Account @wiewienwohnt die verschiedensten Wohnungen f\u00fcr ihre mehr als 90.000 Follower*innen. Gemeinsam mit Ni\u00f1a Lerch \u00f6ffnet sie diese Wohnwelten erstmals auch f\u00fcr Kinder.<\/div>\n<div><b><br \/><\/b><\/div>\n<blockquote><p><b>Poetischer Spaziergang durch die Stadt<\/b><\/p><\/blockquote>\n<div><b><\/p>\n<p><\/b><\/div>\n<p><\/p>","protected":false},"excerpt":{"rendered":"<p class=\"qtranxs-available-languages-message qtranxs-available-languages-message-en\">Sorry, this entry is only available in <a href=\"https:\/\/www.achseverlag.com\/de\/wp-json\/wp\/v2\/product\/68373\" class=\"qtranxs-available-language-link qtranxs-available-language-link-de\" title=\"Deutsch\">Deutsch<\/a>.<\/p>\n<div><b>ab 4 Jahren | Thema: Vielfalt &amp; Wohnen<\/b><\/div>\n<div><\/div>\n<blockquote><p><b>Hinter jedem Fenster wartet eine neue Welt!<\/b><\/p><\/blockquote>\n<div>Alari sitzt zu Hause und langweilt sich. Zum Gl\u00fcck gibt es ihre Tante Malou, eine Reporterin, die sie einl\u00e4dt, f\u00fcr einen Tag Assistentin zu spielen. Schnell sind Kamera und Notizblock eingepackt \u2013 und schon geht es los! Gemeinsam ziehen sie durch die Stadt, spazieren von einem Fenster zum n\u00e4chsten und betreten dabei kleine, wunderbare Welten hinter den Scheiben. Alari trifft auf verschiedenste Menschen, und St\u00fcck f\u00fcr St\u00fcck merkt sie, dass das Leben selbst die zauberhaftesten Geschichten schreibt, wenn man nur genau hinschaut.<\/div>\n<div><\/div>\n<div>\n<blockquote><p><b>Kreativer Einblick in K\u00fcchen, Ateliers und Kinderzimmer<\/b><\/p><\/blockquote>\n<p>Malou Gahleitner inszeniert auf ihrem Instagram-Account @wiewienwohnt die verschiedensten Wohnungen f\u00fcr ihre mehr als 90.000 Follower*innen. Gemeinsam mit Ni\u00f1a Lerch \u00f6ffnet sie diese Wohnwelten erstmals auch f\u00fcr Kinder.<\/div>\n<div><b><br \/><\/b><\/div>\n<blockquote><p><b>Poetischer Spaziergang durch die Stadt<\/b><\/p><\/blockquote>\n<div><b><\/p>\n<p><\/b><\/div>\n","protected":false},"featured_media":68374,"template":"","meta":{"_acf_changed":false},"product_brand":[],"product_cat":[2753,2772],"product_tag":[],"class_list":{"0":"post-68373","1":"product","2":"type-product","3":"status-publish","4":"has-post-thumbnail","6":"product_cat-kinderbuch","7":"product_cat-vorlesegeschichten","8":"autor-malou-gahleitner-nina-lilli-lerch","10":"first","11":"instock","12":"taxable","13":"shipping-taxable","14":"purchasable","15":"product-type-simple"},"acf":[],"_links":{"self":[{"href":"https:\/\/www.achseverlag.com\/en\/wp-json\/wp\/v2\/product\/68373","targetHints":{"allow":["GET"]}}],"collection":[{"href":"https:\/\/www.achseverlag.com\/en\/wp-json\/wp\/v2\/product"}],"about":[{"href":"https:\/\/www.achseverlag.com\/en\/wp-json\/wp\/v2\/types\/product"}],"wp:featuredmedia":[{"embeddable":true,"href":"https:\/\/www.achseverlag.com\/en\/wp-json\/wp\/v2\/media\/68374"}],"wp:attachment":[{"href":"https:\/\/www.achseverlag.com\/en\/wp-json\/wp\/v2\/media?parent=68373"}],"wp:term":[{"taxonomy":"product_brand","embeddable":true,"href":"https:\/\/www.achseverlag.com\/en\/wp-json\/wp\/v2\/product_brand?post=68373"},{"taxonomy":"product_cat","embeddable":true,"href":"https:\/\/www.achseverlag.com\/en\/wp-json\/wp\/v2\/product_cat?post=68373"},{"taxonomy":"product_tag","embeddable":true,"href":"https:\/\/www.achseverlag.com\/en\/wp-json\/wp\/v2\/product_tag?post=68373"}],"curies":[{"name":"wp","href":"https:\/\/api.w.org\/{rel}","templated":true}]}}