{"id":68376,"date":"2026-05-06T22:04:17","date_gmt":"2026-05-06T22:04:17","guid":{"rendered":"https:\/\/www.achseverlag.com\/empty-product-container-2\/"},"modified":"2026-05-07T02:05:17","modified_gmt":"2026-05-07T00:05:17","slug":"spaeter-wenn-ich","status":"publish","type":"product","link":"https:\/\/www.achseverlag.com\/en\/spaeter-wenn-ich\/","title":{"rendered":"(Deutsch) Sp\u00e4ter wenn ich &#8230;"},"content":{"rendered":"<p class=\"qtranxs-available-languages-message qtranxs-available-languages-message-en\">Sorry, this entry is only available in <a href=\"https:\/\/www.achseverlag.com\/de\/wp-json\/wp\/v2\/product\/68376\" class=\"qtranxs-available-language-link qtranxs-available-language-link-de\" title=\"Deutsch\">Deutsch<\/a>.<\/p><p><\/p>\n<div><b>ab 5 Jahren | Thema: Zukunft &amp; Lebensw\u00fcnsche<\/b><\/div>\n<div><\/div>\n<h3><b>&#8220;Was m\u00f6chtest du sp\u00e4ter mal werden?&#8221;<\/b><\/h3>\n<div><\/div>\n<div>Eine Frage, die Kinder st\u00e4ndig h\u00f6ren. Doch statt klischeehaften Rollenbildern versammelt dieses Buch die verschiedensten Zukunftstr\u00e4ume von 16 Kindern.&nbsp;<\/div>\n<div><\/div>\n<blockquote><p><b>Lebensnah und authentisch<\/b><\/p><\/blockquote>\n<div><\/div>\n<div>Teresa Mossbauer und Le\u00f3n Schellhaas haben sich von echten Kinderstimmen inspirieren lassen und in gemeinsamen Schulworkshops W\u00fcnsche und Ideen gesammelt. Daraus sind kleine Geschichten entstanden, in denen die Kinder selbst ihre Zukunft gestalten: eine Wohnung im Zoo, ein offenes Ohr f\u00fcr alle oder die wildesten Erfindungen. Denn Fantasie und die Welt von morgen lassen sich nicht in Schubladen stecken!<\/div>\n<div><\/div>\n<div>\n<blockquote><p><b>Perfekt f\u00fcr Gespr\u00e4che in Schule, Kindergarten und zu Hause<\/b><\/p><\/blockquote>\n<\/div>\n<p><\/p>","protected":false},"excerpt":{"rendered":"<p class=\"qtranxs-available-languages-message qtranxs-available-languages-message-en\">Sorry, this entry is only available in <a href=\"https:\/\/www.achseverlag.com\/de\/wp-json\/wp\/v2\/product\/68376\" class=\"qtranxs-available-language-link qtranxs-available-language-link-de\" title=\"Deutsch\">Deutsch<\/a>.<\/p>\n<div><b>ab 5 Jahren | Thema: Zukunft &amp; Lebensw\u00fcnsche<\/b><\/div>\n<div><\/div>\n<h3><b>&#8220;Was m\u00f6chtest du sp\u00e4ter mal werden?&#8221;<\/b><\/h3>\n<div><\/div>\n<div>Eine Frage, die Kinder st\u00e4ndig h\u00f6ren. Doch statt klischeehaften Rollenbildern versammelt dieses Buch die verschiedensten Zukunftstr\u00e4ume von 16 Kindern.&nbsp;<\/div>\n<div><\/div>\n<blockquote><p><b>Lebensnah und authentisch<\/b><\/p><\/blockquote>\n<div><\/div>\n<div>Teresa Mossbauer und Le\u00f3n Schellhaas haben sich von echten Kinderstimmen inspirieren lassen und in gemeinsamen Schulworkshops W\u00fcnsche und Ideen gesammelt. Daraus sind kleine Geschichten entstanden, in denen die Kinder selbst ihre Zukunft gestalten: eine Wohnung im Zoo, ein offenes Ohr f\u00fcr alle oder die wildesten Erfindungen. Denn Fantasie und die Welt von morgen lassen sich nicht in Schubladen stecken!<\/div>\n<div><\/div>\n<div>\n<blockquote><p><b>Perfekt f\u00fcr Gespr\u00e4che in Schule, Kindergarten und zu Hause<\/b><\/p><\/blockquote>\n<\/div>\n","protected":false},"featured_media":68378,"template":"","meta":{"_acf_changed":false},"product_brand":[],"product_cat":[2753,2772],"product_tag":[],"class_list":{"0":"post-68376","1":"product","2":"type-product","3":"status-publish","4":"has-post-thumbnail","6":"product_cat-kinderbuch","7":"product_cat-vorlesegeschichten","8":"autor-teresa-mossbauer-leon-schellhaas-anna-lena-gutwenger","10":"first","11":"instock","12":"taxable","13":"shipping-taxable","14":"purchasable","15":"product-type-simple"},"acf":[],"_links":{"self":[{"href":"https:\/\/www.achseverlag.com\/en\/wp-json\/wp\/v2\/product\/68376","targetHints":{"allow":["GET"]}}],"collection":[{"href":"https:\/\/www.achseverlag.com\/en\/wp-json\/wp\/v2\/product"}],"about":[{"href":"https:\/\/www.achseverlag.com\/en\/wp-json\/wp\/v2\/types\/product"}],"wp:featuredmedia":[{"embeddable":true,"href":"https:\/\/www.achseverlag.com\/en\/wp-json\/wp\/v2\/media\/68378"}],"wp:attachment":[{"href":"https:\/\/www.achseverlag.com\/en\/wp-json\/wp\/v2\/media?parent=68376"}],"wp:term":[{"taxonomy":"product_brand","embeddable":true,"href":"https:\/\/www.achseverlag.com\/en\/wp-json\/wp\/v2\/product_brand?post=68376"},{"taxonomy":"product_cat","embeddable":true,"href":"https:\/\/www.achseverlag.com\/en\/wp-json\/wp\/v2\/product_cat?post=68376"},{"taxonomy":"product_tag","embeddable":true,"href":"https:\/\/www.achseverlag.com\/en\/wp-json\/wp\/v2\/product_tag?post=68376"}],"curies":[{"name":"wp","href":"https:\/\/api.w.org\/{rel}","templated":true}]}}