{"id":68379,"date":"2026-05-06T22:04:17","date_gmt":"2026-05-06T22:04:17","guid":{"rendered":"https:\/\/www.achseverlag.com\/empty-product-container-2\/"},"modified":"2026-05-07T02:05:17","modified_gmt":"2026-05-07T00:05:17","slug":"chaos-im-park","status":"publish","type":"product","link":"https:\/\/www.achseverlag.com\/en\/chaos-im-park\/","title":{"rendered":"(Deutsch) Chaos im Park"},"content":{"rendered":"<p class=\"qtranxs-available-languages-message qtranxs-available-languages-message-en\">Sorry, this entry is only available in <a href=\"https:\/\/www.achseverlag.com\/de\/wp-json\/wp\/v2\/product\/68379\" class=\"qtranxs-available-language-link qtranxs-available-language-link-de\" title=\"Deutsch\">Deutsch<\/a>.<\/p><p><\/p>\n<div><b>ab 4 Jahren | Thema: Umwelt &amp; Detektive<\/b><\/div>\n<div>Aus dem Lettischen von Lil Reif.<\/div>\n<div><\/div>\n<div>Tatort Urzeithausen \u2013 Wer l\u00f6st den Fall?&nbsp;<\/div>\n<div>Im kleinen St\u00e4dtchen Urzeithausen wurde der Neue Park verw\u00fcstet \u2013 <br \/>ein Job f\u00fcr das Detektivduo Dina und Ziggy! Dina, ein ordnungsliebendes <br \/>Triceratops-M\u00e4dchen, und Ziggy, ein vertr\u00e4umter Einhorn-Junge mit gro\u00dfem Appetit, folgen den ersten Spuren und sto\u00dfen auf eine riesige Libellenmama und ihre wilde Kinderschar. Sind sie die \u00dcbelt\u00e4ter? Schnell merken Dina und Ziggy jedoch: Das Chaos im Park ist nur die Spitze des Eisbergs. Ein spannender und humorvoller Fall f\u00fcr die Urzeitdetektive,&nbsp; der kleine Leserinnen und Leser spielerisch f\u00fcr Natur- und Artenschutz begeistert.<\/div>\n<div><\/div>\n<blockquote><p><b>Ob Dino oder Einhorn: f\u00fcr alle was dabei!<\/p>\n<p><\/b><b>Begeistert spielerisch f\u00fcr Natur- und Artenschutz<\/p>\n<p>International mehrfach preisgekr\u00f6nt<\/b><\/p><\/blockquote>\n<div><\/div>\n<div><\/div>\n<p><\/p>","protected":false},"excerpt":{"rendered":"<p class=\"qtranxs-available-languages-message qtranxs-available-languages-message-en\">Sorry, this entry is only available in <a href=\"https:\/\/www.achseverlag.com\/de\/wp-json\/wp\/v2\/product\/68379\" class=\"qtranxs-available-language-link qtranxs-available-language-link-de\" title=\"Deutsch\">Deutsch<\/a>.<\/p>\n<div><b>ab 4 Jahren | Thema: Umwelt &amp; Detektive<\/b><\/div>\n<div>Aus dem Lettischen von Lil Reif.<\/div>\n<div><\/div>\n<div>Tatort Urzeithausen \u2013 Wer l\u00f6st den Fall?&nbsp;<\/div>\n<div>Im kleinen St\u00e4dtchen Urzeithausen wurde der Neue Park verw\u00fcstet \u2013 <br \/>ein Job f\u00fcr das Detektivduo Dina und Ziggy! Dina, ein ordnungsliebendes <br \/>Triceratops-M\u00e4dchen, und Ziggy, ein vertr\u00e4umter Einhorn-Junge mit gro\u00dfem Appetit, folgen den ersten Spuren und sto\u00dfen auf eine riesige Libellenmama und ihre wilde Kinderschar. Sind sie die \u00dcbelt\u00e4ter? Schnell merken Dina und Ziggy jedoch: Das Chaos im Park ist nur die Spitze des Eisbergs. Ein spannender und humorvoller Fall f\u00fcr die Urzeitdetektive,&nbsp; der kleine Leserinnen und Leser spielerisch f\u00fcr Natur- und Artenschutz begeistert.<\/div>\n<div><\/div>\n<blockquote><p><b>Ob Dino oder Einhorn: f\u00fcr alle was dabei!<\/p>\n<p><\/b><b>Begeistert spielerisch f\u00fcr Natur- und Artenschutz<\/p>\n<p>International mehrfach preisgekr\u00f6nt<\/b><\/p><\/blockquote>\n<div><\/div>\n<div><\/div>\n","protected":false},"featured_media":68380,"template":"","meta":{"_acf_changed":false},"product_brand":[],"product_cat":[2753,2772],"product_tag":[],"class_list":{"0":"post-68379","1":"product","2":"type-product","3":"status-publish","4":"has-post-thumbnail","6":"product_cat-kinderbuch","7":"product_cat-vorlesegeschichten","8":"autor-dace-kreslina-lil-reif","10":"first","11":"instock","12":"taxable","13":"shipping-taxable","14":"purchasable","15":"product-type-simple"},"acf":[],"_links":{"self":[{"href":"https:\/\/www.achseverlag.com\/en\/wp-json\/wp\/v2\/product\/68379","targetHints":{"allow":["GET"]}}],"collection":[{"href":"https:\/\/www.achseverlag.com\/en\/wp-json\/wp\/v2\/product"}],"about":[{"href":"https:\/\/www.achseverlag.com\/en\/wp-json\/wp\/v2\/types\/product"}],"wp:featuredmedia":[{"embeddable":true,"href":"https:\/\/www.achseverlag.com\/en\/wp-json\/wp\/v2\/media\/68380"}],"wp:attachment":[{"href":"https:\/\/www.achseverlag.com\/en\/wp-json\/wp\/v2\/media?parent=68379"}],"wp:term":[{"taxonomy":"product_brand","embeddable":true,"href":"https:\/\/www.achseverlag.com\/en\/wp-json\/wp\/v2\/product_brand?post=68379"},{"taxonomy":"product_cat","embeddable":true,"href":"https:\/\/www.achseverlag.com\/en\/wp-json\/wp\/v2\/product_cat?post=68379"},{"taxonomy":"product_tag","embeddable":true,"href":"https:\/\/www.achseverlag.com\/en\/wp-json\/wp\/v2\/product_tag?post=68379"}],"curies":[{"name":"wp","href":"https:\/\/api.w.org\/{rel}","templated":true}]}}